{"id":102110,"date":"2023-04-28T10:48:50","date_gmt":"2023-04-28T08:48:50","guid":{"rendered":"https:\/\/neocarbone.com\/?page_id=102110"},"modified":"2023-04-28T10:50:06","modified_gmt":"2023-04-28T08:50:06","slug":"podaci-o-poslovnom-subjektu-neocarbon-d-o-o","status":"publish","type":"page","link":"https:\/\/neocarbone.com\/de\/podaci-o-poslovnom-subjektu-neocarbon-d-o-o\/","title":{"rendered":"INFORMATIONEN \u00dcBER DAS GESCH\u00c4FTSUNTERNEHMEN NEOCARBON doo"},"content":{"rendered":"<p><\/p>\n\n\n\n<p><strong>Unternehmen:<\/strong> NEO CARBON doo f\u00fcr den Handel<\/p>\n\n\n\n<p>NEO CARBON doo<\/p>\n\n\n\n<p><strong>OIB:<\/strong> 89500555483<\/p>\n\n\n\n<p><strong>Hauptquartier:<\/strong> Cetinska Stra\u00dfe 15, Solin (Stadt Solin)<\/p>\n\n\n\n<p><strong>E-Mail-Addresse:<\/strong> stephan@neocarbone.com<\/p>\n\n\n\n<p><strong>Bevollm\u00e4chtigter Vertreter:<\/strong> STEPHANE CHRISTOPHE MACCHI, OIB: 75262111436<\/p>\n\n\n\n<p>Vorstandsmitglied - Direktor, vertritt die Gesellschaft unabh\u00e4ngig und einzeln<\/p>\n\n\n\n<p><strong>Eintragungsgericht im Gerichtsregister:<\/strong> Handelsgericht in Split \/ Nummer \/ Tt-20\/10525-1<\/p>\n\n\n\n<p>MBS: 89500555483<\/p>\n\n\n\n<p>EUID: HRSR.060399932<\/p>\n\n\n\n<p><strong>H\u00f6he des Stammkapitals der Gesellschaft:<\/strong> 20.000,00 HRK \/ 2.654,46 EUR (fester Umrechnungskurs 7,53450)<\/p>\n\n\n\n<p>Stammkapital vollst\u00e4ndig in bar eingezahlt<\/p>\n\n\n\n<p><strong>Firma und Sitz der juristischen Personen, bei denen das Gesch\u00e4ftskonto gef\u00fchrt wird:<\/strong><\/p>\n\n\n\n<p>Privredna banka Zagreb dd, Radni\u010dka cesta 50, 10000 Zagreb, OIB: 02535697732<\/p>\n\n\n\n<p>Konto bei Privredna banka Zagreb dd \u2013 IBAN: HR8223400091110988156<\/p>\n\n\n\n<p>SWIFT: PBZGHR2X<\/p>","protected":false},"excerpt":{"rendered":"<p>Tvrtka: NEO CARBON d.o.o. za trgovinu NEO CARBON d.o.o. OIB: 89500555483 Sjedi\u0161te: Cetinska ulica 15, Solin (Grad Solin) Adresa elektroni\u010dke po\u0161te: stephan@neocarbone.com Osobe ovla\u0161tene za zastupanje: STEPHANE CHRISTOPHE MACCHI, &nbsp;OIB: 75262111436 \u010dlan uprave \u2013 direktor, zastupa Dru\u0161tvo samostalno i pojedina\u010dno Sud upisa u sudski registar: Trgova\u010dki sud u Splitu \/ broj \/ Tt-20\/10525-1 MBS: &nbsp;89500555483 [&hellip;]<\/p>\n","protected":false},"author":1,"featured_media":0,"parent":0,"menu_order":0,"comment_status":"closed","ping_status":"closed","template":"","meta":{"_et_pb_use_builder":"off","_et_pb_old_content":"","_et_gb_content_width":"","footnotes":""},"class_list":["post-102110","page","type-page","status-publish","hentry"],"_links":{"self":[{"href":"https:\/\/neocarbone.com\/de\/wp-json\/wp\/v2\/pages\/102110","targetHints":{"allow":["GET"]}}],"collection":[{"href":"https:\/\/neocarbone.com\/de\/wp-json\/wp\/v2\/pages"}],"about":[{"href":"https:\/\/neocarbone.com\/de\/wp-json\/wp\/v2\/types\/page"}],"author":[{"embeddable":true,"href":"https:\/\/neocarbone.com\/de\/wp-json\/wp\/v2\/users\/1"}],"replies":[{"embeddable":true,"href":"https:\/\/neocarbone.com\/de\/wp-json\/wp\/v2\/comments?post=102110"}],"version-history":[{"count":0,"href":"https:\/\/neocarbone.com\/de\/wp-json\/wp\/v2\/pages\/102110\/revisions"}],"wp:attachment":[{"href":"https:\/\/neocarbone.com\/de\/wp-json\/wp\/v2\/media?parent=102110"}],"curies":[{"name":"wp","href":"https:\/\/api.w.org\/{rel}","templated":true}]}}