{"id":102116,"date":"2023-04-28T10:54:35","date_gmt":"2023-04-28T08:54:35","guid":{"rendered":"https:\/\/neocarbone.com\/?page_id=102116"},"modified":"2023-04-28T10:55:16","modified_gmt":"2023-04-28T08:55:16","slug":"opci-uvjeti-poslovanja","status":"publish","type":"page","link":"https:\/\/neocarbone.com\/de\/opci-uvjeti-poslovanja\/","title":{"rendered":"Allgemeine Gesch\u00e4ftsbedingungen"},"content":{"rendered":"<strong>ALLGEMEINE GESCH\u00c4FTSBEDINGUNGEN<\/strong>\n<strong>ALLGEMEINE BESTIMMUNGEN<\/strong>\n\n<!-- \/wp:post-content --><!-- wp:paragraph -->\n\nDas Unternehmen NEO CARBON doo bietet einen Online-Dienst \u00fcber das World Wide Web (Internet) an, d. h. die Bereitstellung von Informationsdiensten und Content-Management \u00fcber seine Website auf der Domain <a href=\"https:\/\/neocarbone.com\/de\/\">https:\/\/neocarbone.com<\/a>\n\n<!-- \/wp:paragraph --><!-- wp:paragraph -->\n\nDie Nutzungsbedingungen legen die Bedingungen und Regeln f\u00fcr Endnutzer fest und beziehen sich auf die Nutzung der Website <a href=\"https:\/\/neocarbone.com\/de\/\">https:\/\/neocarbone.com<\/a>\n\n<!-- \/wp:paragraph --><!-- wp:paragraph -->\n\nDurch die Nutzung der Website erkl\u00e4ren sich Endnutzer mit diesen Allgemeinen Gesch\u00e4ftsbedingungen einverstanden und stimmen der Nutzung der Website zu. <a href=\"https:\/\/neocarbone.com\/de\/\">https:\/\/neocarbone.com<\/a> und in \u00dcbereinstimmung mit ihnen. Das Recht zur Nutzung der Website ist ein pers\u00f6nliches Recht des Endnutzers und kann in keiner Weise auf andere nat\u00fcrliche oder juristische Personen \u00fcbertragen werden, noch ist ein Nutzer berechtigt, andere nat\u00fcrliche oder juristische Personen zu registrieren. Der Endbenutzer ist pers\u00f6nlich f\u00fcr die Wahrung der Vertraulichkeit von Passw\u00f6rtern verantwortlich, sofern diese als solche bestehen. Der Endbenutzer ist sich der Tatsache bewusst, dass es manchmal zu Dienstunterbrechungen oder Ereignissen kommt, die au\u00dferhalb der Kontrolle von NEO CARBON doo liegen, und akzeptiert, dass NEO CARBON doo nicht f\u00fcr Datenverluste verantwortlich ist, die bei der \u00dcbertragung von Informationen im Internet auftreten k\u00f6nnen. Der Endbenutzer stimmt zu und akzeptiert, dass der Zugriff auf die Website manchmal unterbrochen, vor\u00fcbergehend nicht verf\u00fcgbar oder deaktiviert sein kann.\n\n<!-- \/wp:paragraph --><!-- wp:paragraph -->\n\nDas Unternehmen NEO CARBON doo beh\u00e4lt sich das Recht vor, jeden Gesch\u00e4ftsbereich jederzeit zu \u00e4ndern oder zu beenden, insbesondere den Inhalt, die Zeit der Verf\u00fcgbarkeit sowie die f\u00fcr den Zugriff oder die Nutzung der Seiten erforderliche Ausr\u00fcstung. Dar\u00fcber hinaus kann das Unternehmen NEO CARBON doo die \u00dcbermittlung von Informationen jeglicher Art oder jeglicher Art von Informationen einstellen, jede Art der Daten\u00fcbertragung \u00e4ndern oder beenden und die Geschwindigkeit der Daten\u00fcbertragung sowie alle anderen Eigenschaften \u00e4ndern.\n\n<!-- \/wp:paragraph --><!-- wp:paragraph -->\n\nDurch die Nutzung dieser Internetseiten best\u00e4tigt der Endnutzer, dass er die Allgemeinen Gesch\u00e4fts- und Nutzungsbedingungen zur Kenntnis genommen hat und mit ihnen einverstanden ist. Das Unternehmen NEO CARBON doo weist den Endbenutzer darauf hin: Wenn Sie mit den hier aufgef\u00fchrten Nutzungsbedingungen und Regeln nicht einverstanden sind oder unter 16 Jahre alt sind, sehen Sie bitte von der Nutzung dieser Website ab.\n\n<!-- \/wp:paragraph --><!-- wp:paragraph -->\n\nDas Unternehmen NEO CARBON doo beh\u00e4lt sich das Recht vor, diese jederzeit und ohne vorherige Ank\u00fcndigung zu stornieren oder zu \u00e4ndern, wenn sie dies f\u00fcr erforderlich h\u00e4lt <em>Allgemeine Gesch\u00e4fts- und Nutzungsbedingungen bzw. Datenschutzerkl\u00e4rung<\/em>. Daher wird Endnutzern empfohlen, die in den Allgemeinen Gesch\u00e4fts- und Nutzungsbedingungen und der Datenschutzerkl\u00e4rung enthaltenen Informationen von Zeit zu Zeit erneut zu lesen, um \u00fcber solche \u00c4nderungen auf dem Laufenden zu bleiben. Die fortgesetzte Nutzung der Website auch nach der Ver\u00f6ffentlichung der neuen ge\u00e4nderten Allgemeinen Gesch\u00e4fts- und Nutzungsbedingungen bzw. der Datenschutzerkl\u00e4rung im Internet bedeutet, dass der Endnutzer die \u00c4nderungen akzeptiert.\n\n<!-- \/wp:paragraph --><!-- wp:paragraph -->\n\nDer Endbenutzer ist f\u00fcr die Anschaffung und Wartung seiner Computerausr\u00fcstung verantwortlich, einschlie\u00dflich aller Software und Hardware, die er besitzt und nutzt, sowie f\u00fcr andere Ger\u00e4te, die f\u00fcr den Zugriff auf und die Nutzung dieser Internetseiten erforderlich sind, und f\u00fcr alle damit verbundenen Kosten. Das Unternehmen NEO CARBON doo haftet nicht f\u00fcr Sch\u00e4den an der Ausr\u00fcstung des Endbenutzers, die durch die Nutzung dieser Websites entstehen k\u00f6nnen.\n\n<!-- \/wp:paragraph --><!-- wp:paragraph -->\n\nDiese Website ist in Privatbesitz. Jegliche gegenseitige Kommunikation und Interaktion, die \u00fcber diese Internetseiten stattfindet, muss im Einklang mit diesen Allgemeinen Gesch\u00e4fts- und Nutzungsbedingungen erfolgen. Endbenutzer d\u00fcrfen \u00fcber diese Website kein Material ver\u00f6ffentlichen oder \u00fcbertragen, das die Rechte anderer bedroht oder in irgendeiner Weise verletzt, kein Material, das seiner Natur nach illegal, bedrohlich, beleidigend, verleumderisch ist, die Privatsph\u00e4re verletzt oder gef\u00e4hrdet, das vulg\u00e4r ist, obsz\u00f6n oder in einer angemessenen Kommunikation auf andere Weise unerw\u00fcnscht sind, illegale Aktivit\u00e4ten f\u00f6rdern oder auf andere Weise gegen Vorschriften versto\u00dfen und ohne die ausdr\u00fcckliche, vorherige und schriftliche Genehmigung von NEO CARBON doo Werbung oder Angebote f\u00fcr Produkte und Dienstleistungen enthalten. Der Endbenutzer darf diese Website nicht zur Werbung oder Durchf\u00fchrung kommerzieller, religi\u00f6ser, politischer oder nichtkommerzieller Werbung nutzen.\n\n<!-- \/wp:paragraph --><!-- wp:paragraph -->\n\nAlle Materialien finden Sie auf <a href=\"https:\/\/neocarbone.com\/de\/\">https:\/\/neocarbone.com<\/a> Die Website unterliegt dem ausschlie\u00dflichen Recht der Firma NEO CARBON doo oder wird mit ausdr\u00fccklicher Genehmigung des Urheberrechtsinhabers und des Inhabers von Marken- und\/oder Designrechten genutzt. JEGLICHES KOPIEREN, VERBREITEN, \u00dcBERTRAGEN, VER\u00d6FFENTLICHEN, VERLINKEN, DEEP LINKEN ODER ANDERE \u00c4NDERUNGEN DIESER INTERNETSEITEN OHNE DIE AUSDR\u00dcCKLICHE SCHRIFTLICHE GENEHMIGUNG DES UNTERNEHMENS NEO CARBON DOO IST STRENGSTENS UNTERSAGT! Ein Versto\u00df gegen die Allgemeinen Gesch\u00e4fts- und Nutzungsbedingungen kann zur Einleitung eines Gerichtsverfahrens und\/oder zu einer strafrechtlichen Verfolgung des T\u00e4ters wegen der Verletzung von Urheberrechten, Markenrechten oder Rechten anderer Formen geistigen Eigentums f\u00fchren.\n\n<!-- \/wp:paragraph --><!-- wp:paragraph -->\n\nDie Website enth\u00e4lt Materialien, die durch Urheberrechte, Marken, Design und andere Informationen gesch\u00fctzt sind, die durch andere Rechte nat\u00fcrlicher oder juristischer Personen abgedeckt sind, einschlie\u00dflich, aber nicht beschr\u00e4nkt auf Texte, Software, Fotos, Videomaterialien, Grafiken, Musik, Ton sowie der gesamte Inhalt von Internetseiten <a href=\"https:\/\/neocarbone.com\/de\/\">https:\/\/neocarbone.com<\/a> und in \u00dcbereinstimmung mit den Vorschriften der Republik Kroatien. Der Endnutzer ist nicht berechtigt, Inhalte ganz oder teilweise zu ver\u00e4ndern, zu ver\u00f6ffentlichen, zu \u00fcbertragen, sich an der \u00dcbertragung oder dem Verkauf zu beteiligen, Ableitungen zu erstellen oder sie in irgendeiner Weise zu verwerten. Der Endbenutzer darf die urheberrechtlich gesch\u00fctzten Materialien nur f\u00fcr den eigenen Gebrauch herunterladen, ausdrucken und speichern. Das Kopieren, Weiterverbreiten, Weiterverbreiten, Ver\u00f6ffentlichen oder kommerzielle Verwerten des heruntergeladenen Materials ist ohne die ausdr\u00fcckliche schriftliche Genehmigung von NEO CARBON doo und dem Urheberrechtsinhaber nicht gestattet.\n\n<!-- \/wp:paragraph --><!-- wp:paragraph -->\n\nOhne die ausdr\u00fcckliche Genehmigung des Inhabers dieser Rechte darf der Endbenutzer auf dieser Website kein Material posten, ver\u00f6ffentlichen oder anderweitig zur Verf\u00fcgung stellen, das dem Urheberrecht, dem Warenzeichen oder anderen Rechten des geistigen Eigentums unterliegt. Das Unternehmen NEO CARBON doo ist nicht verpflichtet, den Endbenutzer zu informieren oder ihm bei der Feststellung zu helfen, ob ein Material dem Urheberrecht unterliegt. F\u00fcr Sch\u00e4den, die aus Urheberrechtsverletzungen, dem Missbrauch von Marken und anderen geistigen Eigentumsrechten oder Problemen im Zusammenhang mit der Ver\u00f6ffentlichung solcher Materialien entstehen k\u00f6nnen, ist ausschlie\u00dflich der Endnutzer verantwortlich. Durch das Platzieren von Materialien auf einem \u00f6ffentlich zug\u00e4nglichen Teil dieser Website erkl\u00e4rt der Endnutzer, dass er Inhaber der Rechte an diesen Materialien ist und dass er der Firma NEO CARBON doo ausdr\u00fccklich eine zeitlich und r\u00e4umlich unbegrenzte, kostenlose, dauerhafte, unwiderrufliche Nichtnutzung gew\u00e4hrt -Ausschlie\u00dfliches Recht und Lizenz zur Nutzung, Vervielf\u00e4ltigung, \u00c4nderung, Anpassung, Ver\u00f6ffentlichung, \u00dcbersetzung und Verbreitung dieses Materials (ganz oder teilweise). Der Endbenutzer gew\u00e4hrt auch anderen Endbenutzern das Recht, auf dieses Material f\u00fcr den eigenen Gebrauch zuzugreifen, es anzuzeigen, zu speichern oder zu reproduzieren. Der Endbenutzer gew\u00e4hrt NEO CARBON doo hiermit das Recht, jegliches Material, das der Endbenutzer auf der Website zur Verf\u00fcgung stellt, zu \u00e4ndern, zu kopieren, zu ver\u00f6ffentlichen und zu verbreiten. <a href=\"https:\/\/neocarbone.com\/de\/\">https:\/\/neocarbone.com<\/a>\n\n<!-- \/wp:paragraph --><!-- wp:paragraph -->\n\nDer Endnutzer stimmt der Nutzung der Internetseite ausdr\u00fccklich zu <a href=\"https:\/\/neocarbone.com\/de\/\">https:\/\/neocarbone.com<\/a> liegt ausschlie\u00dflich in der Verantwortung des Endbenutzers, daher \u00fcbernimmt die Firma NEO CARBON doo keine Garantie\n\n<!-- \/wp:paragraph --><!-- wp:list {\"ordered\":true,\"type\":\"a\"} -->\n<ol type=\"a\">\n \t<li>F\u00dcR DIE FOLGEN, DIE SICH AUS DER NUTZUNG DIESER WEBSITE ERGEBEN K\u00d6NNEN, ODER<\/li>\n \t<li>F\u00dcR DIE RICHTIGKEIT, ZUVERL\u00c4SSIGKEIT ODER DEN INHALT DER \u00dcBER DIESE WEBSITE BEREITGESTELLTEN INFORMATIONEN, DIENSTLEISTUNGEN ODER WAREN.<\/li>\n<\/ol>\n<!-- \/wp:list --><!-- wp:paragraph -->\n\nDie Verantwortung des Endbenutzers bezieht sich auf alle Sch\u00e4den oder m\u00f6glichen Verletzungen, die durch Fehler, Auslassungen, Unterbrechungen, L\u00f6schungen, Fehlfunktionen, Betriebs- oder \u00dcbertragungsverz\u00f6gerungen, Computerviren, Unterbrechungen der Kommunikationsleitung, Diebstahl, Zerst\u00f6rung oder unbefugten Zugriff oder \u00c4nderungen verursacht werden oder Missbrauch von Aufzeichnungen, Vertragsk\u00fcndigung, unangemessenes Verhalten, Fahrl\u00e4ssigkeit oder andere Handlungen. Der Endnutzer best\u00e4tigt ausdr\u00fccklich, dass das Unternehmen NEO CARBON doo nicht f\u00fcr das beleidigende, unangemessene oder rechtswidrige Verhalten des Endnutzers oder Dritter verantwortlich ist und dass das Risiko von Sch\u00e4den, die sich daraus ergeben k\u00f6nnen, vollst\u00e4ndig beim Endnutzer liegt .\n\n<!-- \/wp:paragraph --><!-- wp:paragraph -->\n\nIn keinem Fall haftet das Unternehmen NEO CARBON doo f\u00fcr Sch\u00e4den, die durch die Nutzung oder Unm\u00f6glichkeit der Nutzung dieser Website entstehen. Der Endnutzer best\u00e4tigt ausdr\u00fccklich, dass die Bestimmungen dieses Kapitels f\u00fcr den gesamten Inhalt der Website gelten.\n\n<!-- \/wp:paragraph --><!-- wp:paragraph -->\n\nZus\u00e4tzlich zu den oben genannten Bedingungen \u00fcbernimmt das Unternehmen NEO CARBON doo unabh\u00e4ngig von der Ursache oder Dauer keine Verantwortung f\u00fcr etwaige Fehler, Ungenauigkeiten oder andere M\u00e4ngel, Unangemessenheit oder Unoriginalit\u00e4t der auf dieser Website enthaltenen Informationen sowie f\u00fcr etwaige Verz\u00f6gerung oder Unterbrechung bei der \u00dcbermittlung von Informationen an den Endbenutzer, f\u00fcr etwaige Anspr\u00fcche oder Verluste, die sich daraus ergeben. NEO CARBON doo haftet nicht f\u00fcr Anspr\u00fcche oder Verluste Dritter, einschlie\u00dflich entgangener Gewinne.\n\n<!-- \/wp:paragraph --><!-- wp:paragraph -->\n\nDas Unternehmen NEO CARBON doo ist nicht verantwortlich f\u00fcr Inhalte, die ein Benutzer, Abonnent oder unbefugter Benutzer auf der Website ver\u00f6ffentlicht. Das Unternehmen NEO CARBON doo beh\u00e4lt sich das Recht vor, Inhalte, die es f\u00fcr unangemessen h\u00e4lt, zu \u00e4ndern, anzupassen, zu modifizieren, zu l\u00f6schen oder zu entfernen.\n\n<!-- \/wp:paragraph --><!-- wp:paragraph -->\n\nDer Endnutzer best\u00e4tigt, dass alle Diskussionen, Bewertungen, Kommentare und privaten Nachrichten auf der Website ver\u00f6ffentlicht werden <a href=\"https:\/\/neocarbone.com\/de\/\">https:\/\/neocarbone.com<\/a> und Seiten sozialer Netzwerke, die \u00f6ffentlicher und nicht privater Natur sind, und dass daher Mitarbeiter der Firma NEO CARBON doo die beschriebene Kommunikation von Endbenutzern ohne deren Wissen und ausdr\u00fcckliche Erlaubnis \u00fcberwachen k\u00f6nnen.\n\n<!-- \/wp:paragraph --><!-- wp:paragraph -->\n\nDer Endnutzer verpflichtet sich, NEO CARBON doo von allen Schadensersatzanspr\u00fcchen und Kosten, einschlie\u00dflich der Kosten der Rechtsvertretung, freizustellen, die sich aus der Nutzung dieser Internetseiten durch den Endnutzer ergeben k\u00f6nnten, und \u00fcbernimmt keine Haftung f\u00fcr diese Anspr\u00fcche.\n\n<!-- \/wp:paragraph --><!-- wp:paragraph -->\n\nNEO CARBON doo kann die Gesch\u00e4ftsbeziehung mit jedem seiner Endkunden jederzeit beenden. NEO CARBON doo beh\u00e4lt sich das Recht vor, Passw\u00f6rter oder Benutzerkonten des Endbenutzers sofort zu l\u00f6schen, wenn ein Verhalten des Endbenutzers auftritt, das NEO CARBON doo nach eigenem Ermessen als inakzeptabel erachtet, sowie in jedem Fall der Nichteinhaltung mit den Allgemeinen Gesch\u00e4fts- und Nutzungsbedingungen durch den Endnutzer.\n\n<!-- \/wp:paragraph --><!-- wp:paragraph -->\n\nDer Nutzer kann seine Anfragen und Kommentare schriftlich, per Post oder E-Mail senden und NEO CARBON doo wird innerhalb der gesetzlichen Frist eine schriftliche Antwort per Post oder E-Mail senden.\n\n<!-- \/wp:paragraph --><!-- wp:paragraph -->\n\nNEO CARBON und Neo Carbone sind eine bildlich und m\u00fcndlich eingetragene Marke der Firma NEO CARBON doo bei autorisierten kroatischen und internationalen Beh\u00f6rden. Daher sind alle Rechte in Bezug auf diese Marke ausdr\u00fccklich vorbehalten.\n\n<!-- \/wp:paragraph --><!-- wp:paragraph -->\n\n<a href=\"https:\/\/neocarbone.com\/de\/\">https:\/\/neocarbone.com<\/a> ist die registrierte Domain von NEO CARBON doo\n\n<!-- \/wp:paragraph --><!-- wp:paragraph -->\n\nDas Unternehmen NEO CARBON doo ist ein Vertreiber (kein Herausgeber) von Inhalten, die von Dritten und Endbenutzern bereitgestellt werden. Das Unternehmen NEO CARBON doo \u00fcbernimmt keine Gew\u00e4hr f\u00fcr die Richtigkeit, Vollst\u00e4ndigkeit oder N\u00fctzlichkeit der Inhalte sowie f\u00fcr deren Verkaufsf\u00e4higkeit oder Eignung f\u00fcr einen bestimmten Zweck.\n\n<!-- \/wp:paragraph --><!-- wp:paragraph -->\n\nDas Unternehmen NEO CARBON doo ist nicht verantwortlich f\u00fcr die Richtigkeit oder Zuverl\u00e4ssigkeit von Meinungen, Ratschl\u00e4gen oder Aussagen, die auf ver\u00f6ffentlicht werden <a href=\"https:\/\/neocarbone.com\/de\/\">https:\/\/neocarbone.com<\/a> Website, von jeder Person, die keine autorisierte Person der Firma NEO CARBON doo ist. Unter keinen Umst\u00e4nden ist die Firma NEO CARBON doo f\u00fcr Verluste oder Sch\u00e4den verantwortlich, die dadurch entstehen, dass der Endbenutzer sich auf die \u00fcber sie erhaltenen Informationen verlassen hat <a href=\"https:\/\/neocarbone.com\/de\/\">https:\/\/neocarbone.com<\/a> Internetseiten. Es liegt in der alleinigen Verantwortung des Endbenutzers, die Richtigkeit, Vollst\u00e4ndigkeit oder N\u00fctzlichkeit aller \u00fcber ihn verf\u00fcgbaren Informationen, Meinungen, Meinungen, Ratschl\u00e4ge oder anderen Inhalte zu bewerten <a href=\"https:\/\/neocarbone.com\/de\/\">https:\/\/neocarbone.com<\/a> Internetseiten. Der Sitz von NEO CARBON doo befindet sich in Solin (Cetinska 15) in der Republik Kroatien. Rechtsstreitigkeiten, die sich aus der Nutzung dieser Internetseiten ergeben k\u00f6nnen (sofern in einem gesonderten Vertrag nichts anderes festgelegt ist), unterliegen der Zust\u00e4ndigkeit des Gerichts in Split und werden gem\u00e4\u00df den positiven Vorschriften der Republik Kroatien beigelegt. Durch die Nutzung dieser Internetseiten erkl\u00e4rt sich der Endbenutzer damit einverstanden, dass alle Streitigkeiten oder Anfragen, die sich aus oder im Zusammenhang mit diesen Allgemeinen Gesch\u00e4ftsbedingungen oder deren Umsetzung sowie den Gesch\u00e4ftsbeziehungen mit NEO CARBON doo ergeben, in die Zust\u00e4ndigkeit des Gerichts in Split fallen.\n\n<!-- \/wp:paragraph --><!-- wp:paragraph -->\n\nZum Endverbraucher z\u00e4hlen sowohl nat\u00fcrliche als auch juristische Personen sowie alle Personen, die Rechtspers\u00f6nlichkeit besitzen. Zum besseren Verst\u00e4ndnis ist darauf hinzuweisen, dass sich die Rechte aus dem Konsumentenschutzgesetz nach der Definition des Verbraucherschutzgesetzes nur auf den Verbraucher beziehen: \u201ejede nat\u00fcrliche Person, die ein Rechtsgesch\u00e4ft abschlie\u00dft oder auf einem fremden Markt t\u00e4tig wird.\u201c seiner gewerblichen, gesch\u00e4ftlichen, handwerklichen oder beruflichen T\u00e4tigkeit\u201c.\n\n<!-- \/wp:paragraph --><!-- wp:paragraph -->\n\nIm folgenden Text der Allgemeinen Gesch\u00e4ftsbedingungen wird aus Gr\u00fcnden der besseren Klarheit und des Verst\u00e4ndnisses des Textes der Begriff \u201eKunde\u201c anstelle des Begriffs \u201eEndbenutzer\u201c verwendet, wenn ein Kaufvertrag zwischen dem Endbenutzer und NEO CARBON doo abgeschlossen wurde , w\u00e4hrend f\u00fcr Empf\u00e4nger von Werbebotschaften und\/oder Newslettern von NEO CARBON doo der Begriff \u201eBenutzer\u201c verwendet wird. Aus dem gleichen Grund wird anstelle des Begriffs NEO CARBON doo auch der Begriff NEO CARBON oder Neo Carbone als Name des Internetshops oder der Website verwendet. NEO CARBON oder NEO CARBON doo in Gro\u00df- oder Kleinbuchstaben und Kombinationen davon gelten als dieselben Begriffe.","protected":false},"excerpt":{"rendered":"<p>OP\u0106I UVJETI POSLOVANJA OP\u0106E ODREDBE Tvrtka NEO CARBON d.o.o. pru\u017ea online uslugu putem World Wide Web mre\u017ee (Internet), odnosno pru\u017eanja informacijskih usluga i upravljanja sadr\u017eajem preko svoje internet stranice na domeni https:\/\/neocarbone.com Uvjeti kori\u0161tenja propisuju uvjete i pravila za krajnje korisnike i odnose se na kori\u0161tenje Internetske stranice https:\/\/neocarbone.com Kori\u0161tenjem Internetske stranice krajnji korisnici iskazuju [&hellip;]<\/p>\n","protected":false},"author":1,"featured_media":0,"parent":0,"menu_order":0,"comment_status":"closed","ping_status":"closed","template":"","meta":{"_et_pb_use_builder":"off","_et_pb_old_content":"","_et_gb_content_width":"","footnotes":""},"class_list":["post-102116","page","type-page","status-publish","hentry"],"_links":{"self":[{"href":"https:\/\/neocarbone.com\/de\/wp-json\/wp\/v2\/pages\/102116","targetHints":{"allow":["GET"]}}],"collection":[{"href":"https:\/\/neocarbone.com\/de\/wp-json\/wp\/v2\/pages"}],"about":[{"href":"https:\/\/neocarbone.com\/de\/wp-json\/wp\/v2\/types\/page"}],"author":[{"embeddable":true,"href":"https:\/\/neocarbone.com\/de\/wp-json\/wp\/v2\/users\/1"}],"replies":[{"embeddable":true,"href":"https:\/\/neocarbone.com\/de\/wp-json\/wp\/v2\/comments?post=102116"}],"version-history":[{"count":0,"href":"https:\/\/neocarbone.com\/de\/wp-json\/wp\/v2\/pages\/102116\/revisions"}],"wp:attachment":[{"href":"https:\/\/neocarbone.com\/de\/wp-json\/wp\/v2\/media?parent=102116"}],"curies":[{"name":"wp","href":"https:\/\/api.w.org\/{rel}","templated":true}]}}