{"id":102129,"date":"2023-04-28T11:14:49","date_gmt":"2023-04-28T09:14:49","guid":{"rendered":"https:\/\/neocarbone.com\/?page_id=102129"},"modified":"2023-04-28T11:15:10","modified_gmt":"2023-04-28T09:15:10","slug":"kako-naruciti-proizvode","status":"publish","type":"page","link":"https:\/\/neocarbone.com\/de\/kako-naruciti-proizvode\/","title":{"rendered":"So bestellen Sie Produkte"},"content":{"rendered":"<p><strong>So bestellen Sie Produkte auf <a href=\"https:\/\/neocarbone.com\/de\/\">https:\/\/neocarbone.com<\/a><\/strong><\/p>\n\n\n\n<p>Die Bestellung von Produkten in unserem Webshop dauert nur wenige Schritte.<br><br><\/p>\n\n\n\n<p><strong>Schritt 1 \u2013 Produktauswahl<\/strong><br>Im Shop w\u00e4hlen Sie das Produkt aus, das Sie bestellen m\u00f6chten.<\/p>\n\n\n\n<p>Klicken Sie anschlie\u00dfend auf \u201eIn den Warenkorb\u201c.<\/p>\n\n\n\n<p>Durch einen Klick auf den Warenkorb wird Ihr Warenkorb mit dem ausgew\u00e4hlten Produkt \u201eMein Warenkorb\u201c angezeigt.<\/p>\n\n\n\n<p>Wenn Sie weitere Produkte kaufen m\u00f6chten, klicken Sie auf das \u201eX\u201c in der oberen rechten Ecke und fahren Sie mit dem Einkauf fort, indem Sie das Produkt in Ihren Warenkorb legen.<\/p>\n\n\n\n<p>In der Warenkorb\u00fcbersicht k\u00f6nnen Sie die Menge der von Ihnen ausgew\u00e4hlten Produkte \u00e4ndern (mit \u201e+\u201c oder \u201e-\u201c), und falls Sie das ausgew\u00e4hlte Produkt nicht m\u00f6chten (Gr\u00f6\u00dfe, Modell usw.), k\u00f6nnen Sie es leeren Zum Warenkorb gelangen Sie, indem Sie auf das kleine \u201ex\u201c neben dem Produktnamen klicken.<\/p>\n\n\n\n<p><em>Option: Wenn Sie einen Rabattcode oder Coupon haben, geben Sie diesen in das Feld \u201eRabattcode eingeben\u201c ein und klicken Sie auf \u201eAnwenden\u201c. Wenn Sie keinen Rabattgutscheincode haben, lassen Sie das Feld \u201eRabattcode eingeben\u201c leer. Sie k\u00f6nnen den Code auch im n\u00e4chsten Schritt eingeben.<\/em><\/p>\n\n\n\n<p>Wenn Sie keine weiteren Produkte kaufen m\u00f6chten, gehen Sie einen Schritt weiter und klicken Sie auf \u201eJetzt zur Kasse gehen\u201c.<\/p>\n\n\n\n<p><strong>Schritt 2 \u2013 Bestell- und Zahlungsinformationen<\/strong><\/p>\n\n\n\n<p><em>Option: Wenn Sie einen Rabattgutschein haben, klicken Sie in das Feld \u201eHaben Sie einen Gutschein?\u201c&nbsp;<\/em><a href=\"https:\/\/medicotehna.hr\/checkout\/\"><em>Klicken Sie hier, um den Gutschein einzugeben<\/em><\/a><em>&quot;. Es \u00f6ffnet sich ein Feld zur Eingabe des Gutscheincodes, geben Sie den Gutscheincode ein und klicken Sie auf die Schaltfl\u00e4che \u201eGutschein anwenden\u201c. Wenn Sie keinen Gutscheincode f\u00fcr einen Rabatt haben, lassen Sie diese Felder leer.<\/em><\/p>\n\n\n\n<p>Geben Sie in allen daf\u00fcr vorgesehenen Feldern der linken Spalte die korrekten und notwendigen Daten f\u00fcr die Produktlieferung ein. Mit einem Sternchen (*) gekennzeichnete Felder sind Pflichtfelder und m\u00fcssen ausgef\u00fcllt werden.<\/p>\n\n\n\n<p>Wenn Sie bei einem Kauf eine R1-Rechnung ben\u00f6tigen, geben Sie die f\u00fcr die Ausstellung einer R1-Rechnung erforderlichen Informationen ein.<\/p>\n\n\n\n<p>Wenn Sie Ihrer Bestellung eine Notiz hinzuf\u00fcgen m\u00f6chten, k\u00f6nnen Sie Ihre Notiz im Feld \u201eZUS\u00c4TZLICHE INFORMATIONEN\u201c eingeben.<\/p>\n\n\n\n<p>In der rechten Spalte finden Sie Informationen zu den Produkten aus Ihrer Bestellung und Sie m\u00fcssen eine Zahlungsmethode ausw\u00e4hlen.<\/p>\n\n\n\n<p>W\u00e4hlen Sie die gew\u00fcnschte Zahlungsart und klicken Sie auf den Button \u201eBESTELLEN\u201c.<\/p>\n\n\n\n<p>Wenn Sie den Produktbestellvorgang erfolgreich abgeschlossen haben, \u00f6ffnet sich eine Datenseite mit den Details Ihrer Bestellung. Sie erhalten Informationen und einen Code zu Ihrer Bestellung an die von Ihnen eingegebene E-Mail. Speichern Sie diese E-Mail-Nachricht, bis Sie das Produkt und die Rechnung erhalten.<\/p>\n\n\n\n<p>Wenn Sie sich daf\u00fcr entschieden haben, \u00fcber Ihre Bank an unsere Bank zu zahlen, ist es notwendig, die Zahlung gem\u00e4\u00df den bereitgestellten Zahlungsinformationen durchzuf\u00fchren. Nach Erhalt der Zahlung senden wir das Produkt an Ihre Adresse, die Sie bei der Bestellung des Produkts angegeben haben.<\/p>\n\n\n\n<p>Wenn Sie \u201eZahlung per Nachnahme\u201c gew\u00e4hlt haben, versenden wir das Produkt an Ihre Adresse, die Sie bei der Bestellung des Produkts angegeben haben, und Sie bezahlen den Betrag in bar an den Lieferdienst zuz\u00fcglich Versandkosten.&nbsp;<\/p>\n\n\n\n<p>Wir hoffen, dass diese Anleitung f\u00fcr Sie hilfreich war und Sie Ihre Bestellung erfolgreich abgeschlossen haben. Wenn Sie weitere Fragen haben, k\u00f6nnen Sie sich gerne an uns wenden. Alternativ k\u00f6nnen Sie das Produkt auch telefonisch oder per E-Mail bestellen <a href=\"mailto:info@neocarbone.com\">info@neocarbone.com<\/a><\/p>","protected":false},"excerpt":{"rendered":"<p>Kako naru\u010diti proizvode na https:\/\/neocarbone.com Za narud\u017ebu proizvoda u na\u0161oj web trgovini potrebno je samo nekoliko koraka. 1. korak \u2013 Odabir proizvodaU trgovini odaberete proizvod koji \u017eelite naru\u010diti. Zatim kliknite na &#8220;Dodajte u ko\u0161aricu&#8221;. Klikom na ko\u0161aricu, prikazat \u0107e se va\u0161a ko\u0161arica s odabranim proizvodom \u201eMy cart\u201c. Ako \u017eelite nastaviti kupnju drugih proizvoda, kliknite na [&hellip;]<\/p>\n","protected":false},"author":1,"featured_media":0,"parent":0,"menu_order":0,"comment_status":"closed","ping_status":"closed","template":"","meta":{"_et_pb_use_builder":"off","_et_pb_old_content":"","_et_gb_content_width":"","footnotes":""},"class_list":["post-102129","page","type-page","status-publish","hentry"],"_links":{"self":[{"href":"https:\/\/neocarbone.com\/de\/wp-json\/wp\/v2\/pages\/102129","targetHints":{"allow":["GET"]}}],"collection":[{"href":"https:\/\/neocarbone.com\/de\/wp-json\/wp\/v2\/pages"}],"about":[{"href":"https:\/\/neocarbone.com\/de\/wp-json\/wp\/v2\/types\/page"}],"author":[{"embeddable":true,"href":"https:\/\/neocarbone.com\/de\/wp-json\/wp\/v2\/users\/1"}],"replies":[{"embeddable":true,"href":"https:\/\/neocarbone.com\/de\/wp-json\/wp\/v2\/comments?post=102129"}],"version-history":[{"count":0,"href":"https:\/\/neocarbone.com\/de\/wp-json\/wp\/v2\/pages\/102129\/revisions"}],"wp:attachment":[{"href":"https:\/\/neocarbone.com\/de\/wp-json\/wp\/v2\/media?parent=102129"}],"curies":[{"name":"wp","href":"https:\/\/api.w.org\/{rel}","templated":true}]}}