{"id":102131,"date":"2023-04-28T11:15:51","date_gmt":"2023-04-28T09:15:51","guid":{"rendered":"https:\/\/neocarbone.com\/?page_id=102131"},"modified":"2023-10-26T10:27:21","modified_gmt":"2023-10-26T08:27:21","slug":"narudzba-i-povrat-robe","status":"publish","type":"page","link":"https:\/\/neocarbone.com\/de\/narudzba-i-povrat-robe\/","title":{"rendered":"Bestellung und R\u00fccksendung der Ware"},"content":{"rendered":"<p><strong>Vertragsdauer und Vertragsbeendigung (einseitige Vertragsk\u00fcndigung durch den Kunden)<\/strong><\/p>\n\n\n\n<p>Der Vertrag, den der Kunde mit NEO CARBON doo \u00fcber den Kauf und Verkauf von Produkten und Dienstleistungen abschlie\u00dft, ist ein einmaliger Vertrag \u00fcber den Kauf und Verkauf von Produkten oder Dienstleistungen, der durch die Lieferung von Waren oder Dienstleistungen durch NEO CARBON und das Unternehmen zustande kommt Zahlung des Kunden, sofern diese nicht vorher gek\u00fcndigt wird. Diese Nutzungsbedingungen der Website und die Allgemeinen Gesch\u00e4ftsbedingungen sind integraler Bestandteil des Kaufvertrages zwischen NEO CARBON und dem Kunden.<\/p>\n\n\n\n<p>Gem\u00e4\u00df dem Verbraucherschutzgesetz ist der nat\u00fcrliche K\u00e4ufer berechtigt, den Vertrag einseitig und ohne Angabe von Gr\u00fcnden innerhalb von 14 Tagen ab dem Datum der Lieferung des Produkts, d. h. der Lieferung des letzten Produkts aus der Bestellung, zu k\u00fcndigen.<\/p>\n\n\n\n<p>Eine Ausnahme von dieser Erm\u00e4chtigung gilt f\u00fcr Produkte, f\u00fcr die Art. Das Recht zur einseitigen Vertragsk\u00fcndigung ist gem\u00e4\u00df \u00a7 79 KSchG ausgeschlossen, wor\u00fcber NEO CARBON Sie im Angebot des konkreten Produkts ausdr\u00fccklich hinweist. Wir empfehlen Ihnen, die Produktbeschreibung zu lesen, die sich durch Klicken auf das Produkt \u00f6ffnet.<\/p>\n\n\n\n<p><strong><a href=\"https:\/\/neocarbone.com\/wp-content\/uploads\/2023\/10\/Obavijest-o-jednostranom-raskidu-ugovora_neocarbon-2023.pdf\">Das Standard-Informationsformular zur einseitigen Vertragsbeendigung k\u00f6nnen Sie hier herunterladen<\/a>\u00a0<a rel=\"noreferrer noopener\" href=\"https:\/\/neocarbone.com\/wp-content\/uploads\/2023\/05\/Obavijest-o-jednostranom-raskidu-ugovora_neocarbon.pdf\" data-type=\"URL\" data-id=\"https:\/\/neocarbone.com\/wp-content\/uploads\/2021\/09\/Obavijest-o-jednostranom-raskidu-ugovora_NEO-CARBON.pdf\" target=\"_blank\">VERKN\u00dcPFUNG<\/a>.<\/strong><\/p>\n\n\n\n<hr class=\"wp-block-separator alignfull has-alpha-channel-opacity\"\/>\n\n\n\n<p><\/p>","protected":false},"excerpt":{"rendered":"<p>Trajanje i raskid ugovora (jednostrani raskid ugovora od strane kupca) Ugovor koji Kupac sklapa s NEO CARBON d.o.o. za kupoprodaju proizvoda i usluga je jednokratan ugovor o kupoprodaji proizvoda ili usluga koji je konzumiran isporukom robe ili usluge od strane NEO CARBON te izvr\u0161enim pla\u0107anjem od strane Kupca, u slu\u010daju da prethodno ne bude raskinut. [&hellip;]<\/p>\n","protected":false},"author":1,"featured_media":0,"parent":0,"menu_order":0,"comment_status":"closed","ping_status":"closed","template":"","meta":{"_et_pb_use_builder":"off","_et_pb_old_content":"<!-- wp:paragraph -->\n<p><strong>Trajanje i raskid ugovora (jednostrani raskid ugovora od strane kupca)<\/strong><\/p>\n<!-- \/wp:paragraph -->\n\n<!-- wp:paragraph -->\n<p>Ugovor koji Kupac sklapa s NEO CARBON d.o.o. za kupoprodaju proizvoda i usluga je jednokratan ugovor o kupoprodaji proizvoda ili usluga koji je konzumiran isporukom robe ili usluge od strane NEO CARBON te izvr\u0161enim pla\u0107anjem od strane Kupca, u slu\u010daju da prethodno ne bude raskinut. Ovi uvjeti kori\u0161tenja internetske stranice i Op\u0107i uvjeti poslovanja sastavni su dio Ugovora o kupoprodaji izme\u0111u NEO CARBON i Kupca.<\/p>\n<!-- \/wp:paragraph -->\n\n<!-- wp:paragraph -->\n<p>Sukladno Zakonu o za\u0161titi potro\u0161a\u010da fizi\u010dka osoba Kupac ovla\u0161tena je jednostrano raskinuti ugovor ne navode\u0107i razloge za to u roku od 14 dana od datuma isporuke proizvoda, odnosno isporuke zadnjeg proizvoda iz narud\u017ebe.<\/p>\n<!-- \/wp:paragraph -->\n\n<!-- wp:paragraph -->\n<p>Iznimka od ovog ovla\u0161tenja odnosi se na proizvode za koje \u010dl. 79. &nbsp;Zakona o za\u0161titi potro\u0161a\u010da isklju\u010duje pravo na jednostrani raskid ugovora o \u010demu \u0107e vas NEO CARBON posebno upozoriti u ponudi konkretnog proizvoda. Preporu\u010damo \u010ditati opis proizvoda koji se otvara klikom na proizvod.<\/p>\n<!-- \/wp:paragraph -->\n\n<!-- wp:paragraph -->\n<p><strong><a href=\"https:\/\/neocarbone.com\/wp-content\/uploads\/2023\/05\/Obavijest-o-jednostranom-raskidu-ugovora_neocarbon.pdf\" target=\"_blank\" rel=\"noreferrer noopener\">Standardni informacijski obrazac za jednostrani raskid ugovora mo\u017eete preuzeti na ovom<\/a><\/strong>\u00a0<a rel=\"noreferrer noopener\" href=\"https:\/\/neocarbone.com\/wp-content\/uploads\/2023\/05\/Obavijest-o-jednostranom-raskidu-ugovora_neocarbon.pdf\" data-type=\"URL\" data-id=\"https:\/\/neocarbone.com\/wp-content\/uploads\/2021\/09\/Obavijest-o-jednostranom-raskidu-ugovora_NEO-CARBON.pdf\" target=\"_blank\">LINK-u<\/a>.<\/p>\n<!-- \/wp:paragraph -->\n\n<!-- wp:separator {\"align\":\"full\"} -->\n<hr class=\"wp-block-separator alignfull has-alpha-channel-opacity\"\/>\n<!-- \/wp:separator -->\n\n<!-- wp:paragraph -->\n<p><\/p>\n<!-- \/wp:paragraph -->","_et_gb_content_width":"1280","footnotes":""},"class_list":["post-102131","page","type-page","status-publish","hentry"],"_links":{"self":[{"href":"https:\/\/neocarbone.com\/de\/wp-json\/wp\/v2\/pages\/102131","targetHints":{"allow":["GET"]}}],"collection":[{"href":"https:\/\/neocarbone.com\/de\/wp-json\/wp\/v2\/pages"}],"about":[{"href":"https:\/\/neocarbone.com\/de\/wp-json\/wp\/v2\/types\/page"}],"author":[{"embeddable":true,"href":"https:\/\/neocarbone.com\/de\/wp-json\/wp\/v2\/users\/1"}],"replies":[{"embeddable":true,"href":"https:\/\/neocarbone.com\/de\/wp-json\/wp\/v2\/comments?post=102131"}],"version-history":[{"count":0,"href":"https:\/\/neocarbone.com\/de\/wp-json\/wp\/v2\/pages\/102131\/revisions"}],"wp:attachment":[{"href":"https:\/\/neocarbone.com\/de\/wp-json\/wp\/v2\/media?parent=102131"}],"curies":[{"name":"wp","href":"https:\/\/api.w.org\/{rel}","templated":true}]}}