{"id":100041,"date":"2023-04-26T12:49:17","date_gmt":"2023-04-26T10:49:17","guid":{"rendered":"https:\/\/neocarbone.com\/?post_type=product&#038;p=100041"},"modified":"2023-04-26T12:55:33","modified_gmt":"2023-04-26T10:55:33","slug":"odijelo-blue-fusion-1-5mm","status":"publish","type":"product","link":"https:\/\/neocarbone.com\/de\/product\/odijelo-blue-fusion-1-5mm\/","title":{"rendered":"Anzug BLUE FUSION 1,5 mm"},"content":{"rendered":"<ul>\n<li>Anzug Yamamoto\u00ae 039,<\/li>\n<li>\u00c4u\u00dferes Ultra-Stretch-Lyrca-Tarnmuster \/ Lyrca-Ultra-Stretch-Interieur,<\/li>\n<li>Der anatomische Schnitt sorgt f\u00fcr freie Bewegungsfreiheit der Arme und Beine,<\/li>\n<li>SCS*-Manschetten f\u00fcr Kapuze, Handgelenke und Kn\u00f6chel,<\/li>\n<li>PU-Kniesch\u00fctzer,<\/li>\n<li>Brustverst\u00e4rkung gef\u00fcllt mit \u201eMesh\u201c-Material,<\/li>\n<li>Jackenverschluss mit Klettverschluss.<\/li>\n<\/ul>","protected":false},"excerpt":{"rendered":"<p>Odijelo Yamamoto\u00ae 039, Eksterijer ultra rastezljiva Lyrca kamufla\u017ea \/ lyrca ultra rastezljiva unutra\u0161njost, Anatomski kroj osloba\u0111a pokrete ruku i nogu, SCS * man\u0161ete za kapulja\u010du, zape\u0161\u0107a i gle\u017enjeve, PU jastu\u010di\u0107i na koljenu, Oja\u010danje za prsa punjeno \u2018Mesh\u2019 materijalom, Kop\u010da za jaknu s Velcro\u00ae.<\/p>","protected":false},"featured_media":100121,"template":"","meta":{"_et_pb_use_builder":"","_et_pb_old_content":"","_et_gb_content_width":""},"product_brand":[],"product_cat":[48,43],"product_tag":[],"class_list":{"0":"post-100041","1":"product","2":"type-product","3":"status-publish","4":"has-post-thumbnail","6":"product_cat-odijela-1-5mm","7":"product_cat-odijela-za-podvodni-ribolov","9":"first","10":"onbackorder","11":"shipping-taxable","12":"purchasable","13":"product-type-variable"},"_links":{"self":[{"href":"https:\/\/neocarbone.com\/de\/wp-json\/wp\/v2\/product\/100041","targetHints":{"allow":["GET"]}}],"collection":[{"href":"https:\/\/neocarbone.com\/de\/wp-json\/wp\/v2\/product"}],"about":[{"href":"https:\/\/neocarbone.com\/de\/wp-json\/wp\/v2\/types\/product"}],"wp:featuredmedia":[{"embeddable":true,"href":"https:\/\/neocarbone.com\/de\/wp-json\/wp\/v2\/media\/100121"}],"wp:attachment":[{"href":"https:\/\/neocarbone.com\/de\/wp-json\/wp\/v2\/media?parent=100041"}],"wp:term":[{"taxonomy":"product_brand","embeddable":true,"href":"https:\/\/neocarbone.com\/de\/wp-json\/wp\/v2\/product_brand?post=100041"},{"taxonomy":"product_cat","embeddable":true,"href":"https:\/\/neocarbone.com\/de\/wp-json\/wp\/v2\/product_cat?post=100041"},{"taxonomy":"product_tag","embeddable":true,"href":"https:\/\/neocarbone.com\/de\/wp-json\/wp\/v2\/product_tag?post=100041"}],"curies":[{"name":"wp","href":"https:\/\/api.w.org\/{rel}","templated":true}]}}