{"id":100042,"date":"2023-04-26T12:49:17","date_gmt":"2023-04-26T10:49:17","guid":{"rendered":"https:\/\/neocarbone.com\/?post_type=product&#038;p=100042"},"modified":"2023-04-26T12:55:33","modified_gmt":"2023-04-26T10:55:33","slug":"odijelo-shadow-junior-camo-noir-5mm","status":"publish","type":"product","link":"https:\/\/neocarbone.com\/de\/product\/odijelo-shadow-junior-camo-noir-5mm\/","title":{"rendered":"Anzug SHADOW JUNIOR Camo Noir 5mm"},"content":{"rendered":"<ul>\n<li>Neopren STARK,<\/li>\n<li>Camo-Polyester-Spandex 019-Siebdruck au\u00dfen\/offenzellige Innen\u00f6ffnung,<\/li>\n<li>Ergonomischer und vorgeformter Bein- und \u00c4rmelschnitt,<\/li>\n<li>SCS * Handgelenk-, Kn\u00f6chel- und Kapuzen\u00e4rmel,<\/li>\n<li>Power-Tex-Schutz an den Knien. 5-mm-Neopren-Ladepolster mit Power-Tex-Bezug, nur f\u00fcr die Gr\u00f6\u00dfen 14 und 16 Jahre.<\/li>\n<li>Doppelseitiger Biberschwanz. Verschluss unten an der Jacke.<\/li>\n<\/ul>","protected":false},"excerpt":{"rendered":"<p>Neoprene JAKO, Camo poliester spandex 019 sitotisak vanjski \/open cell unutarnji otvor, Ergonomski i predoblikovan kroj nogavica i rukava, SCS * rukavi do zape\u0161\u0107a, gle\u017enjeva i kapulja\u010de, Power Tex-type protection on knees 5mm neoprene loading pad with Power Tex pokrov samo za veli\u010dine 14 i 16 godina, Dabrov rep dvostruki obostrani.Kop\u010danje na dnu jakne.<\/p>","protected":false},"featured_media":100125,"template":"","meta":{"_et_pb_use_builder":"","_et_pb_old_content":"","_et_gb_content_width":""},"product_brand":[],"product_cat":[49,43],"product_tag":[],"class_list":{"0":"post-100042","1":"product","2":"type-product","3":"status-publish","4":"has-post-thumbnail","6":"product_cat-odijela-5mm","7":"product_cat-odijela-za-podvodni-ribolov","9":"first","10":"onbackorder","11":"shipping-taxable","12":"purchasable","13":"product-type-variable"},"_links":{"self":[{"href":"https:\/\/neocarbone.com\/de\/wp-json\/wp\/v2\/product\/100042","targetHints":{"allow":["GET"]}}],"collection":[{"href":"https:\/\/neocarbone.com\/de\/wp-json\/wp\/v2\/product"}],"about":[{"href":"https:\/\/neocarbone.com\/de\/wp-json\/wp\/v2\/types\/product"}],"wp:featuredmedia":[{"embeddable":true,"href":"https:\/\/neocarbone.com\/de\/wp-json\/wp\/v2\/media\/100125"}],"wp:attachment":[{"href":"https:\/\/neocarbone.com\/de\/wp-json\/wp\/v2\/media?parent=100042"}],"wp:term":[{"taxonomy":"product_brand","embeddable":true,"href":"https:\/\/neocarbone.com\/de\/wp-json\/wp\/v2\/product_brand?post=100042"},{"taxonomy":"product_cat","embeddable":true,"href":"https:\/\/neocarbone.com\/de\/wp-json\/wp\/v2\/product_cat?post=100042"},{"taxonomy":"product_tag","embeddable":true,"href":"https:\/\/neocarbone.com\/de\/wp-json\/wp\/v2\/product_tag?post=100042"}],"curies":[{"name":"wp","href":"https:\/\/api.w.org\/{rel}","templated":true}]}}