{"id":100044,"date":"2023-04-26T12:49:17","date_gmt":"2023-04-26T10:49:17","guid":{"rendered":"https:\/\/neocarbone.com\/?post_type=product&#038;p=100044"},"modified":"2026-04-16T02:37:49","modified_gmt":"2026-04-16T00:37:49","slug":"odijelo-shadow-full-black-7mm","status":"publish","type":"product","link":"https:\/\/neocarbone.com\/de\/product\/odijelo-shadow-full-black-7mm\/","title":{"rendered":"Anzug Shadow voll schwarz 7mm"},"content":{"rendered":"<ul>\n<li>Neopren Yamamoto\u00ae 039,<\/li>\n<li>Camo-Polyester-Spandex 019-Siebdruck au\u00dfen\/offenzellige Innen\u00f6ffnung,<\/li>\n<li>Ergonomischer und vorgeformter Bein- und \u00c4rmelschnitt,<\/li>\n<li>SCS * Handgelenk-, Kn\u00f6chel- und Kapuzen\u00e4rmel,<\/li>\n<li>PowerTex-Schutz an den Knien,<\/li>\n<li>5 mm Neoprenkissen mit PowerTex-Bezug,<\/li>\n<li>Doppelseitiger Biberschwanz. Verschluss unten an der Jacke.<\/li>\n<\/ul>","protected":false},"excerpt":{"rendered":"<p>Neopren Yamamoto\u00ae 039, Camo-Polyester-Spandex 019-Siebdruck au\u00dfen \/ offenzellige Innen\u00f6ffnung, ergonomischer und vorgeformter Schnitt an Beinen und \u00c4rmeln, SCS *-\u00c4rmel an Handgelenken, Kn\u00f6cheln und Kapuze, Knieschutz vom Typ PowerTex, 5-mm-Neoprenkissen mit PowerTex-Bezug, doppelseitiger Biberschwanzverschluss an der Unterseite der Jacke.<\/p>","protected":false},"featured_media":100137,"template":"","meta":{"_et_pb_use_builder":"","_et_pb_old_content":"","_et_gb_content_width":""},"product_brand":[],"product_cat":[50,43],"product_tag":[],"class_list":{"0":"post-100044","1":"product","2":"type-product","3":"status-publish","4":"has-post-thumbnail","6":"product_cat-odijela-7mm","7":"product_cat-odijela-za-podvodni-ribolov","9":"first","10":"instock","11":"sale","12":"shipping-taxable","13":"purchasable","14":"product-type-variable"},"_links":{"self":[{"href":"https:\/\/neocarbone.com\/de\/wp-json\/wp\/v2\/product\/100044","targetHints":{"allow":["GET"]}}],"collection":[{"href":"https:\/\/neocarbone.com\/de\/wp-json\/wp\/v2\/product"}],"about":[{"href":"https:\/\/neocarbone.com\/de\/wp-json\/wp\/v2\/types\/product"}],"wp:featuredmedia":[{"embeddable":true,"href":"https:\/\/neocarbone.com\/de\/wp-json\/wp\/v2\/media\/100137"}],"wp:attachment":[{"href":"https:\/\/neocarbone.com\/de\/wp-json\/wp\/v2\/media?parent=100044"}],"wp:term":[{"taxonomy":"product_brand","embeddable":true,"href":"https:\/\/neocarbone.com\/de\/wp-json\/wp\/v2\/product_brand?post=100044"},{"taxonomy":"product_cat","embeddable":true,"href":"https:\/\/neocarbone.com\/de\/wp-json\/wp\/v2\/product_cat?post=100044"},{"taxonomy":"product_tag","embeddable":true,"href":"https:\/\/neocarbone.com\/de\/wp-json\/wp\/v2\/product_tag?post=100044"}],"curies":[{"name":"wp","href":"https:\/\/api.w.org\/{rel}","templated":true}]}}