{"id":100052,"date":"2023-04-26T12:49:18","date_gmt":"2023-04-26T10:49:18","guid":{"rendered":"https:\/\/neocarbone.com\/?post_type=product&#038;p=100052"},"modified":"2025-01-31T00:02:04","modified_gmt":"2025-01-30T22:02:04","slug":"odijelo-tactical-stealth-7mm","status":"publish","type":"product","link":"https:\/\/neocarbone.com\/de\/product\/odijelo-tactical-stealth-7mm\/","title":{"rendered":"Anzug Taktische Stealth 7mm"},"content":{"rendered":"<ul>\n<li>Neopren Yamamoto\u00ae 039,<\/li>\n<li>Faser-Spandex 019 Camo taktische 4-Wege-Stretch dehnbar externer Siebdruck \/ offenzellige Innen\u00f6ffnung,<\/li>\n<li>Ergonomischer und vorgeformter Bein- und \u00c4rmelschnitt,<\/li>\n<li>Strickb\u00fcndchen SCS* an Handgelenken, Kn\u00f6cheln und Kapuzen,<\/li>\n<li>Schutzpolster an Knien, Ellbogen und 3D-Polyurethan-Beschichtung,<\/li>\n<li>5 mm Neopren-Brustpolster innen \/ au\u00dfen 3D-Polyurethan-Beschichtung,<\/li>\n<li>Doppelseitiger Biberschwanz. Verschluss unten an der Jacke.<\/li>\n<\/ul>","protected":false},"excerpt":{"rendered":"<p>Neoprene Yamamoto\u00ae 039, Fiber spandex 019 camo takti\u010dki 4-ways stretch rastezljiv vanjski sitotisak \/ open cell unutarnji otvor, Ergonomski i predoblikovani kroj nogavica i rukava, Pletene man\u0161ete SCS * na zglobovima, gle\u017enjevima i kapulja\u010dama, Za\u0161titni jastu\u010di\u0107i na koljenima, laktovima i poliuretanski premaz tipa 3D, 5 mm-ski neoprenski jastuk za prsni ko\u0161 iznutra \/ vanjski 3D [&hellip;]<\/p>\n","protected":false},"featured_media":100075,"template":"","meta":{"_et_pb_use_builder":"","_et_pb_old_content":"","_et_gb_content_width":""},"product_brand":[],"product_cat":[131,50,43],"product_tag":[],"class_list":{"0":"post-100052","1":"product","2":"type-product","3":"status-publish","4":"has-post-thumbnail","6":"product_cat-akcija","7":"product_cat-odijela-7mm","8":"product_cat-odijela-za-podvodni-ribolov","10":"first","11":"instock","12":"shipping-taxable","13":"purchasable","14":"product-type-variable"},"_links":{"self":[{"href":"https:\/\/neocarbone.com\/de\/wp-json\/wp\/v2\/product\/100052","targetHints":{"allow":["GET"]}}],"collection":[{"href":"https:\/\/neocarbone.com\/de\/wp-json\/wp\/v2\/product"}],"about":[{"href":"https:\/\/neocarbone.com\/de\/wp-json\/wp\/v2\/types\/product"}],"wp:featuredmedia":[{"embeddable":true,"href":"https:\/\/neocarbone.com\/de\/wp-json\/wp\/v2\/media\/100075"}],"wp:attachment":[{"href":"https:\/\/neocarbone.com\/de\/wp-json\/wp\/v2\/media?parent=100052"}],"wp:term":[{"taxonomy":"product_brand","embeddable":true,"href":"https:\/\/neocarbone.com\/de\/wp-json\/wp\/v2\/product_brand?post=100052"},{"taxonomy":"product_cat","embeddable":true,"href":"https:\/\/neocarbone.com\/de\/wp-json\/wp\/v2\/product_cat?post=100052"},{"taxonomy":"product_tag","embeddable":true,"href":"https:\/\/neocarbone.com\/de\/wp-json\/wp\/v2\/product_tag?post=100052"}],"curies":[{"name":"wp","href":"https:\/\/api.w.org\/{rel}","templated":true}]}}