{"id":100667,"date":"2023-04-26T13:39:48","date_gmt":"2023-04-26T11:39:48","guid":{"rendered":"https:\/\/neocarbone.com\/?post_type=product&#038;p=100667"},"modified":"2023-04-26T13:39:58","modified_gmt":"2023-04-26T11:39:58","slug":"pole-spear-red","status":"publish","type":"product","link":"https:\/\/neocarbone.com\/de\/product\/pole-spear-red\/","title":{"rendered":"Pole-Speer-Reihe"},"content":{"rendered":"<p>Angelruten 150 cm (59&#039;)<br \/>\nEmpfohlen f\u00fcr die Lochsuche. Erh\u00e4ltlich in zwei Farben: Rot und Schwarz. Zweiteilige, kompakte und leichte Rute. Hergestellt aus 1,30 cm (\u00bd Zoll) haltbarem Glasfasermaterial mit einer speziellen Au\u00dfenbeschichtung aus Silikonnetz f\u00fcr eine glatte, haltbare Faseroberfl\u00e4che. Gef\u00fcllt mit Chromh\u00fclsen mit O- Ring zur Fugenabdichtung Hochwertiger handgefertigter 5-Zahn-Gurt \u00abSuper Power\u00bb 100% langlebiges Latex-Gummi<\/p>","protected":false},"excerpt":{"rendered":"<p>Osti za ribolov 150 cm (59 &#8216;) Preporu\u010dene za lov po rupamaDostupne u dvije boje: crvena, i crna2 dijelni, kompaktan i lagan \u0161tapIzra\u0111uje se od 1.30cm (\u00bd\u201d ) izdr\u017eljivogstakloplasti\u010dnog materijala saposebnim vanjskim premazom od silikonske mre\u017eice zaglatku izdr\u017eljivu vlaknastu zavr\u0161nu obradu.Ispunjene s kromiranim ferulama s O-prstenom za brtvljenje spojevaVisokokvalitetan ru\u010dno izra\u0111en sve\u017eanj od 5 zubaca\u00abSuper [&hellip;]<\/p>\n","protected":false},"featured_media":100674,"template":"","meta":{"_et_pb_use_builder":"","_et_pb_old_content":"","_et_gb_content_width":""},"product_brand":[],"product_cat":[75],"product_tag":[],"class_list":{"0":"post-100667","1":"product","2":"type-product","3":"status-publish","4":"has-post-thumbnail","6":"product_cat-koplja","8":"first","9":"instock","10":"shipping-taxable","11":"purchasable","12":"product-type-simple"},"_links":{"self":[{"href":"https:\/\/neocarbone.com\/de\/wp-json\/wp\/v2\/product\/100667","targetHints":{"allow":["GET"]}}],"collection":[{"href":"https:\/\/neocarbone.com\/de\/wp-json\/wp\/v2\/product"}],"about":[{"href":"https:\/\/neocarbone.com\/de\/wp-json\/wp\/v2\/types\/product"}],"wp:featuredmedia":[{"embeddable":true,"href":"https:\/\/neocarbone.com\/de\/wp-json\/wp\/v2\/media\/100674"}],"wp:attachment":[{"href":"https:\/\/neocarbone.com\/de\/wp-json\/wp\/v2\/media?parent=100667"}],"wp:term":[{"taxonomy":"product_brand","embeddable":true,"href":"https:\/\/neocarbone.com\/de\/wp-json\/wp\/v2\/product_brand?post=100667"},{"taxonomy":"product_cat","embeddable":true,"href":"https:\/\/neocarbone.com\/de\/wp-json\/wp\/v2\/product_cat?post=100667"},{"taxonomy":"product_tag","embeddable":true,"href":"https:\/\/neocarbone.com\/de\/wp-json\/wp\/v2\/product_tag?post=100667"}],"curies":[{"name":"wp","href":"https:\/\/api.w.org\/{rel}","templated":true}]}}