{"id":100690,"date":"2023-04-26T13:49:22","date_gmt":"2023-04-26T11:49:22","guid":{"rendered":"https:\/\/neocarbone.com\/?post_type=product&#038;p=100690"},"modified":"2023-04-26T14:01:41","modified_gmt":"2023-04-26T12:01:41","slug":"epsealon-exium-g2","status":"publish","type":"product","link":"https:\/\/neocarbone.com\/de\/product\/epsealon-exium-g2\/","title":{"rendered":"Epsealon Exium G2"},"content":{"rendered":"<ul>\n<li>Kraft, Genauigkeit, Ergonomie: Aluminiumrohrkonstruktion. Ein (patentiertes System) ovaler Abschnitt kombiniert seitliche Hydrodynamik und hohe Steifigkeit, um eine hohe Biegefestigkeit und optimale Schussgenauigkeit zu erreichen.<\/li>\n<li>Ergonomischer Griff mit einem idealen Winkel zwischen Griff und Schaft des Gewehrs.<\/li>\n<li>Der Griff und die Halterung zum Laden des Gewehrs sind f\u00fcr einen besseren Halt mit einem undurchl\u00e4ssigen thermoplastischen Elastomer TPE beschichtet.<\/li>\n<li>Eine klare Ziellinie,<\/li>\n<li>100% Edelstahlmechanismus,<\/li>\n<li>Die Einstellung der Empfindlichkeit des Abzugs und der Sicherung erfolgt mit einem linken \/ rechten Hebel.<\/li>\n<li>Ultraleichter G2-Kopf mit Schnurhalter (patentiertes System),<\/li>\n<li>Abnehmbare Edelstahlbr\u00fccke f\u00fcr schnelles \u00d6ffnen\/Schlie\u00dfen des Kopfes,<\/li>\n<li>Schaftf\u00fchrung aus TPE \u00fcber die gesamte L\u00e4nge des Rohrs, um Ger\u00e4usche und Reibung am Pfeil zu vermeiden,<\/li>\n<li>Die Modelle 75\/90\/100 sind mit einem gekerbten Pfeil mit einem Durchmesser von 6,25 mm und einer Sandvik-W\u00e4rmebehandlung aus Edelstahl f\u00fcr hohe Biegefestigkeit ausgestattet.<\/li>\n<li>Mono-Rundgummiband ShockWave 18 mm und gewickelte gerade Gelenk-Ogive,<\/li>\n<li>Die Modelle 110\/120\/130 sind mit einem Pfeil mit Haifischhaken mit einem Durchmesser von 7 mm und einem thermischen Verfahren aus Edelstahl 17-4HP f\u00fcr hohe Biegefestigkeit ausgestattet.<\/li>\n<li>ShockWave 16 mm Doppelkreis-Gummi und gewickelte Dyneema-Ogiven.<\/li>\n<\/ul>","protected":false},"excerpt":{"rendered":"<p>Snaga, to\u010dnost, ergonomija: aluminijska konstrukcija cijevi A (patentirani sustav) jajolik presjek kombinira bo\u010dnu hidrodinamiku i veliku krutost za postizanje visokog otpora na savijanje i optimalnu preciznost ga\u0111anja, Ergonomska ru\u010dica dizajnirana sa idealnim kutom izme\u0111u ru\u010dke i osovine pu\u0161ke, Ru\u010dica i potpora za punjenje pu\u0161ke sa oblo\u017eenim nepropusnim termoplasti\u010dnim elastomerom TPE za bolji zahvat, Jasna ciljna [&hellip;]<\/p>\n","protected":false},"featured_media":100720,"template":"","meta":{"_et_pb_use_builder":"","_et_pb_old_content":"","_et_gb_content_width":""},"product_brand":[],"product_cat":[76,77],"product_tag":[],"class_list":{"0":"post-100690","1":"product","2":"type-product","3":"status-publish","4":"has-post-thumbnail","6":"product_cat-podvodne-puske","7":"product_cat-podvodne-puske-aluminijske","9":"first","10":"onbackorder","11":"shipping-taxable","12":"product-type-variable"},"_links":{"self":[{"href":"https:\/\/neocarbone.com\/de\/wp-json\/wp\/v2\/product\/100690","targetHints":{"allow":["GET"]}}],"collection":[{"href":"https:\/\/neocarbone.com\/de\/wp-json\/wp\/v2\/product"}],"about":[{"href":"https:\/\/neocarbone.com\/de\/wp-json\/wp\/v2\/types\/product"}],"wp:featuredmedia":[{"embeddable":true,"href":"https:\/\/neocarbone.com\/de\/wp-json\/wp\/v2\/media\/100720"}],"wp:attachment":[{"href":"https:\/\/neocarbone.com\/de\/wp-json\/wp\/v2\/media?parent=100690"}],"wp:term":[{"taxonomy":"product_brand","embeddable":true,"href":"https:\/\/neocarbone.com\/de\/wp-json\/wp\/v2\/product_brand?post=100690"},{"taxonomy":"product_cat","embeddable":true,"href":"https:\/\/neocarbone.com\/de\/wp-json\/wp\/v2\/product_cat?post=100690"},{"taxonomy":"product_tag","embeddable":true,"href":"https:\/\/neocarbone.com\/de\/wp-json\/wp\/v2\/product_tag?post=100690"}],"curies":[{"name":"wp","href":"https:\/\/api.w.org\/{rel}","templated":true}]}}