{"id":100692,"date":"2023-04-26T13:49:22","date_gmt":"2023-04-26T11:49:22","guid":{"rendered":"https:\/\/neocarbone.com\/?post_type=product&#038;p=100692"},"modified":"2025-04-30T00:03:00","modified_gmt":"2025-04-29T22:03:00","slug":"epsealon-striker-red","status":"publish","type":"product","link":"https:\/\/neocarbone.com\/de\/product\/epsealon-striker-red\/","title":{"rendered":"Epsealon Striker Rot"},"content":{"rendered":"<ul>\n<li>Das beidh\u00e4ndig verwendbare Gewehr ist mit einer Echo-Leerspule 30 Meter \/ Sto\u00dfd\u00e4mpfer \/ Vorspannung ausgestattet.<\/li>\n<li>Rohrdurchmesser 28 mm Aluminium 1 mm rot oder schwarz eloxiert mit integrierter Pfeilf\u00fchrung,<\/li>\n<li>Eingebauter einteiliger Mechanismus aus 316L-Edelstahl mit Widerstandslast am hinteren Teil,<\/li>\n<li>Ergonomischer und robuster Griff mit idealem Neigungswinkel und sauberem Ziel zum Zielen.<\/li>\n<li>Kopf mit abnehmbarer Br\u00fccke und 2 Stellen f\u00fcr einen schnellen Rundreifen,<\/li>\n<li>Griff und Schnauze aus Nylon 6, gef\u00fcllt mit 30%-Glasfaser f\u00fcr bessere Widerstandsf\u00e4higkeit,<\/li>\n<li>Sandvik-Stahlpfeil mit einem Durchmesser von 6,25 mm mit Schlitzen,<\/li>\n<li>Monoreifen mit einem Durchmesser von 16 mm und flacher Gelenkogive.<\/li>\n<\/ul>","protected":false},"excerpt":{"rendered":"<p>Ambidextrous pu\u0161ka opremljena je Echo praznim mulinelom 30 metara \/ amortizer \/ predvez, Promjer cijevi od 28 mm aluminij 1 mm anodizirani crveni ili crni s integriranom vodilicom strelice, Ugra\u0111eni 316L mehanizam od nehr\u0111aju\u0107eg \u010delika u jednom komadu s s otpornim optere\u0107enjem zadnjeg djela, Ergonomska i robusna ru\u010dica dizajnirana s idealnim kutom nagiba i \u010distom [&hellip;]<\/p>\n","protected":false},"featured_media":100735,"template":"","meta":{"_et_pb_use_builder":"","_et_pb_old_content":"","_et_gb_content_width":""},"product_brand":[],"product_cat":[131,76,77],"product_tag":[],"class_list":{"0":"post-100692","1":"product","2":"type-product","3":"status-publish","4":"has-post-thumbnail","6":"product_cat-akcija","7":"product_cat-podvodne-puske","8":"product_cat-podvodne-puske-aluminijske","10":"first","11":"instock","12":"shipping-taxable","13":"purchasable","14":"product-type-variable"},"_links":{"self":[{"href":"https:\/\/neocarbone.com\/de\/wp-json\/wp\/v2\/product\/100692","targetHints":{"allow":["GET"]}}],"collection":[{"href":"https:\/\/neocarbone.com\/de\/wp-json\/wp\/v2\/product"}],"about":[{"href":"https:\/\/neocarbone.com\/de\/wp-json\/wp\/v2\/types\/product"}],"wp:featuredmedia":[{"embeddable":true,"href":"https:\/\/neocarbone.com\/de\/wp-json\/wp\/v2\/media\/100735"}],"wp:attachment":[{"href":"https:\/\/neocarbone.com\/de\/wp-json\/wp\/v2\/media?parent=100692"}],"wp:term":[{"taxonomy":"product_brand","embeddable":true,"href":"https:\/\/neocarbone.com\/de\/wp-json\/wp\/v2\/product_brand?post=100692"},{"taxonomy":"product_cat","embeddable":true,"href":"https:\/\/neocarbone.com\/de\/wp-json\/wp\/v2\/product_cat?post=100692"},{"taxonomy":"product_tag","embeddable":true,"href":"https:\/\/neocarbone.com\/de\/wp-json\/wp\/v2\/product_tag?post=100692"}],"curies":[{"name":"wp","href":"https:\/\/api.w.org\/{rel}","templated":true}]}}