{"id":100705,"date":"2023-04-26T13:49:24","date_gmt":"2023-04-26T11:49:24","guid":{"rendered":"https:\/\/neocarbone.com\/?post_type=product&#038;p=100705"},"modified":"2025-07-06T15:47:29","modified_gmt":"2025-07-06T13:47:29","slug":"podvodna-puska-paranak-100cm","status":"publish","type":"product","link":"https:\/\/neocarbone.com\/de\/product\/podvodna-puska-paranak-100cm\/","title":{"rendered":"Paranak Harpune in schwarzem Tarnmuster, 100 cm"},"content":{"rendered":"<p><strong>NC100P \u2013 Holzpistole Paranak \u2013 Demultipliziert<\/strong><\/p>\n<p>Handgefertigter Korpus und Griff aus ausgew\u00e4hltem Mahagoni-Iroko-Laminat mit integrierter Carbonf\u00fchrung<\/p>\n<p>Verst\u00e4rkung und Schutz kritischer Bereiche vor Besch\u00e4digungen durch k\u00f6pergewebte Carbonfasern<\/p>\n<p>Ergonomischer Griff: rechts (links oder universal auf Bestellung), mit zus\u00e4tzlicher Anti-Rutsch-Schicht aus feinem Sand<\/p>\n<p>Mechanismus und alle Metallteile aus Edelstahl 316L<\/p>\n<p>Einzelrollen-Paranak-Kopf mit Rollen aus Polyacetal-Copolymer, geeignet f\u00fcr den Unterwassereinsatz<\/p>\n<p>7,5 mm x 130 cm gro\u00dfer Sandvik-Abn\u00e4her mit 4 Haken<\/p>\n<p>Aufbau von PRIMELINE-Reifen, oberes Starterpaar 14 mm und zwei Antriebspaare 16 mm<\/p>\n<p>Antriebsseile und Ogiven aus reinem Dyneema 2mm<\/p>\n<p>Rutschfestes und sto\u00dfd\u00e4mpfendes Gummipolster an der Ferse der Waffe f\u00fcr leichteres Spannen<\/p>\n<p>Paranaque-Br\u00fccke aus Edelstahl 316L, Kugellager auf Br\u00fcckenrollen<\/p>\n<p>Drei Steckpl\u00e4tze zum Hinzuf\u00fcgen von Gewichten zur Anpassung der Waage an den Geschmack des Benutzers, die Anfangsbalance ist neutral<\/p>\n<p>Das Gewehr ist mit einer Exium50-Rolle mit aufgewickelter 1,5-mm-Polyesterschnur, 1,6-mm-Nylonblei und allen anderen jagdbereiten Ger\u00e4ten ausgestattet.<\/p>\n<p>Alle unsere Gewehre werden vor dem Verkauf zielgepr\u00fcft (3x Pr\u00e4zisionstest auf 4 m, 2x ultimativer Reichweitentest, 1x Ausdauertest) und ausgewuchtet<\/p>\n<p>Ma\u00dfe NC100P ohne Pfeil: 125 cm \u2013 mit Pfeil 140 cm<\/p>","protected":false},"excerpt":{"rendered":"<p><a href=\"https:\/\/neocarbone.com\/de\/contact-us\/?v=fd4c638da5f8\">Sofort verf\u00fcgbar \u2013 Kontaktieren Sie uns.<\/a><\/p>","protected":false},"featured_media":226067,"template":"","meta":{"_et_pb_use_builder":"","_et_pb_old_content":"","_et_gb_content_width":""},"product_brand":[],"product_cat":[79,76,80],"product_tag":[],"class_list":{"0":"post-100705","1":"product","2":"type-product","3":"status-publish","4":"has-post-thumbnail","6":"product_cat-nc-podvodne-puske","7":"product_cat-podvodne-puske","8":"product_cat-podvodne-puske-drvene","10":"first","11":"onbackorder","12":"shipping-taxable","13":"product-type-simple"},"_links":{"self":[{"href":"https:\/\/neocarbone.com\/de\/wp-json\/wp\/v2\/product\/100705","targetHints":{"allow":["GET"]}}],"collection":[{"href":"https:\/\/neocarbone.com\/de\/wp-json\/wp\/v2\/product"}],"about":[{"href":"https:\/\/neocarbone.com\/de\/wp-json\/wp\/v2\/types\/product"}],"wp:featuredmedia":[{"embeddable":true,"href":"https:\/\/neocarbone.com\/de\/wp-json\/wp\/v2\/media\/226067"}],"wp:attachment":[{"href":"https:\/\/neocarbone.com\/de\/wp-json\/wp\/v2\/media?parent=100705"}],"wp:term":[{"taxonomy":"product_brand","embeddable":true,"href":"https:\/\/neocarbone.com\/de\/wp-json\/wp\/v2\/product_brand?post=100705"},{"taxonomy":"product_cat","embeddable":true,"href":"https:\/\/neocarbone.com\/de\/wp-json\/wp\/v2\/product_cat?post=100705"},{"taxonomy":"product_tag","embeddable":true,"href":"https:\/\/neocarbone.com\/de\/wp-json\/wp\/v2\/product_tag?post=100705"}],"curies":[{"name":"wp","href":"https:\/\/api.w.org\/{rel}","templated":true}]}}