{"id":100708,"date":"2023-04-26T13:49:25","date_gmt":"2023-04-26T11:49:25","guid":{"rendered":"https:\/\/neocarbone.com\/?post_type=product&#038;p=100708"},"modified":"2023-04-26T13:58:43","modified_gmt":"2023-04-26T11:58:43","slug":"podvodna-puska-classic-85cm","status":"publish","type":"product","link":"https:\/\/neocarbone.com\/de\/product\/podvodna-puska-classic-85cm\/","title":{"rendered":"Unterwassergewehr Classic 85cm"},"content":{"rendered":"<p><strong>NC85C \u2013 Klassisches Holzgewehr<\/strong><\/p>\n<p>Handgefertigter K\u00f6rper und Griff aus ausgew\u00e4hltem Iroko-Mahagoni-Laminat, Verbindung und Schutz aus Epoxid- und Polyurethanharzen<\/p>\n<p>Seitenverst\u00e4rkung mit Carbon und integrierter Carbonf\u00fchrung<\/p>\n<p>Universalgriff<br \/>\nMechanismus und alle Metallteile aus Edelstahl 316L<br \/>\n6,5 mm x 115 cm gro\u00dfe Sandvik-Abn\u00e4her mit 4 Haken<\/p>\n<p>Primeline-Setup-Gummi, rund, 1 x 15,5 mm \u2013 volle Dyneema-Ogive<br \/>\nRutschfestes und sto\u00dfd\u00e4mpfendes Gummipolster an der Ferse der Waffe f\u00fcr leichteres Spannen<\/p>\n<p>Farbtarn<br \/>\nEin Steckplatz zum Hinzuf\u00fcgen von Gewichten, um die Waage ganz nach dem Geschmack des Benutzers anzupassen, die Ersteinrichtung ist neutral<br \/>\nDas Gewehr ist mit einer 50-m-Exium-Rolle, einem Pre-Rigger und allen anderen Ger\u00e4ten ausgestattet, ausbalanciert und jagdbereit.<\/p>","protected":false},"excerpt":{"rendered":"<p><a href=\"https:\/\/neocarbone.com\/de\/contact-us\/?v=fd4c638da5f8\">Sofort verf\u00fcgbar \u2013 Kontaktieren Sie uns.<\/a><\/p>","protected":false},"featured_media":100899,"template":"","meta":{"_et_pb_use_builder":"","_et_pb_old_content":"","_et_gb_content_width":""},"product_brand":[],"product_cat":[79,71,76,80],"product_tag":[],"class_list":{"0":"post-100708","1":"product","2":"type-product","3":"status-publish","4":"has-post-thumbnail","6":"product_cat-nc-podvodne-puske","7":"product_cat-nc-proizvodi","8":"product_cat-podvodne-puske","9":"product_cat-podvodne-puske-drvene","11":"first","12":"onbackorder","13":"shipping-taxable","14":"product-type-simple"},"_links":{"self":[{"href":"https:\/\/neocarbone.com\/de\/wp-json\/wp\/v2\/product\/100708","targetHints":{"allow":["GET"]}}],"collection":[{"href":"https:\/\/neocarbone.com\/de\/wp-json\/wp\/v2\/product"}],"about":[{"href":"https:\/\/neocarbone.com\/de\/wp-json\/wp\/v2\/types\/product"}],"wp:featuredmedia":[{"embeddable":true,"href":"https:\/\/neocarbone.com\/de\/wp-json\/wp\/v2\/media\/100899"}],"wp:attachment":[{"href":"https:\/\/neocarbone.com\/de\/wp-json\/wp\/v2\/media?parent=100708"}],"wp:term":[{"taxonomy":"product_brand","embeddable":true,"href":"https:\/\/neocarbone.com\/de\/wp-json\/wp\/v2\/product_brand?post=100708"},{"taxonomy":"product_cat","embeddable":true,"href":"https:\/\/neocarbone.com\/de\/wp-json\/wp\/v2\/product_cat?post=100708"},{"taxonomy":"product_tag","embeddable":true,"href":"https:\/\/neocarbone.com\/de\/wp-json\/wp\/v2\/product_tag?post=100708"}],"curies":[{"name":"wp","href":"https:\/\/api.w.org\/{rel}","templated":true}]}}