{"id":100709,"date":"2023-04-26T13:49:25","date_gmt":"2023-04-26T11:49:25","guid":{"rendered":"https:\/\/neocarbone.com\/?post_type=product&#038;p=100709"},"modified":"2025-07-06T11:48:20","modified_gmt":"2025-07-06T09:48:20","slug":"podvodna-puska-classic-100cm","status":"publish","type":"product","link":"https:\/\/neocarbone.com\/de\/product\/podvodna-puska-classic-100cm\/","title":{"rendered":"Unterwasserpistole Classic 100cm"},"content":{"rendered":"<p><strong>NC100C \u2013 Holz-Unterwassergewehr Classic<\/strong><\/p>\n<p>Handgefertigter K\u00f6rper und Griff aus ausgew\u00e4hltem Iroko-Mahagoni-Laminat, Verbindung und Schutz mit Epoxid- und Polyurethanharzen<\/p>\n<p>Seitenverst\u00e4rkung mit Carbon und Integralf\u00fchrung aus Carbon<\/p>\n<p>Universalgriff<br \/>\nErmes Double Roll-Mechanismus und alle Metallteile aus 316L-Edelstahl<br \/>\n6,5 mm x 130 cm gro\u00dfe Sandvik-Abn\u00e4her mit 4 Haken<\/p>\n<p>Primeline-Setup-Gummi-Rundschreiben 2\u00d715,5 mm \u2013 Volle Dyneema-Ogive<br \/>\nRutschfestes und sto\u00dfd\u00e4mpfendes Gummipolster an der Ferse des Gewehrs f\u00fcr leichteres Spannen<\/p>\n<p>Ein Steckplatz zum Hinzuf\u00fcgen von Gewichten, um die Waage ganz nach dem Geschmack des Benutzers anzupassen, die Ersteinrichtung ist neutral<br \/>\nDas Gewehr ist mit einer Ermes Falco 57-Rolle mit aufgewickelter 1,5-mm-Polyesterschnur, 1,6-mm-Nylonblei und aller anderen jagdbereiten Ausr\u00fcstungsgegenst\u00e4nde ausgestattet.<\/p>\n<p>Alle unsere Gewehre werden vor dem Verkauf zielgepr\u00fcft (3x Pr\u00e4zisionstest auf 4 m, 2x ultimativer Reichweitentest, 1x Ausdauertest) und ausgewuchtet<\/p>\n<p>Ma\u00dfe NC100P ohne Pfeil: 125 cm \u2013 mit Pfeil 140 cm<\/p>","protected":false},"excerpt":{"rendered":"<p><a href=\"https:\/\/neocarbone.com\/de\/contact-us\/?v=fd4c638da5f8\">Sofort verf\u00fcgbar \u2013 Kontaktieren Sie uns.<\/a><\/p>","protected":false},"featured_media":224366,"template":"","meta":{"_et_pb_use_builder":"","_et_pb_old_content":"","_et_gb_content_width":""},"product_brand":[],"product_cat":[79,71,122,76,80],"product_tag":[],"class_list":{"0":"post-100709","1":"product","2":"type-product","3":"status-publish","4":"has-post-thumbnail","6":"product_cat-nc-podvodne-puske","7":"product_cat-nc-proizvodi","8":"product_cat-novi-model-nc-puske","9":"product_cat-podvodne-puske","10":"product_cat-podvodne-puske-drvene","12":"first","13":"onbackorder","14":"shipping-taxable","15":"product-type-simple"},"_links":{"self":[{"href":"https:\/\/neocarbone.com\/de\/wp-json\/wp\/v2\/product\/100709","targetHints":{"allow":["GET"]}}],"collection":[{"href":"https:\/\/neocarbone.com\/de\/wp-json\/wp\/v2\/product"}],"about":[{"href":"https:\/\/neocarbone.com\/de\/wp-json\/wp\/v2\/types\/product"}],"wp:featuredmedia":[{"embeddable":true,"href":"https:\/\/neocarbone.com\/de\/wp-json\/wp\/v2\/media\/224366"}],"wp:attachment":[{"href":"https:\/\/neocarbone.com\/de\/wp-json\/wp\/v2\/media?parent=100709"}],"wp:term":[{"taxonomy":"product_brand","embeddable":true,"href":"https:\/\/neocarbone.com\/de\/wp-json\/wp\/v2\/product_brand?post=100709"},{"taxonomy":"product_cat","embeddable":true,"href":"https:\/\/neocarbone.com\/de\/wp-json\/wp\/v2\/product_cat?post=100709"},{"taxonomy":"product_tag","embeddable":true,"href":"https:\/\/neocarbone.com\/de\/wp-json\/wp\/v2\/product_tag?post=100709"}],"curies":[{"name":"wp","href":"https:\/\/api.w.org\/{rel}","templated":true}]}}