{"id":100715,"date":"2023-04-26T13:49:25","date_gmt":"2023-04-26T11:49:25","guid":{"rendered":"https:\/\/neocarbone.com\/?post_type=product&#038;p=100715"},"modified":"2025-07-06T11:21:29","modified_gmt":"2025-07-06T09:21:29","slug":"podvodna-puska-monoroller-80cm","status":"publish","type":"product","link":"https:\/\/neocarbone.com\/de\/product\/podvodna-puska-monoroller-80cm\/","title":{"rendered":"Monoroller-Harpune mit schwarzem Tarnmuster, 80 cm"},"content":{"rendered":"<p><strong>NC80R \u2013 Einroller aus Holz<\/strong><\/p>\n<p>Handgefertigter K\u00f6rper und Griff aus ausgew\u00e4hltem Mahagoni-Iroko-Laminat mit integrierter F\u00fchrung, Verbindung und Schutz aus Epoxid- und Polyurethanharzen<\/p>\n<p>Seitenverst\u00e4rkung mit Carbon und Integralf\u00fchrung aus Carbon<\/p>\n<p>Ergonomischer Griff: rechts (links oder universal auf Bestellung), mit zus\u00e4tzlicher Anti-Rutsch-Schicht aus feinem Sand<\/p>\n<p>Mechanismus und alle Metallteile aus Edelstahl 316L<br \/>\nEinzelrollenkopf mit Derlin-Rollen<\/p>\n<p>6,5 mm x 115 cm gro\u00dfe Sandvik-Abn\u00e4her mit 4 Haken<\/p>\n<p>Primeline Setup Lastika kreisf\u00f6rmiger 1x16mm 2x14mm Starter<br \/>\nVolle Dyneema-Ogive 2,3 mm Diamant<br \/>\nRutschfestes und sto\u00dfd\u00e4mpfendes Gummipolster an der Ferse des Gewehrs f\u00fcr leichteres Spannen<\/p>\n<p>Farbtarn<br \/>\nDrei Steckpl\u00e4tze zum Hinzuf\u00fcgen von Gewichten, um die Waage an den Geschmack des Benutzers anzupassen, die Ersteinrichtung ist neutral<br \/>\nDas Gewehr ist mit einer Exium-50-m-Rolle, einem Blei, einem Reifenspanner und allen anderen Ger\u00e4ten ausgestattet, ausbalanciert und jagdbereit.<\/p>","protected":false},"excerpt":{"rendered":"<p><a href=\"https:\/\/neocarbone.com\/de\/contact-us\/?v=fd4c638da5f8\">Sofort verf\u00fcgbar \u2013 Kontaktieren Sie uns.<\/a><\/p>","protected":false},"featured_media":226016,"template":"","meta":{"_et_pb_use_builder":"","_et_pb_old_content":"","_et_gb_content_width":""},"product_brand":[],"product_cat":[79,71,76,80],"product_tag":[],"class_list":{"0":"post-100715","1":"product","2":"type-product","3":"status-publish","4":"has-post-thumbnail","6":"product_cat-nc-podvodne-puske","7":"product_cat-nc-proizvodi","8":"product_cat-podvodne-puske","9":"product_cat-podvodne-puske-drvene","11":"first","12":"onbackorder","13":"shipping-taxable","14":"product-type-simple"},"_links":{"self":[{"href":"https:\/\/neocarbone.com\/de\/wp-json\/wp\/v2\/product\/100715","targetHints":{"allow":["GET"]}}],"collection":[{"href":"https:\/\/neocarbone.com\/de\/wp-json\/wp\/v2\/product"}],"about":[{"href":"https:\/\/neocarbone.com\/de\/wp-json\/wp\/v2\/types\/product"}],"wp:featuredmedia":[{"embeddable":true,"href":"https:\/\/neocarbone.com\/de\/wp-json\/wp\/v2\/media\/226016"}],"wp:attachment":[{"href":"https:\/\/neocarbone.com\/de\/wp-json\/wp\/v2\/media?parent=100715"}],"wp:term":[{"taxonomy":"product_brand","embeddable":true,"href":"https:\/\/neocarbone.com\/de\/wp-json\/wp\/v2\/product_brand?post=100715"},{"taxonomy":"product_cat","embeddable":true,"href":"https:\/\/neocarbone.com\/de\/wp-json\/wp\/v2\/product_cat?post=100715"},{"taxonomy":"product_tag","embeddable":true,"href":"https:\/\/neocarbone.com\/de\/wp-json\/wp\/v2\/product_tag?post=100715"}],"curies":[{"name":"wp","href":"https:\/\/api.w.org\/{rel}","templated":true}]}}