{"id":100995,"date":"2023-04-26T14:10:15","date_gmt":"2023-04-26T12:10:15","guid":{"rendered":"https:\/\/neocarbone.com\/?post_type=product&#038;p=100995"},"modified":"2024-06-12T19:19:22","modified_gmt":"2024-06-12T17:19:22","slug":"polyester-100k-white-red-16mm-50m","status":"publish","type":"product","link":"https:\/\/neocarbone.com\/de\/product\/polyester-100k-white-red-16mm-50m\/","title":{"rendered":"Polyester 100K wei\u00df \/ rot \u2013 1,6 mm \u2013 50 m"},"content":{"rendered":"<p>Nylonkern und Polyestermantel mit hoher H\u00e4rte.<br \/>\nBruchfestigkeit 100 kg. Empfohlen f\u00fcr Mulinel. Dicke 1,6 mm \u2013 L\u00e4nge 50 Meter. Erh\u00e4ltlich in Schwarz\/Rot oder Wei\u00df\/Rot.<\/p>","protected":false},"excerpt":{"rendered":"<p>Najlonska jezgra i pla\u0161t od poliestera visoke tvrdo\u0107e. Snaga prekida 100Kg. Preporu\u010deni za mulinel.Debljina 1,6 mm &#8211; duljina 50 metara.Dostupno u crnoj \/ crvenoj ili bijelo \/ crvenoj boji.<\/p>","protected":false},"featured_media":101021,"template":"","meta":{"_et_pb_use_builder":"","_et_pb_old_content":"","_et_gb_content_width":""},"product_brand":[],"product_cat":[81],"product_tag":[],"class_list":{"0":"post-100995","1":"product","2":"type-product","3":"status-publish","4":"has-post-thumbnail","6":"product_cat-pribor-i-oprema","8":"first","9":"instock","10":"shipping-taxable","11":"purchasable","12":"product-type-simple"},"_links":{"self":[{"href":"https:\/\/neocarbone.com\/de\/wp-json\/wp\/v2\/product\/100995","targetHints":{"allow":["GET"]}}],"collection":[{"href":"https:\/\/neocarbone.com\/de\/wp-json\/wp\/v2\/product"}],"about":[{"href":"https:\/\/neocarbone.com\/de\/wp-json\/wp\/v2\/types\/product"}],"wp:featuredmedia":[{"embeddable":true,"href":"https:\/\/neocarbone.com\/de\/wp-json\/wp\/v2\/media\/101021"}],"wp:attachment":[{"href":"https:\/\/neocarbone.com\/de\/wp-json\/wp\/v2\/media?parent=100995"}],"wp:term":[{"taxonomy":"product_brand","embeddable":true,"href":"https:\/\/neocarbone.com\/de\/wp-json\/wp\/v2\/product_brand?post=100995"},{"taxonomy":"product_cat","embeddable":true,"href":"https:\/\/neocarbone.com\/de\/wp-json\/wp\/v2\/product_cat?post=100995"},{"taxonomy":"product_tag","embeddable":true,"href":"https:\/\/neocarbone.com\/de\/wp-json\/wp\/v2\/product_tag?post=100995"}],"curies":[{"name":"wp","href":"https:\/\/api.w.org\/{rel}","templated":true}]}}