{"id":100997,"date":"2023-04-26T14:10:15","date_gmt":"2023-04-26T12:10:15","guid":{"rendered":"https:\/\/neocarbone.com\/?post_type=product&#038;p=100997"},"modified":"2023-04-26T14:10:49","modified_gmt":"2023-04-26T12:10:49","slug":"kit-25m-mono-line-nylon-red-160-10-pcs-black-sleeves-165","status":"publish","type":"product","link":"https:\/\/neocarbone.com\/de\/product\/kit-25m-mono-line-nylon-red-160-10-pcs-black-sleeves-165\/","title":{"rendered":"Kit 25 m Monoleine Nylon rot 160 + 10 St\u00fcck schwarze H\u00fclsen 165"},"content":{"rendered":"<p>Set aus 25 m schwarzem, gelbem oder rotem Nylon-Mono-Leine 160 oder 180 + 10 St\u00fcck schwarzen Kupfer-Doppelf\u00fc\u00dfen 165 oder 185.<\/p>","protected":false},"excerpt":{"rendered":"<p>Set aus 25 m schwarzem, gelbem oder rotem Nylon-Mono-Leine 160 oder 180 + 10 St\u00fcck schwarzen Kupfer-Doppelf\u00fc\u00dfen 165 oder 185.<\/p>","protected":false},"featured_media":101035,"template":"","meta":{"_et_pb_use_builder":"","_et_pb_old_content":"","_et_gb_content_width":""},"product_brand":[],"product_cat":[81],"product_tag":[],"class_list":{"0":"post-100997","1":"product","2":"type-product","3":"status-publish","4":"has-post-thumbnail","6":"product_cat-pribor-i-oprema","8":"first","9":"instock","10":"shipping-taxable","11":"purchasable","12":"product-type-simple"},"_links":{"self":[{"href":"https:\/\/neocarbone.com\/de\/wp-json\/wp\/v2\/product\/100997","targetHints":{"allow":["GET"]}}],"collection":[{"href":"https:\/\/neocarbone.com\/de\/wp-json\/wp\/v2\/product"}],"about":[{"href":"https:\/\/neocarbone.com\/de\/wp-json\/wp\/v2\/types\/product"}],"wp:featuredmedia":[{"embeddable":true,"href":"https:\/\/neocarbone.com\/de\/wp-json\/wp\/v2\/media\/101035"}],"wp:attachment":[{"href":"https:\/\/neocarbone.com\/de\/wp-json\/wp\/v2\/media?parent=100997"}],"wp:term":[{"taxonomy":"product_brand","embeddable":true,"href":"https:\/\/neocarbone.com\/de\/wp-json\/wp\/v2\/product_brand?post=100997"},{"taxonomy":"product_cat","embeddable":true,"href":"https:\/\/neocarbone.com\/de\/wp-json\/wp\/v2\/product_cat?post=100997"},{"taxonomy":"product_tag","embeddable":true,"href":"https:\/\/neocarbone.com\/de\/wp-json\/wp\/v2\/product_tag?post=100997"}],"curies":[{"name":"wp","href":"https:\/\/api.w.org\/{rel}","templated":true}]}}