{"id":101002,"date":"2023-04-26T14:10:16","date_gmt":"2023-04-26T12:10:16","guid":{"rendered":"https:\/\/neocarbone.com\/?post_type=product&#038;p=101002"},"modified":"2023-04-26T14:15:39","modified_gmt":"2023-04-26T12:15:39","slug":"plastic-camera-support-swiveling-down-for-striker","status":"publish","type":"product","link":"https:\/\/neocarbone.com\/de\/product\/plastic-camera-support-swiveling-down-for-striker\/","title":{"rendered":"Nach unten schwenkbarer Kamerahalter aus Kunststoff f\u00fcr Striker"},"content":{"rendered":"<p>Halterung f\u00fcr Kunststoffkameras mit Klappsystem und automatischer Verriegelung in der hohen Position.<br \/>\nEs erleichtert das Spannen des Gewehrs, ohne sich Gedanken \u00fcber die Position der Kamera machen zu m\u00fcssen. Erh\u00e4ltlich in Schwarz und Rot.<\/p>","protected":false},"excerpt":{"rendered":"<p>Podr\u0161ka za plasti\u010dne kamere sa preklopnim sustavom i automatsko zaklju\u010davanje u visokom polo\u017eaju. Olak\u0161ava se napinjanje pu\u0161ke bez brige o polo\u017eaju u kojem se kamera nalazi.Dostupno u crnoj i crvenoj boji.<\/p>","protected":false},"featured_media":101047,"template":"","meta":{"_et_pb_use_builder":"","_et_pb_old_content":"","_et_gb_content_width":""},"product_brand":[],"product_cat":[81],"product_tag":[],"class_list":{"0":"post-101002","1":"product","2":"type-product","3":"status-publish","4":"has-post-thumbnail","6":"product_cat-pribor-i-oprema","8":"first","9":"onbackorder","10":"shipping-taxable","11":"purchasable","12":"product-type-variable"},"_links":{"self":[{"href":"https:\/\/neocarbone.com\/de\/wp-json\/wp\/v2\/product\/101002","targetHints":{"allow":["GET"]}}],"collection":[{"href":"https:\/\/neocarbone.com\/de\/wp-json\/wp\/v2\/product"}],"about":[{"href":"https:\/\/neocarbone.com\/de\/wp-json\/wp\/v2\/types\/product"}],"wp:featuredmedia":[{"embeddable":true,"href":"https:\/\/neocarbone.com\/de\/wp-json\/wp\/v2\/media\/101047"}],"wp:attachment":[{"href":"https:\/\/neocarbone.com\/de\/wp-json\/wp\/v2\/media?parent=101002"}],"wp:term":[{"taxonomy":"product_brand","embeddable":true,"href":"https:\/\/neocarbone.com\/de\/wp-json\/wp\/v2\/product_brand?post=101002"},{"taxonomy":"product_cat","embeddable":true,"href":"https:\/\/neocarbone.com\/de\/wp-json\/wp\/v2\/product_cat?post=101002"},{"taxonomy":"product_tag","embeddable":true,"href":"https:\/\/neocarbone.com\/de\/wp-json\/wp\/v2\/product_tag?post=101002"}],"curies":[{"name":"wp","href":"https:\/\/api.w.org\/{rel}","templated":true}]}}