{"id":101007,"date":"2023-04-26T14:10:16","date_gmt":"2023-04-26T12:10:16","guid":{"rendered":"https:\/\/neocarbone.com\/?post_type=product&#038;p=101007"},"modified":"2025-12-31T06:16:59","modified_gmt":"2025-12-31T04:16:59","slug":"vaga-za-ribu-do-25-kg","status":"publish","type":"product","link":"https:\/\/neocarbone.com\/de\/product\/vaga-za-ribu-do-25-kg\/","title":{"rendered":"Waage f\u00fcr Fische bis 25 kg"},"content":{"rendered":"<ul>\n<li>Einfache elektronische Waage bis 25 kg,<\/li>\n<li>Edelstahlkonstruktion f\u00fcr S\u00fc\u00df- oder Meerwasser,<\/li>\n<li>Verstellbares, korrosionsbest\u00e4ndiges Nylon-Armband,<\/li>\n<li>Robuster und ergonomischer Anti-Rutsch-Griff,<\/li>\n<li>Ein System aus beweglichen Backen f\u00fcr eine bessere Kontrolle beim Fischfang,<\/li>\n<li>Die Waage tr\u00e4gt zur Sicherheit und Reduzierung der Stresssituation bei vorgeschriebenen Fanggewichten bei,<\/li>\n<\/ul>","protected":false},"excerpt":{"rendered":"<p>Jednostavna elektroni\u010dka vaga do 25 kg, Konstrukcija od nehr\u0111aju\u0107eg \u010delika za slatku ili morsku vodu, Podesivi najlon remen za zape\u0161\u0107e otporan na koroziju, Robusna i ergonomska protuklizna ru\u010dka, Sustav zglobnih \u010deljusti za bolju kontrolu hvatanja ribe, Vaga doprinosi kod sigurnosti i smanjenju stresne situacije za propisane te\u017eine ulova,<\/p>","protected":false},"featured_media":101072,"template":"","meta":{"_et_pb_use_builder":"","_et_pb_old_content":"","_et_gb_content_width":""},"product_brand":[],"product_cat":[131,81,53],"product_tag":[],"class_list":{"0":"post-101007","1":"product","2":"type-product","3":"status-publish","4":"has-post-thumbnail","6":"product_cat-akcija","7":"product_cat-pribor-i-oprema","8":"product_cat-razni-dodaci","10":"first","11":"instock","12":"shipping-taxable","13":"purchasable","14":"product-type-simple"},"_links":{"self":[{"href":"https:\/\/neocarbone.com\/de\/wp-json\/wp\/v2\/product\/101007","targetHints":{"allow":["GET"]}}],"collection":[{"href":"https:\/\/neocarbone.com\/de\/wp-json\/wp\/v2\/product"}],"about":[{"href":"https:\/\/neocarbone.com\/de\/wp-json\/wp\/v2\/types\/product"}],"wp:featuredmedia":[{"embeddable":true,"href":"https:\/\/neocarbone.com\/de\/wp-json\/wp\/v2\/media\/101072"}],"wp:attachment":[{"href":"https:\/\/neocarbone.com\/de\/wp-json\/wp\/v2\/media?parent=101007"}],"wp:term":[{"taxonomy":"product_brand","embeddable":true,"href":"https:\/\/neocarbone.com\/de\/wp-json\/wp\/v2\/product_brand?post=101007"},{"taxonomy":"product_cat","embeddable":true,"href":"https:\/\/neocarbone.com\/de\/wp-json\/wp\/v2\/product_cat?post=101007"},{"taxonomy":"product_tag","embeddable":true,"href":"https:\/\/neocarbone.com\/de\/wp-json\/wp\/v2\/product_tag?post=101007"}],"curies":[{"name":"wp","href":"https:\/\/api.w.org\/{rel}","templated":true}]}}