{"id":101026,"date":"2023-04-26T14:10:41","date_gmt":"2023-04-26T12:10:41","guid":{"rendered":"https:\/\/neocarbone.com\/?post_type=product&#038;p=101026"},"modified":"2023-04-26T14:13:19","modified_gmt":"2023-04-26T12:13:19","slug":"klijesta-za-krimp-stopica-najlona","status":"publish","type":"product","link":"https:\/\/neocarbone.com\/de\/product\/klijesta-za-krimp-stopica-najlona\/","title":{"rendered":"Nylon-Crimpzange"},"content":{"rendered":"<p>Handzange zum Crimpen von Nylonf\u00fc\u00dfen.<\/p>\n<p>Drei Positionen f\u00fcr alle Fu\u00dftypen.<\/p>","protected":false},"excerpt":{"rendered":"<p>Handzange zum Crimpen von Nylonf\u00fc\u00dfen. Drei Positionen f\u00fcr alle Fu\u00dftypen.<\/p>","protected":false},"featured_media":101107,"template":"","meta":{"_et_pb_use_builder":"","_et_pb_old_content":"","_et_gb_content_width":""},"product_brand":[],"product_cat":[81,53],"product_tag":[],"class_list":{"0":"post-101026","1":"product","2":"type-product","3":"status-publish","4":"has-post-thumbnail","6":"product_cat-pribor-i-oprema","7":"product_cat-razni-dodaci","9":"first","10":"instock","11":"shipping-taxable","12":"purchasable","13":"product-type-simple"},"_links":{"self":[{"href":"https:\/\/neocarbone.com\/de\/wp-json\/wp\/v2\/product\/101026","targetHints":{"allow":["GET"]}}],"collection":[{"href":"https:\/\/neocarbone.com\/de\/wp-json\/wp\/v2\/product"}],"about":[{"href":"https:\/\/neocarbone.com\/de\/wp-json\/wp\/v2\/types\/product"}],"wp:featuredmedia":[{"embeddable":true,"href":"https:\/\/neocarbone.com\/de\/wp-json\/wp\/v2\/media\/101107"}],"wp:attachment":[{"href":"https:\/\/neocarbone.com\/de\/wp-json\/wp\/v2\/media?parent=101026"}],"wp:term":[{"taxonomy":"product_brand","embeddable":true,"href":"https:\/\/neocarbone.com\/de\/wp-json\/wp\/v2\/product_brand?post=101026"},{"taxonomy":"product_cat","embeddable":true,"href":"https:\/\/neocarbone.com\/de\/wp-json\/wp\/v2\/product_cat?post=101026"},{"taxonomy":"product_tag","embeddable":true,"href":"https:\/\/neocarbone.com\/de\/wp-json\/wp\/v2\/product_tag?post=101026"}],"curies":[{"name":"wp","href":"https:\/\/api.w.org\/{rel}","templated":true}]}}