{"id":101185,"date":"2023-04-26T14:15:42","date_gmt":"2023-04-26T12:15:42","guid":{"rendered":"https:\/\/neocarbone.com\/?post_type=product&#038;p=101185"},"modified":"2024-12-31T00:03:03","modified_gmt":"2024-12-30T22:03:03","slug":"sportube-serija-2","status":"publish","type":"product","link":"https:\/\/neocarbone.com\/de\/product\/sportube-serija-2\/","title":{"rendered":"Sportube - Serie 2"},"content":{"rendered":"<p><strong>Sportube-Geh\u00e4use 2<\/strong><br \/>\nSportube-Boxen bestehen aus hochdichtem Polyethylen, das sehr leicht, stark und langlebig ist. Dadurch wird sichergestellt, dass die Tauchausr\u00fcstung beim Fahren und Tragen besser gesch\u00fctzt ist.<br \/>\nSportube-Koffer verf\u00fcgen \u00fcber geformte Gummir\u00e4der. Die ergonomische Position des Griffs, zusammen mit dem neuen \u201eEasy-Pull\u201c-Zusatzgriff an der Nase, macht den Sportube sehr mobil.<br \/>\nDank des \u00fcberlegenen Designs l\u00e4sst sich die L\u00e4nge jedes Sportube an unz\u00e4hlige Arten von Ausr\u00fcstung in allen Formen und Gr\u00f6\u00dfen anpassen. Auf Reisen sind Sicherheit und Komfort besonders wichtig \u2013 der Sportube l\u00e4sst sich sicher abschlie\u00dfen und einfach \u00fcberpr\u00fcfen.<\/p>\n<p>Technische Daten:<\/p>\n<ul>\n<li>Breite 11&quot; (280 mm),<\/li>\n<li>Tiefe 6\u2033 (152 mm),<\/li>\n<li>Gewicht 12 lbs (5,5 kg)<\/li>\n<li>48\u2033 bis 83\u2033 (1300-2100 mm) \u2013 130-210 cm \/ 280 x 152<\/li>\n<\/ul>\n<p>\u2014\u2014\u2014-<\/p>\n<p><strong>SPORTUBE 2<\/strong><\/p>\n<p>Mit dem starren Teleskopst\u00e4nder SPORTUBE #2 k\u00f6nnen Sie Ihr Material sicher transportieren. Er besteht aus zwei Partys, die ihn in seinen Bann ziehen.<br \/>\nEs hat eine variable L\u00e4nge von 120 bis 210 cm.<\/p>\n<p>Diese Sportube-Etuis sind aus hochdichtem Polyethylen gefertigt, ein Material, das absolut solide und langlebig ist, und das sehr gut.<br \/>\nSie sind mit Rouges aus Kautschuk-Moul\u00e9 ausgestattet und verf\u00fcgen \u00fcber einen ergonomischen Griff f\u00fcr eine bessere Handhabung.<\/p>\n<p>Auf Ihrer Reise sind die Sicherheit und der Gebrauchsgegenstand besonders wichtig. Dieses Sportetui garantiert Ihnen einen hervorragenden Schutz gegen die Schokolade auf Ihrer Reise:\u00a0<strong>Optionaler Tragegurt<\/strong>. Es kann sein, dass sie aus Sicherheitsgr\u00fcnden verrouilles sind:\u00a0<strong>Cadenas en option.<\/strong><\/p>\n<ul>\n<li>Buch mit Poign\u00e9es und Roues.<\/li>\n<li>La sangle de portage ref. B9000S wurde nicht mit dem Produkt geliefert.<\/li>\n<li>Abmessungen: L\u00e4nge variabel von 120 bis 210 cm \u2013 Gro\u00dfer Innenraum 280 cm x 152 cm.<\/li>\n<li>Farbe: Schwarz<\/li>\n<li>Gewicht: 5,5 kg<\/li>\n<\/ul>\n<p>\u2014\u2014\u2014-<\/p>\n<p>Sportr\u00f6hre 2<\/p>\n<p>Sportube-Koffer bestehen aus hochdichtem Polyethylen, das zwar robust und langlebig, aber dennoch sehr leicht ist. Dadurch wird sichergestellt, dass die Ausr\u00fcstung der Taucher besser vor Missbrauch durch Tr\u00e4ger gesch\u00fctzt ist.<br \/>\nSportube-Koffer verf\u00fcgen \u00fcber geformte Gummir\u00e4der. Eine ergonomische Griffposition und der neue \u201eEasy-Pull\u201c-Zubeh\u00f6r-Nasengriff machen den Sportube sehr wendig.<br \/>\nDank des \u00fcberlegenen Designs kann die L\u00e4nge jedes Sportube angepasst werden, um unz\u00e4hlige Arten von Ausr\u00fcstung in allen Formen und Gr\u00f6\u00dfen aufzunehmen. Auf Reisen sind Sicherheit und Komfort besonders wichtig \u2013 der Sportube l\u00e4sst sich zur Sicherheit abschlie\u00dfen und einfach \u00fcberpr\u00fcfen.<\/p>\n<p>Spezifikationen:<\/p>\n<ul>\n<li>Breite 11\u00b4 (280mm)<\/li>\n<li>6&#039; Tiefe (152 mm)<\/li>\n<li>Gewicht 12lbs (5,5kg)<\/li>\n<li>48&#039; bis 83&#039; (1300\u20132100 mm) \u2013 130\u2013210 cm \/ 280 x 152 cm<\/li>\n<\/ul>","protected":false},"excerpt":{"rendered":"<p>Sportube Case 2 Sportube kutije izra\u0111ene su od polietilena visoke gusto\u0107e, koji je vrlo lagan, jak i izdr\u017eljiv. Time se osigurava kako \u0107e ronila\u010dka oprema biti bolje za\u0161ti\u0107ena kod vo\u017enje i no\u0161enja. Koferi Sportube uklju\u010duju oblikovane gumene kota\u010de. Ergonomski polo\u017eaj ru\u010dke, zajedno s novom &#8220;Easy-Pull&#8221; dodatnom nosnom ru\u010dkom \u010dini Sportube vrlo pokretljivim. Vrhunski dizajn omogu\u0107uje [&hellip;]<\/p>\n","protected":false},"featured_media":101200,"template":"","meta":{"_et_pb_use_builder":"","_et_pb_old_content":"","_et_gb_content_width":""},"product_brand":[],"product_cat":[131,81,53,86],"product_tag":[],"class_list":{"0":"post-101185","1":"product","2":"type-product","3":"status-publish","4":"has-post-thumbnail","6":"product_cat-akcija","7":"product_cat-pribor-i-oprema","8":"product_cat-razni-dodaci","9":"product_cat-torbe","11":"first","12":"instock","13":"shipping-taxable","14":"purchasable","15":"product-type-simple"},"_links":{"self":[{"href":"https:\/\/neocarbone.com\/de\/wp-json\/wp\/v2\/product\/101185","targetHints":{"allow":["GET"]}}],"collection":[{"href":"https:\/\/neocarbone.com\/de\/wp-json\/wp\/v2\/product"}],"about":[{"href":"https:\/\/neocarbone.com\/de\/wp-json\/wp\/v2\/types\/product"}],"wp:featuredmedia":[{"embeddable":true,"href":"https:\/\/neocarbone.com\/de\/wp-json\/wp\/v2\/media\/101200"}],"wp:attachment":[{"href":"https:\/\/neocarbone.com\/de\/wp-json\/wp\/v2\/media?parent=101185"}],"wp:term":[{"taxonomy":"product_brand","embeddable":true,"href":"https:\/\/neocarbone.com\/de\/wp-json\/wp\/v2\/product_brand?post=101185"},{"taxonomy":"product_cat","embeddable":true,"href":"https:\/\/neocarbone.com\/de\/wp-json\/wp\/v2\/product_cat?post=101185"},{"taxonomy":"product_tag","embeddable":true,"href":"https:\/\/neocarbone.com\/de\/wp-json\/wp\/v2\/product_tag?post=101185"}],"curies":[{"name":"wp","href":"https:\/\/api.w.org\/{rel}","templated":true}]}}