{"id":101246,"date":"2023-04-26T14:27:59","date_gmt":"2023-04-26T12:27:59","guid":{"rendered":"https:\/\/neocarbone.com\/?post_type=product&#038;p=101246"},"modified":"2023-04-26T14:28:25","modified_gmt":"2023-04-26T12:28:25","slug":"belt-hook-with-d-ring","status":"publish","type":"product","link":"https:\/\/neocarbone.com\/de\/product\/belt-hook-with-d-ring\/","title":{"rendered":"G\u00fcrtelhaken mit D-Ring"},"content":{"rendered":"<p>G\u00fcrtelbefestigung mit D-Ring aus Edelstahl. Die Riemendurchg\u00e4nge sind leicht gezahnt, um ein Verrutschen der Ausr\u00fcstung auf dem Riemen zu verhindern. Die D-Ring-Befestigung ist sehr praktisch, um je nach Bedarf verschiedene Ausr\u00fcstungsgegenst\u00e4nde einfach aufzuh\u00e4ngen.<\/p>","protected":false},"excerpt":{"rendered":"<p>G\u00fcrtelbefestigung mit D-Ring aus Edelstahl. Die Riemendurchg\u00e4nge sind leicht gezahnt, um ein Verrutschen der Ausr\u00fcstung auf dem Riemen zu verhindern. Die D-Ring-Befestigung ist sehr praktisch, um je nach Bedarf verschiedene Ausr\u00fcstungsgegenst\u00e4nde einfach aufzuh\u00e4ngen.<\/p>","protected":false},"featured_media":101266,"template":"","meta":{"_et_pb_use_builder":"","_et_pb_old_content":"","_et_gb_content_width":""},"product_brand":[],"product_cat":[53],"product_tag":[],"class_list":{"0":"post-101246","1":"product","2":"type-product","3":"status-publish","4":"has-post-thumbnail","6":"product_cat-razni-dodaci","8":"first","9":"instock","10":"shipping-taxable","11":"purchasable","12":"product-type-simple"},"_links":{"self":[{"href":"https:\/\/neocarbone.com\/de\/wp-json\/wp\/v2\/product\/101246","targetHints":{"allow":["GET"]}}],"collection":[{"href":"https:\/\/neocarbone.com\/de\/wp-json\/wp\/v2\/product"}],"about":[{"href":"https:\/\/neocarbone.com\/de\/wp-json\/wp\/v2\/types\/product"}],"wp:featuredmedia":[{"embeddable":true,"href":"https:\/\/neocarbone.com\/de\/wp-json\/wp\/v2\/media\/101266"}],"wp:attachment":[{"href":"https:\/\/neocarbone.com\/de\/wp-json\/wp\/v2\/media?parent=101246"}],"wp:term":[{"taxonomy":"product_brand","embeddable":true,"href":"https:\/\/neocarbone.com\/de\/wp-json\/wp\/v2\/product_brand?post=101246"},{"taxonomy":"product_cat","embeddable":true,"href":"https:\/\/neocarbone.com\/de\/wp-json\/wp\/v2\/product_cat?post=101246"},{"taxonomy":"product_tag","embeddable":true,"href":"https:\/\/neocarbone.com\/de\/wp-json\/wp\/v2\/product_tag?post=101246"}],"curies":[{"name":"wp","href":"https:\/\/api.w.org\/{rel}","templated":true}]}}