{"id":101337,"date":"2023-04-26T14:37:12","date_gmt":"2023-04-26T12:37:12","guid":{"rendered":"https:\/\/neocarbone.com\/?post_type=product&#038;p=101337"},"modified":"2023-04-26T14:39:15","modified_gmt":"2023-04-26T12:39:15","slug":"odijelo-bez-kapuljace-abyss-2mm-zensko","status":"publish","type":"product","link":"https:\/\/neocarbone.com\/de\/product\/odijelo-bez-kapuljace-abyss-2mm-zensko\/","title":{"rendered":"Anzug ohne Kapuze Abyss 2mm \u2013 weiblich"},"content":{"rendered":"<ul>\n<li>Neopren Sehr ultraglattes Au\u00dfenteil,<\/li>\n<li>Elasthan-Innenfutter f\u00fcr maximale Dehnbarkeit und Komfort sowie schnelles An- und Ausziehen,<\/li>\n<li>Halsmanschette, System \u2013 Verschluss des Overalls mit einer Halsmanschette, die den Wassereintritt unterbindet und die Hydrodynamik f\u00f6rdert,<\/li>\n<li>Modell vorgeschlagen in 2 mm mit R\u00fcckenverschluss,<\/li>\n<li>Ergonomischer Schnitt mit vorgeformten gedrehten \u00c4rmeln f\u00fcr maximalen Komfort in der hydrodynamischen Position der erhobenen Arme.<\/li>\n<\/ul>","protected":false},"excerpt":{"rendered":"<p>Neoprenski Jako ultra glatki vanjski dio, Elastina unutarnja obloga za maksimalno rastezanje i udobnost, kao i brzo odijevanje i svla\u010denje, Man\u017eeta za vrat, sustav &#8211; zatvaranje kombinezona man\u0161etom za vrat \u0161to poni\u0161tava ulazak vode i poti\u010de hidrodinamiku, Model predlo\u017een u 2 mm sa stra\u017enjim zatvara\u010dem, Ergonomski rez s pred oblikovanim okrenutim rukavcima za maksimalnu udobnost [&hellip;]<\/p>\n","protected":false},"featured_media":101374,"template":"","meta":{"_et_pb_use_builder":"","_et_pb_old_content":"","_et_gb_content_width":""},"product_brand":[],"product_cat":[52],"product_tag":[],"class_list":{"0":"post-101337","1":"product","2":"type-product","3":"status-publish","4":"has-post-thumbnail","6":"product_cat-ronjenje-na-dah-free-diving","8":"first","9":"instock","10":"shipping-taxable","11":"purchasable","12":"product-type-variable"},"_links":{"self":[{"href":"https:\/\/neocarbone.com\/de\/wp-json\/wp\/v2\/product\/101337","targetHints":{"allow":["GET"]}}],"collection":[{"href":"https:\/\/neocarbone.com\/de\/wp-json\/wp\/v2\/product"}],"about":[{"href":"https:\/\/neocarbone.com\/de\/wp-json\/wp\/v2\/types\/product"}],"wp:featuredmedia":[{"embeddable":true,"href":"https:\/\/neocarbone.com\/de\/wp-json\/wp\/v2\/media\/101374"}],"wp:attachment":[{"href":"https:\/\/neocarbone.com\/de\/wp-json\/wp\/v2\/media?parent=101337"}],"wp:term":[{"taxonomy":"product_brand","embeddable":true,"href":"https:\/\/neocarbone.com\/de\/wp-json\/wp\/v2\/product_brand?post=101337"},{"taxonomy":"product_cat","embeddable":true,"href":"https:\/\/neocarbone.com\/de\/wp-json\/wp\/v2\/product_cat?post=101337"},{"taxonomy":"product_tag","embeddable":true,"href":"https:\/\/neocarbone.com\/de\/wp-json\/wp\/v2\/product_tag?post=101337"}],"curies":[{"name":"wp","href":"https:\/\/api.w.org\/{rel}","templated":true}]}}