{"id":101400,"date":"2023-04-26T14:41:58","date_gmt":"2023-04-26T12:41:58","guid":{"rendered":"https:\/\/neocarbone.com\/?post_type=product&#038;p=101400"},"modified":"2025-11-07T21:41:48","modified_gmt":"2025-11-07T19:41:48","slug":"rukavice-red-fusion-3mm-power-tex-kevlar","status":"publish","type":"product","link":"https:\/\/neocarbone.com\/de\/product\/rukavice-red-fusion-3mm-power-tex-kevlar\/","title":{"rendered":"Handschuhe Red Fusion 3mm \u2013 Power Tex \u2013 Kevlar"},"content":{"rendered":"<ul>\n<li>Camo-Polyester-Spandex au\u00dfen,<\/li>\n<li>Jersey innen sehr dehnbar,<\/li>\n<li>Powertex-Futter an der Au\u00dfenseite der Handfl\u00e4che f\u00fcr hohe Schnitt- und Kratzfestigkeit,<\/li>\n<li>Erh\u00e4ltlich in Fusion Brown oder Fusion Red<\/li>\n<\/ul>","protected":false},"excerpt":{"rendered":"<p>Camo poliester spandex izvana, Jersey jako rastezljivi s unutarnje strane, Powertex podstava s vanjske strane dlana za visoku otpornost na posjekotine i ogrebotine, Dostupno u Fusion Brown ili Fusion Red boji<\/p>","protected":false},"featured_media":101441,"template":"","meta":{"_et_pb_use_builder":"","_et_pb_old_content":"","_et_gb_content_width":""},"product_brand":[],"product_cat":[131,92,91],"product_tag":[],"class_list":{"0":"post-101400","1":"product","2":"type-product","3":"status-publish","4":"has-post-thumbnail","6":"product_cat-akcija","7":"product_cat-rukavice","8":"product_cat-rukavice-i-carape","10":"first","11":"instock","12":"sale","13":"shipping-taxable","14":"purchasable","15":"product-type-variable"},"_links":{"self":[{"href":"https:\/\/neocarbone.com\/de\/wp-json\/wp\/v2\/product\/101400","targetHints":{"allow":["GET"]}}],"collection":[{"href":"https:\/\/neocarbone.com\/de\/wp-json\/wp\/v2\/product"}],"about":[{"href":"https:\/\/neocarbone.com\/de\/wp-json\/wp\/v2\/types\/product"}],"wp:featuredmedia":[{"embeddable":true,"href":"https:\/\/neocarbone.com\/de\/wp-json\/wp\/v2\/media\/101441"}],"wp:attachment":[{"href":"https:\/\/neocarbone.com\/de\/wp-json\/wp\/v2\/media?parent=101400"}],"wp:term":[{"taxonomy":"product_brand","embeddable":true,"href":"https:\/\/neocarbone.com\/de\/wp-json\/wp\/v2\/product_brand?post=101400"},{"taxonomy":"product_cat","embeddable":true,"href":"https:\/\/neocarbone.com\/de\/wp-json\/wp\/v2\/product_cat?post=101400"},{"taxonomy":"product_tag","embeddable":true,"href":"https:\/\/neocarbone.com\/de\/wp-json\/wp\/v2\/product_tag?post=101400"}],"curies":[{"name":"wp","href":"https:\/\/api.w.org\/{rel}","templated":true}]}}