{"id":101406,"date":"2023-04-26T14:41:59","date_gmt":"2023-04-26T12:41:59","guid":{"rendered":"https:\/\/neocarbone.com\/?post_type=product&#038;p=101406"},"modified":"2025-01-31T00:02:06","modified_gmt":"2025-01-30T22:02:06","slug":"carape-3-mm-tactical-stealth","status":"publish","type":"product","link":"https:\/\/neocarbone.com\/de\/product\/carape-3-mm-tactical-stealth\/","title":{"rendered":"Socken 3 mm \u2013 Taktische Stealth"},"content":{"rendered":"<p>Socken zum Speerfischen:<\/p>\n<p>Camouflage-Neopren-Spandex-Camouflage auf der Au\u00dfenseite und ultra-elastischer Jersey auf der Innenseite mit einer rutschfesten Innensohle auf der Innenseite.<\/p>\n<p>Au\u00dfen PowerKev-Futter mit vorgeformter Links-\/Rechtsform und Waben-3D-Effekt mit PU-Beschichtung an Ferse und Zehen f\u00fcr eine bessere Pflege des Innenteils.<\/p>","protected":false},"excerpt":{"rendered":"<p>\u010carape za podvodni ribolov: Izvana kamufla\u017eni neopren Spandex camo, a iznutra ultra rastezljivi jersey s unutarnjim neklizaju\u0107im potplatom iznutra. S vanjske strane PowerKev podstava s preformiranim oblikom lijevo\/desno i sa\u0107asti 3D efekt s PU premazom na peti i nozi za bolje odr\u017eavanje unutarnjeg dijela.<\/p>","protected":false},"featured_media":101471,"template":"","meta":{"_et_pb_use_builder":"","_et_pb_old_content":"","_et_gb_content_width":""},"product_brand":[],"product_cat":[131,93,91],"product_tag":[],"class_list":{"0":"post-101406","1":"product","2":"type-product","3":"status-publish","4":"has-post-thumbnail","6":"product_cat-akcija","7":"product_cat-carape","8":"product_cat-rukavice-i-carape","10":"first","11":"instock","12":"shipping-taxable","13":"purchasable","14":"product-type-variable"},"_links":{"self":[{"href":"https:\/\/neocarbone.com\/de\/wp-json\/wp\/v2\/product\/101406","targetHints":{"allow":["GET"]}}],"collection":[{"href":"https:\/\/neocarbone.com\/de\/wp-json\/wp\/v2\/product"}],"about":[{"href":"https:\/\/neocarbone.com\/de\/wp-json\/wp\/v2\/types\/product"}],"wp:featuredmedia":[{"embeddable":true,"href":"https:\/\/neocarbone.com\/de\/wp-json\/wp\/v2\/media\/101471"}],"wp:attachment":[{"href":"https:\/\/neocarbone.com\/de\/wp-json\/wp\/v2\/media?parent=101406"}],"wp:term":[{"taxonomy":"product_brand","embeddable":true,"href":"https:\/\/neocarbone.com\/de\/wp-json\/wp\/v2\/product_brand?post=101406"},{"taxonomy":"product_cat","embeddable":true,"href":"https:\/\/neocarbone.com\/de\/wp-json\/wp\/v2\/product_cat?post=101406"},{"taxonomy":"product_tag","embeddable":true,"href":"https:\/\/neocarbone.com\/de\/wp-json\/wp\/v2\/product_tag?post=101406"}],"curies":[{"name":"wp","href":"https:\/\/api.w.org\/{rel}","templated":true}]}}