{"id":101535,"date":"2023-04-26T14:52:06","date_gmt":"2023-04-26T12:52:06","guid":{"rendered":"https:\/\/neocarbone.com\/?post_type=product&#038;p=101535"},"modified":"2023-04-26T14:52:14","modified_gmt":"2023-04-26T12:52:14","slug":"sandvik-tsc-o6-25mm-notch-without-barb-135cm","status":"publish","type":"product","link":"https:\/\/neocarbone.com\/de\/product\/sandvik-tsc-o6-25mm-notch-without-barb-135cm\/","title":{"rendered":"SANDVIK-TSC \u00d86,25 mm Kerbe \u2013 ohne Widerhaken \u2013 135 cm"},"content":{"rendered":"<p>Edelstahltypen SANDVIK MATERIALTECHNOLOGY,<br \/>\nKurze Pfeilspitze f\u00fcr bessere Schlagfestigkeit, w\u00e4rmebehandelt zur Erh\u00f6hung der Festigkeit und Biegefestigkeit f\u00fcr 20%-Haken.<\/p>","protected":false},"excerpt":{"rendered":"<p>Nehr\u0111aju\u0107i \u010delik vrsta SANDVIK MATERIALTECHNOLOGY, Kratki vrh strelice za bolju otpornost na udarce,toplinski tretirano kako bi se pove\u0107ala\u010dvrsto\u0107a i otpornost na savijanje za 20%.Polirane kukice.<\/p>","protected":false},"featured_media":101564,"template":"","meta":{"_et_pb_use_builder":"","_et_pb_old_content":"","_et_gb_content_width":""},"product_brand":[],"product_cat":[83],"product_tag":[],"class_list":{"0":"post-101535","1":"product","2":"type-product","3":"status-publish","4":"has-post-thumbnail","6":"product_cat-strijele","8":"first","9":"onbackorder","10":"shipping-taxable","11":"purchasable","12":"product-type-simple"},"_links":{"self":[{"href":"https:\/\/neocarbone.com\/de\/wp-json\/wp\/v2\/product\/101535","targetHints":{"allow":["GET"]}}],"collection":[{"href":"https:\/\/neocarbone.com\/de\/wp-json\/wp\/v2\/product"}],"about":[{"href":"https:\/\/neocarbone.com\/de\/wp-json\/wp\/v2\/types\/product"}],"wp:featuredmedia":[{"embeddable":true,"href":"https:\/\/neocarbone.com\/de\/wp-json\/wp\/v2\/media\/101564"}],"wp:attachment":[{"href":"https:\/\/neocarbone.com\/de\/wp-json\/wp\/v2\/media?parent=101535"}],"wp:term":[{"taxonomy":"product_brand","embeddable":true,"href":"https:\/\/neocarbone.com\/de\/wp-json\/wp\/v2\/product_brand?post=101535"},{"taxonomy":"product_cat","embeddable":true,"href":"https:\/\/neocarbone.com\/de\/wp-json\/wp\/v2\/product_cat?post=101535"},{"taxonomy":"product_tag","embeddable":true,"href":"https:\/\/neocarbone.com\/de\/wp-json\/wp\/v2\/product_tag?post=101535"}],"curies":[{"name":"wp","href":"https:\/\/api.w.org\/{rel}","templated":true}]}}