{"id":101629,"date":"2023-04-26T14:57:11","date_gmt":"2023-04-26T12:57:11","guid":{"rendered":"https:\/\/neocarbone.com\/?post_type=product&#038;p=101629"},"modified":"2024-12-31T00:03:03","modified_gmt":"2024-12-30T22:03:03","slug":"red-mesh-bag","status":"publish","type":"product","link":"https:\/\/neocarbone.com\/de\/product\/red-mesh-bag\/","title":{"rendered":"Rote Netztasche"},"content":{"rendered":"<p>Der Netzbeutel ist ideal zum Sammeln von Muscheln: Er besteht aus extrem widerstandsf\u00e4higem Nylon; ergonomischer Griff mit Riegel; leicht mit Handschuhen zu \u00f6ffnen; tr\u00e4gt eine Last von bis zu 50 kg; \u00d6ffnung mit transparenter Polyethylenplane abgedeckt; Futter ist 30 cm von der \u00d6ffnung entfernt, mit Dreifachn\u00e4hten an den R\u00e4ndern; einfaches Einsetzen aller Arten von Patronenh\u00fclsen; L\u00e4nge 60 cm; Breite unten 50 cm.<\/p>","protected":false},"excerpt":{"rendered":"<p>Der Netzbeutel ist ideal zum Sammeln von Muscheln: Er besteht aus extrem widerstandsf\u00e4higem Nylon; ergonomischer Griff mit Riegel; leicht mit Handschuhen zu \u00f6ffnen; tr\u00e4gt eine Last von bis zu 50 kg; \u00d6ffnung mit transparenter Polyethylenplane abgedeckt; Futter ist 30 cm von der \u00d6ffnung entfernt, mit Dreifachn\u00e4hten an den R\u00e4ndern; einfaches Einsetzen aller Arten von Patronenh\u00fclsen; L\u00e4nge 60 cm; Breite unten 50 cm.<\/p>","protected":false},"featured_media":101635,"template":"","meta":{"_et_pb_use_builder":"","_et_pb_old_content":"","_et_gb_content_width":""},"product_brand":[],"product_cat":[131,86],"product_tag":[],"class_list":{"0":"post-101629","1":"product","2":"type-product","3":"status-publish","4":"has-post-thumbnail","6":"product_cat-akcija","7":"product_cat-torbe","9":"first","10":"instock","11":"shipping-taxable","12":"purchasable","13":"product-type-simple"},"_links":{"self":[{"href":"https:\/\/neocarbone.com\/de\/wp-json\/wp\/v2\/product\/101629","targetHints":{"allow":["GET"]}}],"collection":[{"href":"https:\/\/neocarbone.com\/de\/wp-json\/wp\/v2\/product"}],"about":[{"href":"https:\/\/neocarbone.com\/de\/wp-json\/wp\/v2\/types\/product"}],"wp:featuredmedia":[{"embeddable":true,"href":"https:\/\/neocarbone.com\/de\/wp-json\/wp\/v2\/media\/101635"}],"wp:attachment":[{"href":"https:\/\/neocarbone.com\/de\/wp-json\/wp\/v2\/media?parent=101629"}],"wp:term":[{"taxonomy":"product_brand","embeddable":true,"href":"https:\/\/neocarbone.com\/de\/wp-json\/wp\/v2\/product_brand?post=101629"},{"taxonomy":"product_cat","embeddable":true,"href":"https:\/\/neocarbone.com\/de\/wp-json\/wp\/v2\/product_cat?post=101629"},{"taxonomy":"product_tag","embeddable":true,"href":"https:\/\/neocarbone.com\/de\/wp-json\/wp\/v2\/product_tag?post=101629"}],"curies":[{"name":"wp","href":"https:\/\/api.w.org\/{rel}","templated":true}]}}