{"id":101658,"date":"2023-04-26T14:59:18","date_gmt":"2023-04-26T12:59:18","guid":{"rendered":"https:\/\/neocarbone.com\/?post_type=product&#038;p=101658"},"modified":"2025-01-31T00:01:58","modified_gmt":"2025-01-30T22:01:58","slug":"epsealon-minisub","status":"publish","type":"product","link":"https:\/\/neocarbone.com\/de\/product\/epsealon-minisub\/","title":{"rendered":"Epsealon \u2013 Minisub"},"content":{"rendered":"<p>Eine speziell entwickelte Maske mit kleinem Volumen<br \/>\nzum Freitauchen; schwarzer Rahmen aus hypoallergenem Silikon und Polycarbonat; abnehmbare Schnallen, die sich schnell verstellen lassen, k\u00f6nnen mit dicken Handschuhen angepasst werden.<\/p>","protected":false},"excerpt":{"rendered":"<p>Maska malog volumena, posebno dizajnirana za slobodno ronjenje; crni hipoalergenski silikon ipolikarbonatni okvir; uklonjive kop\u010de koje se mogu brzo pode\u0161avati,mo\u017ee se pode\u0161avati u debelim rukavicama.<\/p>","protected":false},"featured_media":101683,"template":"","meta":{"_et_pb_use_builder":"","_et_pb_old_content":"","_et_gb_content_width":""},"product_brand":[],"product_cat":[131,88],"product_tag":[],"class_list":{"0":"post-101658","1":"product","2":"type-product","3":"status-publish","4":"has-post-thumbnail","6":"product_cat-akcija","7":"product_cat-maske","9":"first","10":"instock","11":"shipping-taxable","12":"purchasable","13":"product-type-simple"},"_links":{"self":[{"href":"https:\/\/neocarbone.com\/de\/wp-json\/wp\/v2\/product\/101658","targetHints":{"allow":["GET"]}}],"collection":[{"href":"https:\/\/neocarbone.com\/de\/wp-json\/wp\/v2\/product"}],"about":[{"href":"https:\/\/neocarbone.com\/de\/wp-json\/wp\/v2\/types\/product"}],"wp:featuredmedia":[{"embeddable":true,"href":"https:\/\/neocarbone.com\/de\/wp-json\/wp\/v2\/media\/101683"}],"wp:attachment":[{"href":"https:\/\/neocarbone.com\/de\/wp-json\/wp\/v2\/media?parent=101658"}],"wp:term":[{"taxonomy":"product_brand","embeddable":true,"href":"https:\/\/neocarbone.com\/de\/wp-json\/wp\/v2\/product_brand?post=101658"},{"taxonomy":"product_cat","embeddable":true,"href":"https:\/\/neocarbone.com\/de\/wp-json\/wp\/v2\/product_cat?post=101658"},{"taxonomy":"product_tag","embeddable":true,"href":"https:\/\/neocarbone.com\/de\/wp-json\/wp\/v2\/product_tag?post=101658"}],"curies":[{"name":"wp","href":"https:\/\/api.w.org\/{rel}","templated":true}]}}