{"id":101730,"date":"2023-04-26T15:02:34","date_gmt":"2023-04-26T13:02:34","guid":{"rendered":"https:\/\/neocarbone.com\/?post_type=product&#038;p=101730"},"modified":"2025-09-30T01:22:46","modified_gmt":"2025-09-29T23:22:46","slug":"exium-compact-100m","status":"publish","type":"product","link":"https:\/\/neocarbone.com\/de\/product\/exium-compact-100m\/","title":{"rendered":"Exium kompakt 100m"},"content":{"rendered":"<p>Ultrakompakte Rolle, erh\u00e4ltlich in 2 Versionen, Kapazit\u00e4t 50 oder 100 Meter, f\u00fcr Seilst\u00e4rke 1,5 mm<br \/>\n- Spule aus eloxiertem Aluminium - Trommel und F\u00fchrung aus Edelstahl - Klappbarer Griff aufgrund der Volumenreduzierung<\/p>","protected":false},"excerpt":{"rendered":"<p>Ultra kompaktni mulinel, dostupan u 2 verzije, kapaciteta 50 ili 100 metara, za debljine konopa 1,5mm &#8211; anodizirani aluminijski kalem- bubanj i vodilica od nehr\u0111aju\u0107eg \u010delika- sklopiva ru\u010dica zbog smanjenja obujma<\/p>","protected":false},"featured_media":101753,"template":"","meta":{"_et_pb_use_builder":"","_et_pb_old_content":"","_et_gb_content_width":""},"product_brand":[],"product_cat":[131,85],"product_tag":[],"class_list":{"0":"post-101730","1":"product","2":"type-product","3":"status-publish","4":"has-post-thumbnail","6":"product_cat-akcija","7":"product_cat-mulineli-reels","9":"first","10":"instock","11":"shipping-taxable","12":"purchasable","13":"product-type-simple"},"_links":{"self":[{"href":"https:\/\/neocarbone.com\/de\/wp-json\/wp\/v2\/product\/101730","targetHints":{"allow":["GET"]}}],"collection":[{"href":"https:\/\/neocarbone.com\/de\/wp-json\/wp\/v2\/product"}],"about":[{"href":"https:\/\/neocarbone.com\/de\/wp-json\/wp\/v2\/types\/product"}],"wp:featuredmedia":[{"embeddable":true,"href":"https:\/\/neocarbone.com\/de\/wp-json\/wp\/v2\/media\/101753"}],"wp:attachment":[{"href":"https:\/\/neocarbone.com\/de\/wp-json\/wp\/v2\/media?parent=101730"}],"wp:term":[{"taxonomy":"product_brand","embeddable":true,"href":"https:\/\/neocarbone.com\/de\/wp-json\/wp\/v2\/product_brand?post=101730"},{"taxonomy":"product_cat","embeddable":true,"href":"https:\/\/neocarbone.com\/de\/wp-json\/wp\/v2\/product_cat?post=101730"},{"taxonomy":"product_tag","embeddable":true,"href":"https:\/\/neocarbone.com\/de\/wp-json\/wp\/v2\/product_tag?post=101730"}],"curies":[{"name":"wp","href":"https:\/\/api.w.org\/{rel}","templated":true}]}}