{"id":101745,"date":"2023-04-26T15:02:35","date_gmt":"2023-04-26T13:02:35","guid":{"rendered":"https:\/\/neocarbone.com\/?post_type=product&#038;p=101745"},"modified":"2025-11-07T21:50:58","modified_gmt":"2025-11-07T19:50:58","slug":"elysium-red-15m","status":"publish","type":"product","link":"https:\/\/neocarbone.com\/de\/product\/elysium-red-15m\/","title":{"rendered":"Elysiumrot 15m"},"content":{"rendered":"<p>Ultrakompakte Rolle, erh\u00e4ltlich in 3 eloxierten Versionen: Aluminium, Schwarz und Rot mit einer Kapazit\u00e4t von 15, 30, 50 und 70 Metern f\u00fcr Seile mit einer Dicke von 1,5 mm;<br \/>\nSpule aus Aluminium, Trommel und F\u00fchrung aus Edelstahl. Klappbarer Griff zur Volumenreduzierung. Erh\u00e4ltlich in den Versionen mit Montagesatz oder flacher Basis.<\/p>","protected":false},"excerpt":{"rendered":"<p>Ultra kompaktni mulinel, dostupan u 3 anodizirane verzije : aluminij, crna i crvena kapaciteta 15, 30, 50 i 70 metara za konope debljine 1,5mm; Aluminijski kalem, te bubanj i vodilica od nehr\u0111aju\u0107eg \u010delikasklopiva ru\u010dica zbog smanjenja obujmaDostupno u verzijama sa kitom za monta\u017eu ili ravnom bazom.<\/p>","protected":false},"featured_media":101765,"template":"","meta":{"_et_pb_use_builder":"","_et_pb_old_content":"","_et_gb_content_width":""},"product_brand":[],"product_cat":[131,85],"product_tag":[],"class_list":{"0":"post-101745","1":"product","2":"type-product","3":"status-publish","4":"has-post-thumbnail","6":"product_cat-akcija","7":"product_cat-mulineli-reels","9":"first","10":"instock","11":"sale","12":"shipping-taxable","13":"purchasable","14":"product-type-simple"},"_links":{"self":[{"href":"https:\/\/neocarbone.com\/de\/wp-json\/wp\/v2\/product\/101745","targetHints":{"allow":["GET"]}}],"collection":[{"href":"https:\/\/neocarbone.com\/de\/wp-json\/wp\/v2\/product"}],"about":[{"href":"https:\/\/neocarbone.com\/de\/wp-json\/wp\/v2\/types\/product"}],"wp:featuredmedia":[{"embeddable":true,"href":"https:\/\/neocarbone.com\/de\/wp-json\/wp\/v2\/media\/101765"}],"wp:attachment":[{"href":"https:\/\/neocarbone.com\/de\/wp-json\/wp\/v2\/media?parent=101745"}],"wp:term":[{"taxonomy":"product_brand","embeddable":true,"href":"https:\/\/neocarbone.com\/de\/wp-json\/wp\/v2\/product_brand?post=101745"},{"taxonomy":"product_cat","embeddable":true,"href":"https:\/\/neocarbone.com\/de\/wp-json\/wp\/v2\/product_cat?post=101745"},{"taxonomy":"product_tag","embeddable":true,"href":"https:\/\/neocarbone.com\/de\/wp-json\/wp\/v2\/product_tag?post=101745"}],"curies":[{"name":"wp","href":"https:\/\/api.w.org\/{rel}","templated":true}]}}