{"id":101797,"date":"2023-04-26T15:08:10","date_gmt":"2023-04-26T13:08:10","guid":{"rendered":"https:\/\/neocarbone.com\/?post_type=product&#038;p=101797"},"modified":"2025-01-31T00:02:00","modified_gmt":"2025-01-30T22:02:00","slug":"silex-titanium-gray","status":"publish","type":"product","link":"https:\/\/neocarbone.com\/de\/product\/silex-titanium-gray\/","title":{"rendered":"SILEX Titangrau"},"content":{"rendered":"<p>Abnehmbare Silex-Klinge, erh\u00e4ltlich in 14 cm L\u00e4nge, beschichtet mit schwarzem Titan;<\/p>\n<p>Die 55HRC-Edelstahlzusammensetzung wurde von Epsealon aufgrund ihrer hervorragenden Materialqualit\u00e4t ausgew\u00e4hlt;<\/p>\n<p>Auf der einen Seite lasergraviertes Esealon Logo, auf der anderen Silex Eine Seite der Klinge dient zum Schneiden, die andere ist gezahnt. ;<\/p>\n<p>Klinge in Edelstahl oder schwarzer Titanausf\u00fchrung erh\u00e4ltlich;<\/p>\n<p>ergonomischer doppellagiger &quot;Epsealon&quot;-Griff mit gepresstem SEBS;<\/p>\n<p>Lieferung mit zwei Umlenkrollen und einem flexiblen Etui mit doppelter Sicherung zum Aufbewahren des Messers;<\/p>\n<p>erh\u00e4ltlich in den Farben: schwarz \/ gr\u00fcn \/ gelb \/ orange und grau<\/p>","protected":false},"excerpt":{"rendered":"<p>Silex uklonjiva o\u0161trica dostupna u duljini 14 cm prekrivena crnim titanijem; Kompoziciju od nehr\u0111aju\u0107eg \u010delika 55HRC odabrao je Epsealon zbog izvrsne kvalitete materijala; Esealon logotip laserski ugraviran s jedne strane, Silex s druge strane.Jedna strana o\u0161trice je za rezanje, druga zup\u010dasta. ; o\u0161trica dostupna u verziji od nehr\u0111aju\u0107eg \u010delika ili crnim titanijem; ergonomska ru\u010dka dvoslojna [&hellip;]<\/p>\n","protected":false},"featured_media":101811,"template":"","meta":{"_et_pb_use_builder":"","_et_pb_old_content":"","_et_gb_content_width":""},"product_brand":[],"product_cat":[131,87],"product_tag":[],"class_list":{"0":"post-101797","1":"product","2":"type-product","3":"status-publish","4":"has-post-thumbnail","6":"product_cat-akcija","7":"product_cat-nozevi","9":"first","10":"instock","11":"shipping-taxable","12":"purchasable","13":"product-type-simple"},"_links":{"self":[{"href":"https:\/\/neocarbone.com\/de\/wp-json\/wp\/v2\/product\/101797","targetHints":{"allow":["GET"]}}],"collection":[{"href":"https:\/\/neocarbone.com\/de\/wp-json\/wp\/v2\/product"}],"about":[{"href":"https:\/\/neocarbone.com\/de\/wp-json\/wp\/v2\/types\/product"}],"wp:featuredmedia":[{"embeddable":true,"href":"https:\/\/neocarbone.com\/de\/wp-json\/wp\/v2\/media\/101811"}],"wp:attachment":[{"href":"https:\/\/neocarbone.com\/de\/wp-json\/wp\/v2\/media?parent=101797"}],"wp:term":[{"taxonomy":"product_brand","embeddable":true,"href":"https:\/\/neocarbone.com\/de\/wp-json\/wp\/v2\/product_brand?post=101797"},{"taxonomy":"product_cat","embeddable":true,"href":"https:\/\/neocarbone.com\/de\/wp-json\/wp\/v2\/product_cat?post=101797"},{"taxonomy":"product_tag","embeddable":true,"href":"https:\/\/neocarbone.com\/de\/wp-json\/wp\/v2\/product_tag?post=101797"}],"curies":[{"name":"wp","href":"https:\/\/api.w.org\/{rel}","templated":true}]}}