{"id":101944,"date":"2023-04-26T15:15:19","date_gmt":"2023-04-26T13:15:19","guid":{"rendered":"https:\/\/neocarbone.com\/?post_type=product&#038;p=101944"},"modified":"2023-04-26T15:15:37","modified_gmt":"2023-04-26T13:15:37","slug":"blue-water-high-pressure-float-bw15l","status":"publish","type":"product","link":"https:\/\/neocarbone.com\/de\/product\/blue-water-high-pressure-float-bw15l\/","title":{"rendered":"Blauwasser-Hochdruckschwimmer BW15L"},"content":{"rendered":"<p>Eine Hochdruckboje, die speziell f\u00fcr das Angeln au\u00dfergew\u00f6hnlicher Fischarten entwickelt wurde. Hergestellt aus extrem widerstandsf\u00e4higem PVC-Material 0,9 mm.<br \/>\nAusgestattet mit 2 robusten Edelstahlringen und gro\u00dfen gummierten Griffen. Das professionelle Aufblasventil h\u00e4lt einem Aufblasdruck von 1,5 bar stand und bleibt bis zu einer Tiefe von fast 2 Atmosph\u00e4ren schwimmf\u00e4hig. Das hydrodynamische Design erm\u00f6glicht ein sehr einfaches Ziehen. Erh\u00e4ltlich in den Versionen 15 Liter (33 cm) und 30 Liter (48 cm).<\/p>","protected":false},"excerpt":{"rendered":"<p>Visokotla\u010dna bova posebno dizajnirana za ribolov izuzetnih vrsta riba. Napravljena od ultra otpornog PVC materijala 0.9 mm. Opremljena sa 2 robusna prstena od nehr\u0111aju\u0107eg \u010delika i velike gumirane ru\u010dke. Profesionalni ventil za napuhivanje mo\u017ee izdr\u017eati 1.5 bara pritiska za napuhivanje.Ostati \u0107e jednake plovnosti na dubini od gotovo 2 atmosfere. Hidrodinami\u010dki dizajn omogu\u0107uje vrlo jednostavno povla\u010denje. [&hellip;]<\/p>\n","protected":false},"featured_media":101965,"template":"","meta":{"_et_pb_use_builder":"","_et_pb_old_content":"","_et_gb_content_width":""},"product_brand":[],"product_cat":[82],"product_tag":[],"class_list":{"0":"post-101944","1":"product","2":"type-product","3":"status-publish","4":"has-post-thumbnail","6":"product_cat-plutace-i-pribor","8":"first","9":"onbackorder","10":"shipping-taxable","11":"purchasable","12":"product-type-simple"},"_links":{"self":[{"href":"https:\/\/neocarbone.com\/de\/wp-json\/wp\/v2\/product\/101944","targetHints":{"allow":["GET"]}}],"collection":[{"href":"https:\/\/neocarbone.com\/de\/wp-json\/wp\/v2\/product"}],"about":[{"href":"https:\/\/neocarbone.com\/de\/wp-json\/wp\/v2\/types\/product"}],"wp:featuredmedia":[{"embeddable":true,"href":"https:\/\/neocarbone.com\/de\/wp-json\/wp\/v2\/media\/101965"}],"wp:attachment":[{"href":"https:\/\/neocarbone.com\/de\/wp-json\/wp\/v2\/media?parent=101944"}],"wp:term":[{"taxonomy":"product_brand","embeddable":true,"href":"https:\/\/neocarbone.com\/de\/wp-json\/wp\/v2\/product_brand?post=101944"},{"taxonomy":"product_cat","embeddable":true,"href":"https:\/\/neocarbone.com\/de\/wp-json\/wp\/v2\/product_cat?post=101944"},{"taxonomy":"product_tag","embeddable":true,"href":"https:\/\/neocarbone.com\/de\/wp-json\/wp\/v2\/product_tag?post=101944"}],"curies":[{"name":"wp","href":"https:\/\/api.w.org\/{rel}","templated":true}]}}