{"id":101946,"date":"2023-04-26T15:15:19","date_gmt":"2023-04-26T13:15:19","guid":{"rendered":"https:\/\/neocarbone.com\/?post_type=product&#038;p=101946"},"modified":"2026-02-19T00:36:49","modified_gmt":"2026-02-18T22:36:49","slug":"patrol-raft-board","status":"publish","type":"product","link":"https:\/\/neocarbone.com\/de\/product\/patrol-raft-board\/","title":{"rendered":"PATROL Flo\u00dfbrett"},"content":{"rendered":"<p>Das Boot besteht aus 0,7 mm starkem PVC-Material, das verschiedenen Bedingungen standh\u00e4lt.<\/p>\n<p>Schwimmendes Kissen und Boden aus 0,7 mm starkem, widerstandsf\u00e4higem PVC-Material.<\/p>\n<p>2 professionelle Aufblasventile.<\/p>\n<p>2 integrierte Flossen f\u00fcr bessere Kontrolle.<\/p>\n<p>2 Griffe \u2013 1 m hoch mit solider Basis<\/p>\n<p>Gewehrtr\u00e4gersystem<\/p>\n<p>Gro\u00dfer Multifunktionsraum im Vorderteil<\/p>\n<p>Mit 9 D-Ringen befestigter PVC- und Nylonbezug mit zwei F\u00e4chern f\u00fcr kleinere Ausr\u00fcstung.<\/p>\n<p>Wasserdichte Handy-Aufbewahrung<\/p>\n<p>1L Wassertank Typ EVA mit Schlauch und Mundst\u00fcck in der oberen Abdeckung montiert<\/p>\n<p>Gro\u00dfe D-Ringe aus Edelstahl zum Abschleppen und Ankern<\/p>\n<p>2 Schultergurte zum leichteren Tragen.<\/p>\n<p>Abmessungen: 70x114cm<\/p>\n<p>Verkauft mit Handpumpe und Tragetasche<\/p>\n<p>Gewicht: 5 kg<\/p>","protected":false},"excerpt":{"rendered":"<p>\u010camac izra\u0111en od 0.7mm PVC materijala, koji je veoma otporan na razne uvjete. Plivaju\u0107i jastuk i podnica izra\u0111eni od 0.7mm otpornog PVC materijala. 2 profesionalna ventila za napuhivanje. 2 ugra\u0111ene peraje za bolju kontrolu. 2 ru\u010dke &#8211; 1m visine sa \u010dvrstom bazom Sustav nosa\u010da za pu\u0161ke Veliki multifunkcionalni prostor u prednjem dijelu PVC i najlonski [&hellip;]<\/p>\n","protected":false},"featured_media":101971,"template":"","meta":{"_et_pb_use_builder":"","_et_pb_old_content":"","_et_gb_content_width":""},"product_brand":[],"product_cat":[131,82],"product_tag":[],"class_list":{"0":"post-101946","1":"product","2":"type-product","3":"status-publish","4":"has-post-thumbnail","6":"product_cat-akcija","7":"product_cat-plutace-i-pribor","9":"first","10":"instock","11":"shipping-taxable","12":"purchasable","13":"product-type-simple"},"_links":{"self":[{"href":"https:\/\/neocarbone.com\/de\/wp-json\/wp\/v2\/product\/101946","targetHints":{"allow":["GET"]}}],"collection":[{"href":"https:\/\/neocarbone.com\/de\/wp-json\/wp\/v2\/product"}],"about":[{"href":"https:\/\/neocarbone.com\/de\/wp-json\/wp\/v2\/types\/product"}],"wp:featuredmedia":[{"embeddable":true,"href":"https:\/\/neocarbone.com\/de\/wp-json\/wp\/v2\/media\/101971"}],"wp:attachment":[{"href":"https:\/\/neocarbone.com\/de\/wp-json\/wp\/v2\/media?parent=101946"}],"wp:term":[{"taxonomy":"product_brand","embeddable":true,"href":"https:\/\/neocarbone.com\/de\/wp-json\/wp\/v2\/product_brand?post=101946"},{"taxonomy":"product_cat","embeddable":true,"href":"https:\/\/neocarbone.com\/de\/wp-json\/wp\/v2\/product_cat?post=101946"},{"taxonomy":"product_tag","embeddable":true,"href":"https:\/\/neocarbone.com\/de\/wp-json\/wp\/v2\/product_tag?post=101946"}],"curies":[{"name":"wp","href":"https:\/\/api.w.org\/{rel}","templated":true}]}}