{"id":101952,"date":"2023-04-26T15:15:20","date_gmt":"2023-04-26T13:15:20","guid":{"rendered":"https:\/\/neocarbone.com\/?post_type=product&#038;p=101952"},"modified":"2025-01-31T00:02:01","modified_gmt":"2025-01-30T22:02:01","slug":"bova-ravna-flat-buoy-double-plancha","status":"publish","type":"product","link":"https:\/\/neocarbone.com\/de\/product\/bova-ravna-flat-buoy-double-plancha\/","title":{"rendered":"Flache Doppelboje - Plancha"},"content":{"rendered":"<p>Sicherheitsboje mit doppeltem Schutz \/\/ Die Innenblase besteht aus PVC-Material, w\u00e4hrend die Au\u00dfenblase aus strapazierf\u00e4higem Nylon besteht.<\/p>\n<p>Wird komplett mit 17 m orangefarbenem Seil und einer \u201eFuchs\u201c-Flagge geliefert.<\/p>\n<p>Die flache Form sorgt zusammen mit Taschen f\u00fcr Gewichte f\u00fcr Stabilit\u00e4t, w\u00e4hrend ein Satz Schn\u00fcrsenkel auf jeder Seite das Tragen zus\u00e4tzlicher Waffen erm\u00f6glicht.<\/p>\n<p>Das Befestigungssystem mit einer elastischen Kordel erm\u00f6glicht die Aufbewahrung kleinerer Zusatzartikel.<\/p>","protected":false},"excerpt":{"rendered":"<p>Sigurnosna bova sa dvostrukom za\u0161titom \/\/ unutra\u0161nji mjehur je napravljen od PVC materijala, dok se izvana nalazi izdr\u017eljivi najlon. Dolazi u kompletu sa 17m naran\u010dastog konopa + &#8220;Fox&#8221; zastavom. Plosnati oblik zajedno s d\u017eepovima za utege daje stabilnost, dok set vezica sa svake strane omogu\u0107uje no\u0161enje dodatnih pu\u0161aka. Sustav fiksiranja sa elasti\u010dnim konopom omogu\u0107uje Vam [&hellip;]<\/p>\n","protected":false},"featured_media":101994,"template":"","meta":{"_et_pb_use_builder":"","_et_pb_old_content":"","_et_gb_content_width":""},"product_brand":[],"product_cat":[131,82],"product_tag":[],"class_list":{"0":"post-101952","1":"product","2":"type-product","3":"status-publish","4":"has-post-thumbnail","6":"product_cat-akcija","7":"product_cat-plutace-i-pribor","9":"first","10":"instock","11":"shipping-taxable","12":"purchasable","13":"product-type-simple"},"_links":{"self":[{"href":"https:\/\/neocarbone.com\/de\/wp-json\/wp\/v2\/product\/101952","targetHints":{"allow":["GET"]}}],"collection":[{"href":"https:\/\/neocarbone.com\/de\/wp-json\/wp\/v2\/product"}],"about":[{"href":"https:\/\/neocarbone.com\/de\/wp-json\/wp\/v2\/types\/product"}],"wp:featuredmedia":[{"embeddable":true,"href":"https:\/\/neocarbone.com\/de\/wp-json\/wp\/v2\/media\/101994"}],"wp:attachment":[{"href":"https:\/\/neocarbone.com\/de\/wp-json\/wp\/v2\/media?parent=101952"}],"wp:term":[{"taxonomy":"product_brand","embeddable":true,"href":"https:\/\/neocarbone.com\/de\/wp-json\/wp\/v2\/product_brand?post=101952"},{"taxonomy":"product_cat","embeddable":true,"href":"https:\/\/neocarbone.com\/de\/wp-json\/wp\/v2\/product_cat?post=101952"},{"taxonomy":"product_tag","embeddable":true,"href":"https:\/\/neocarbone.com\/de\/wp-json\/wp\/v2\/product_tag?post=101952"}],"curies":[{"name":"wp","href":"https:\/\/api.w.org\/{rel}","templated":true}]}}