{"id":224117,"date":"2023-05-10T15:13:27","date_gmt":"2023-05-10T13:13:27","guid":{"rendered":"https:\/\/neocarbone.com\/?post_type=product&#038;p=224117"},"modified":"2024-12-09T13:37:05","modified_gmt":"2024-12-09T11:37:05","slug":"podvodna-puska-roller-inverter-natur-80cm","status":"publish","type":"product","link":"https:\/\/neocarbone.com\/de\/product\/podvodna-puska-roller-inverter-natur-80cm\/","title":{"rendered":"Unterwasserpistole Roller Inverter Natur Camo 80cm"},"content":{"rendered":"<p><strong>NC80RiN \u2013 H\u00f6lzerne Harpune Roller Inverter Natur<\/strong><\/p>\n<p>Handgefertigter K\u00f6rper und Griff aus ausgew\u00e4hltem Mahagoni-Iroko-Laminat mit integrierter F\u00fchrung, Verbindung und Schutz aus Epoxid- und Polyurethan-UV-Harzen<\/p>\n<p>Seitenverst\u00e4rkung mit Carbon und Integralf\u00fchrung aus Carbon<\/p>\n<p>Ergonomischer Griff: rechts (links oder universal auf Bestellung), mit zus\u00e4tzlicher Anti-Rutsch-Schicht aus feinem Sand<\/p>\n<p>Ermes Double Roll-Mechanismus und alle Metallteile aus 316L-Edelstahl.<br \/>\nEinzelrollenkopf mit Derlin-Rollen<\/p>\n<p>7 mm x 115 cm gro\u00dfe Sandvik-Abn\u00e4her mit 4 Haken<\/p>\n<p>Primeline-Reifenaufbau aus 2 x 14 mm Starter + 2 x 14 mm blockiert \u00fcber der Walze + 4 x 16 mm<\/p>\n<p>Volle Dyneema-Ogive 2,3 mm Diamant<br \/>\nRutschfestes und sto\u00dfd\u00e4mpfendes Gummipolster an der Ferse des Gewehrs f\u00fcr leichteres Spannen<\/p>\n<p>Farbtarn<br \/>\nDrei Steckpl\u00e4tze zum Hinzuf\u00fcgen von Gewichten, um die Waage an den Geschmack des Benutzers anzupassen, die Ersteinrichtung ist neutral.<br \/>\nDas Gewehr ist mit einer Ermes Falco 57-Rolle mit aufgewickelter 1,5-mm-Polyesterschnur, 1,6-mm-Nylonblei und aller anderen jagdbereiten Ausr\u00fcstungsgegenst\u00e4nde ausgestattet.<\/p>\n<p>Alle unsere Gewehre werden vor dem Verkauf zielgepr\u00fcft (3x Pr\u00e4zisionstest auf 4 m, 2x ultimativer Reichweitentest, 1x Ausdauertest) und ausgewuchtet.<\/p>\n<p>Ma\u00dfe NC85RiN ohne Pfeil: 110 cm \u2013 mit Pfeil 125 cm<\/p>","protected":false},"excerpt":{"rendered":"<p><a href=\"https:\/\/neocarbone.com\/de\/contact-us\/?v=fd4c638da5f8\">Sofort verf\u00fcgbar \u2013 Kontaktieren Sie uns.<\/a><\/p>","protected":false},"featured_media":224118,"template":"","meta":{"_et_pb_use_builder":"","_et_pb_old_content":"","_et_gb_content_width":""},"product_brand":[],"product_cat":[79,71,122,76,80],"product_tag":[],"class_list":{"0":"post-224117","1":"product","2":"type-product","3":"status-publish","4":"has-post-thumbnail","6":"product_cat-nc-podvodne-puske","7":"product_cat-nc-proizvodi","8":"product_cat-novi-model-nc-puske","9":"product_cat-podvodne-puske","10":"product_cat-podvodne-puske-drvene","12":"first","13":"onbackorder","14":"shipping-taxable","15":"product-type-simple"},"_links":{"self":[{"href":"https:\/\/neocarbone.com\/de\/wp-json\/wp\/v2\/product\/224117","targetHints":{"allow":["GET"]}}],"collection":[{"href":"https:\/\/neocarbone.com\/de\/wp-json\/wp\/v2\/product"}],"about":[{"href":"https:\/\/neocarbone.com\/de\/wp-json\/wp\/v2\/types\/product"}],"wp:featuredmedia":[{"embeddable":true,"href":"https:\/\/neocarbone.com\/de\/wp-json\/wp\/v2\/media\/224118"}],"wp:attachment":[{"href":"https:\/\/neocarbone.com\/de\/wp-json\/wp\/v2\/media?parent=224117"}],"wp:term":[{"taxonomy":"product_brand","embeddable":true,"href":"https:\/\/neocarbone.com\/de\/wp-json\/wp\/v2\/product_brand?post=224117"},{"taxonomy":"product_cat","embeddable":true,"href":"https:\/\/neocarbone.com\/de\/wp-json\/wp\/v2\/product_cat?post=224117"},{"taxonomy":"product_tag","embeddable":true,"href":"https:\/\/neocarbone.com\/de\/wp-json\/wp\/v2\/product_tag?post=224117"}],"curies":[{"name":"wp","href":"https:\/\/api.w.org\/{rel}","templated":true}]}}