{"id":224129,"date":"2023-05-10T15:43:00","date_gmt":"2023-05-10T13:43:00","guid":{"rendered":"https:\/\/neocarbone.com\/?post_type=product&#038;p=224129"},"modified":"2026-03-30T13:39:32","modified_gmt":"2026-03-30T11:39:32","slug":"podvodna-puska-paranak-natur-85cm","status":"publish","type":"product","link":"https:\/\/neocarbone.com\/de\/product\/podvodna-puska-paranak-natur-85cm\/","title":{"rendered":"Unterwasserpistole Paranak Natur Camo 85cm"},"content":{"rendered":"<p><strong>NC85PN \u2013 h\u00f6lzerne Unterwasserpistole Paranak Natur<\/strong><\/p>\n<p>Handgefertigter K\u00f6rper und Griff aus ausgew\u00e4hltem Mahagoni-Iroko-Laminat mit integrierter Kohlefaserf\u00fchrung<\/p>\n<p>Verst\u00e4rkung und Schutz kritischer Bereiche vor Besch\u00e4digungen durch k\u00f6pergewebte Carbonfasern<\/p>\n<p>Ergonomischer Griff: rechts (links oder universal auf Bestellung), mit zus\u00e4tzlicher Anti-Rutsch-Schicht aus feinem Sand<\/p>\n<p>Ermes Double Roll-Mechanismus und alle Metallteile aus 316L-Edelstahl<\/p>\n<p>Einzelrollen-Paranak-Kopf mit Rollen aus Polyacetal-Copolymer, geeignet f\u00fcr den Unterwassereinsatz<\/p>\n<p>7 mm x 115 cm gro\u00dfer Sandvik-Abn\u00e4her mit 4 Haken<\/p>\n<p>Aufbau von PRIMELINE-Reifen 2x18mm + 4x16mm<\/p>\n<p>Treibseile und Ogiven aus reinem Dyneema<\/p>\n<p>Rutschfestes und sto\u00dfd\u00e4mpfendes Gummipolster an der Ferse der Waffe f\u00fcr leichteres Spannen<\/p>\n<p>Paranaque-Br\u00fccke aus Edelstahl 316L, Kugellager auf Br\u00fcckenrollen<\/p>\n<p>Drei Steckpl\u00e4tze zum Hinzuf\u00fcgen von Gewichten zur Anpassung der Waage an den Geschmack des Benutzers, die Anfangsbalance ist neutral<\/p>\n<p>Das Gewehr ist mit einer Ermes Falco 57-Rolle mit aufgewickelter 1,5-mm-Polyesterschnur, 1,6-mm-Nylonblei und aller anderen jagdbereiten Ausr\u00fcstungsgegenst\u00e4nde ausgestattet.<\/p>\n<p>Alle unsere Gewehre werden vor dem Verkauf zielgepr\u00fcft (3x Pr\u00e4zisionstest auf 4 m, 2x ultimativer Reichweitentest, 1x Ausdauertest) und ausgewuchtet<\/p>\n<p>Ma\u00dfe NC85P ohne Pfeil: 110 cm \u2013 mit Pfeil 125 cm<\/p>","protected":false},"excerpt":{"rendered":"<p><a href=\"https:\/\/neocarbone.com\/de\/contact-us\/?v=fd4c638da5f8\">Sofort verf\u00fcgbar \u2013 Kontaktieren Sie uns.<\/a><\/p>","protected":false},"featured_media":224141,"template":"","meta":{"_et_pb_use_builder":"","_et_pb_old_content":"","_et_gb_content_width":""},"product_brand":[],"product_cat":[79,122,76,80],"product_tag":[],"class_list":{"0":"post-224129","1":"product","2":"type-product","3":"status-publish","4":"has-post-thumbnail","6":"product_cat-nc-podvodne-puske","7":"product_cat-novi-model-nc-puske","8":"product_cat-podvodne-puske","9":"product_cat-podvodne-puske-drvene","11":"first","12":"onbackorder","13":"shipping-taxable","14":"product-type-simple"},"_links":{"self":[{"href":"https:\/\/neocarbone.com\/de\/wp-json\/wp\/v2\/product\/224129","targetHints":{"allow":["GET"]}}],"collection":[{"href":"https:\/\/neocarbone.com\/de\/wp-json\/wp\/v2\/product"}],"about":[{"href":"https:\/\/neocarbone.com\/de\/wp-json\/wp\/v2\/types\/product"}],"wp:featuredmedia":[{"embeddable":true,"href":"https:\/\/neocarbone.com\/de\/wp-json\/wp\/v2\/media\/224141"}],"wp:attachment":[{"href":"https:\/\/neocarbone.com\/de\/wp-json\/wp\/v2\/media?parent=224129"}],"wp:term":[{"taxonomy":"product_brand","embeddable":true,"href":"https:\/\/neocarbone.com\/de\/wp-json\/wp\/v2\/product_brand?post=224129"},{"taxonomy":"product_cat","embeddable":true,"href":"https:\/\/neocarbone.com\/de\/wp-json\/wp\/v2\/product_cat?post=224129"},{"taxonomy":"product_tag","embeddable":true,"href":"https:\/\/neocarbone.com\/de\/wp-json\/wp\/v2\/product_tag?post=224129"}],"curies":[{"name":"wp","href":"https:\/\/api.w.org\/{rel}","templated":true}]}}