{"id":224391,"date":"2023-07-01T18:32:41","date_gmt":"2023-07-01T16:32:41","guid":{"rendered":"https:\/\/neocarbone.com\/?post_type=product&#038;p=224391"},"modified":"2024-12-09T13:35:14","modified_gmt":"2024-12-09T11:35:14","slug":"podvodna-puska-paranak-natur110cm","status":"publish","type":"product","link":"https:\/\/neocarbone.com\/de\/product\/podvodna-puska-paranak-natur110cm\/","title":{"rendered":"Paranak Natur Camo Harpune 110 cm"},"content":{"rendered":"<p><strong>NC110PN \u2013 Holz-Unterwasserpistole Paranak \u2013 Demultipliziert \u2013 Natur<\/strong><\/p>\n<p>Handgefertigter K\u00f6rper und Griff aus ausgew\u00e4hltem Mahagoni-Iroko-Laminat mit integrierter F\u00fchrung, Verbindung und Schutz hergestellt mit Produkten auf Epoxidharzbasis<\/p>\n<p>Verst\u00e4rkung und Schutz kritischer Bereiche vor Besch\u00e4digungen durch k\u00f6pergewebte Carbonfasern<\/p>\n<p>Ergonomischer Griff: rechts (links oder universal auf Bestellung), mit zus\u00e4tzlicher Anti-Rutsch-Schicht aus feinem Sand<\/p>\n<p>Ermes Double Roll-Mechanismus und alle Metallteile aus 316L-Edelstahl<\/p>\n<p>Einzelrollen-Paranak-Kopf mit Rollen aus Polyacetal-Copolymer, geeignet f\u00fcr den Unterwassereinsatz<\/p>\n<p>8 mm x 140 cm gro\u00dfer Sandvik-Pfeil mit 4 Haken<\/p>\n<p>Aufbau von PRIMELINE-Reifen, oberes Starterpaar 14 mm und ein Antriebspaar 18 mm + zwei Antriebspaare 16 mm<\/p>\n<p>Antriebsseile und Ogiven aus reinem Dyneema 2mm<\/p>\n<p>Rutschfestes und sto\u00dfd\u00e4mpfendes Gummipolster an der Ferse der Waffe f\u00fcr leichteres Spannen<\/p>\n<p>Paranaque-Br\u00fccke aus Edelstahl 316L, Kugellager auf Br\u00fcckenrollen<\/p>\n<p>Drei Steckpl\u00e4tze zum Hinzuf\u00fcgen von Gewichten zur Anpassung der Waage an den Geschmack des Benutzers, die Anfangsbalance ist neutral<\/p>\n<p>Das Gewehr ist mit einer Ermes Falco 77-Rolle mit aufgewickelter 1,5-mm-Polyesterschnur, 1,6-mm-Nylonblei und allen anderen jagdbereiten Ger\u00e4ten ausgestattet.<\/p>\n<p>Alle unsere Gewehre werden vor dem Verkauf zielgepr\u00fcft (3x Pr\u00e4zisionstest auf 4 m, 2x ultimativer Reichweitentest, 1x Ausdauertest) und ausgewuchtet<\/p>\n<p>Ma\u00dfe NC110P ohne Pfeil: 135 cm \u2013 mit Pfeil 150 cm<\/p>","protected":false},"excerpt":{"rendered":"<p><a href=\"https:\/\/neocarbone.com\/de\/contact-us\/?v=fd4c638da5f8\">Sofort verf\u00fcgbar \u2013 Kontaktieren Sie uns.<\/a><\/p>","protected":false},"featured_media":224392,"template":"","meta":{"_et_pb_use_builder":"","_et_pb_old_content":"","_et_gb_content_width":""},"product_brand":[],"product_cat":[79,122,76,80],"product_tag":[],"class_list":{"0":"post-224391","1":"product","2":"type-product","3":"status-publish","4":"has-post-thumbnail","6":"product_cat-nc-podvodne-puske","7":"product_cat-novi-model-nc-puske","8":"product_cat-podvodne-puske","9":"product_cat-podvodne-puske-drvene","11":"first","12":"onbackorder","13":"shipping-taxable","14":"product-type-simple"},"_links":{"self":[{"href":"https:\/\/neocarbone.com\/de\/wp-json\/wp\/v2\/product\/224391","targetHints":{"allow":["GET"]}}],"collection":[{"href":"https:\/\/neocarbone.com\/de\/wp-json\/wp\/v2\/product"}],"about":[{"href":"https:\/\/neocarbone.com\/de\/wp-json\/wp\/v2\/types\/product"}],"wp:featuredmedia":[{"embeddable":true,"href":"https:\/\/neocarbone.com\/de\/wp-json\/wp\/v2\/media\/224392"}],"wp:attachment":[{"href":"https:\/\/neocarbone.com\/de\/wp-json\/wp\/v2\/media?parent=224391"}],"wp:term":[{"taxonomy":"product_brand","embeddable":true,"href":"https:\/\/neocarbone.com\/de\/wp-json\/wp\/v2\/product_brand?post=224391"},{"taxonomy":"product_cat","embeddable":true,"href":"https:\/\/neocarbone.com\/de\/wp-json\/wp\/v2\/product_cat?post=224391"},{"taxonomy":"product_tag","embeddable":true,"href":"https:\/\/neocarbone.com\/de\/wp-json\/wp\/v2\/product_tag?post=224391"}],"curies":[{"name":"wp","href":"https:\/\/api.w.org\/{rel}","templated":true}]}}