{"id":224403,"date":"2023-07-01T18:51:42","date_gmt":"2023-07-01T16:51:42","guid":{"rendered":"https:\/\/neocarbone.com\/?post_type=product&#038;p=224403"},"modified":"2025-03-13T18:31:45","modified_gmt":"2025-03-13T16:31:45","slug":"podvodna-puska-paranak-tikovina-110cm-2","status":"publish","type":"product","link":"https:\/\/neocarbone.com\/de\/product\/podvodna-puska-paranak-tikovina-110cm-2\/","title":{"rendered":"Unterwassergewehr Paranak Teak 110cm"},"content":{"rendered":"<p><strong>NC110TP \u2013 Unterwasserkanone aus Paranak-Teakholz \u2013 Demultipliziert<\/strong><\/p>\n<p>Handgefertigter Griff und K\u00f6rper aus ausgew\u00e4hltem Teak-Laminat mit integrierter Carbon-F\u00fchrung.<\/p>\n<p>Verst\u00e4rkung und Schutz kritischer Bereiche vor Besch\u00e4digungen durch k\u00f6pergewebte Carbonfasern.<\/p>\n<p>Ergonomischer Griff: rechts (links oder universal auf Bestellung), mit zus\u00e4tzlicher Anti-Rutsch-Schicht aus feinem Sand.<\/p>\n<p>Ermes Double Roll-Mechanismus und alle Metallteile aus 316L-Edelstahl<\/p>\n<p>Einzelrollen-Paranak-Kopf mit Rollen aus Polyacetal-Copolymer, geeignet f\u00fcr den Unterwassereinsatz<\/p>\n<p>8 mm x 140 cm gro\u00dfer Sandvik-Pfeil mit 4 Haken<\/p>\n<p>Aufbau aus PRIMELINE-Reifen, oberes Starterpaar 2x15,5 mm und Antriebspaar 6x17,5 mm<\/p>\n<p>Treibseile und Ogiven aus reinem Dyneema<\/p>\n<p>Rutschfestes und sto\u00dfd\u00e4mpfendes Gummipolster an der Ferse der Waffe f\u00fcr leichteres Spannen<\/p>\n<p>Paranaque-Br\u00fccke aus Edelstahl 316L, Kugellager auf Br\u00fcckenrollen<\/p>\n<p>Drei Steckpl\u00e4tze zum Hinzuf\u00fcgen von Gewichten zur Anpassung der Waage an den Geschmack des Benutzers, die Anfangsbalance ist neutral<\/p>\n<p>Das Gewehr ist mit einer Ermes Falco Titanium 77-Rolle mit aufgerollter 1,5-mm-Dyneema-Schnur ausgestattet: 100 m, 1,6-mm-Nylonblei und s\u00e4mtlicher anderer Ausr\u00fcstung, bereit f\u00fcr die Jagd<\/p>\n<p>Alle unsere Gewehre werden vor dem Verkauf zielgepr\u00fcft (3x Pr\u00e4zisionstest auf 4 m, 2x ultimativer Reichweitentest, 1x Ausdauertest) und ausgewuchtet<\/p>\n<p>Ma\u00dfe NC110TP ohne Pfeil: 135 cm \u2013 mit Pfeil 150 cm<\/p>","protected":false},"excerpt":{"rendered":"<p><a href=\"https:\/\/neocarbone.com\/de\/contact-us\/?v=fd4c638da5f8\">Sofort verf\u00fcgbar \u2013 Kontaktieren Sie uns.<\/a><\/p>","protected":false},"featured_media":224404,"template":"","meta":{"_et_pb_use_builder":"off","_et_pb_old_content":"<strong>NC110TP \u2013 drvena puska od Tikovine Paranak \u2013 Demultiplied<\/strong>\r\n\r\nRu\u010dno izra\u0111eno ru\u010dka i tijelo od biranog laminata tikovine sa integriranom vodilicom od karbona.\r\n\r\nOja\u010danje i za\u0161tita kriti\u010dnih mjesta od o\u0161te\u0107enja twill pletenih karbonskih vlakana.\r\n\r\nErgonomska ru\u010dka: desna, (lijeva ili univerzalna po narud\u017ebi), sa dodatni\u00a0 protu-kliznim slojem finog\u00a0 pijeska.\r\n\r\nMehanizam i svi metalni dijelovi izra\u0111eni od 316L nehr\u0111aju\u0107eg \u010delika\r\n\r\nJednostruka roller-paranak glava sa rolama izra\u0111enim od poliacetal kopolimera prilago\u0111enog podvodnoj upotrebi\r\n\r\n8mm x 140 cm sandvik strelica sa 4 kukicama\r\n\r\nSetup od PRIMELINE guma, gornji starter par 2x15,5mm I pogonska 6x17,5mm\r\n\r\nPogonski konopi i ogive od \u010diste dyneeme\r\n\r\nGumena protu-klizna i amortiziraju\u0107a podlo\u0161ka na peti pu\u0161ke radi lak\u0161eg napinjanja\r\n\r\nMost paranaka izra\u0111en od od 316L nehr\u0111aju\u0107eg \u010delika, kugli\u010dni le\u017eajevi na koloturima mosta\r\n\r\nTri utora za dodavanje utega radi prilago\u0111avanja balansa po ukusu korisnika, po\u010detni balans je neutralan\r\n\r\nPu\u0161ka dolazi opremljena sa mulinelom 100m sa namotanim 1,5mm poliesterskim konopom, 1,6mm najlonskim predvezom i svom ostalom opremom, spremna za lov\r\n\r\nSve na\u0161e pu\u0161ke su testirane na metu (3x test preciznosti na 4m, 2x test krajnjeg dometa, 1x test izdr\u017eljivosti) i balansirane prije prodaje\r\n\r\nDimenzije NC110P bez strelice\u00a0: 135 cm \u2013 sa strelicom 150cm","_et_gb_content_width":""},"product_brand":[],"product_cat":[79,71,122,76,80],"product_tag":[],"class_list":{"0":"post-224403","1":"product","2":"type-product","3":"status-publish","4":"has-post-thumbnail","6":"product_cat-nc-podvodne-puske","7":"product_cat-nc-proizvodi","8":"product_cat-novi-model-nc-puske","9":"product_cat-podvodne-puske","10":"product_cat-podvodne-puske-drvene","12":"first","13":"onbackorder","14":"shipping-taxable","15":"product-type-simple"},"_links":{"self":[{"href":"https:\/\/neocarbone.com\/de\/wp-json\/wp\/v2\/product\/224403","targetHints":{"allow":["GET"]}}],"collection":[{"href":"https:\/\/neocarbone.com\/de\/wp-json\/wp\/v2\/product"}],"about":[{"href":"https:\/\/neocarbone.com\/de\/wp-json\/wp\/v2\/types\/product"}],"wp:featuredmedia":[{"embeddable":true,"href":"https:\/\/neocarbone.com\/de\/wp-json\/wp\/v2\/media\/224404"}],"wp:attachment":[{"href":"https:\/\/neocarbone.com\/de\/wp-json\/wp\/v2\/media?parent=224403"}],"wp:term":[{"taxonomy":"product_brand","embeddable":true,"href":"https:\/\/neocarbone.com\/de\/wp-json\/wp\/v2\/product_brand?post=224403"},{"taxonomy":"product_cat","embeddable":true,"href":"https:\/\/neocarbone.com\/de\/wp-json\/wp\/v2\/product_cat?post=224403"},{"taxonomy":"product_tag","embeddable":true,"href":"https:\/\/neocarbone.com\/de\/wp-json\/wp\/v2\/product_tag?post=224403"}],"curies":[{"name":"wp","href":"https:\/\/api.w.org\/{rel}","templated":true}]}}