{"id":224477,"date":"2023-08-28T16:35:13","date_gmt":"2023-08-28T14:35:13","guid":{"rendered":"https:\/\/neocarbone.com\/?post_type=product&#038;p=224477"},"modified":"2025-07-25T12:14:32","modified_gmt":"2025-07-25T10:14:32","slug":"224477","status":"publish","type":"product","link":"https:\/\/neocarbone.com\/de\/product\/224477\/","title":{"rendered":"Computer \u2013 NEPTO \u2013 Cressi"},"content":{"rendered":"<p><strong>Neuer Tauchcomputer zum Freitauchen<\/strong><\/p>\n<p>Eigenschaften:<\/p>\n<p>\u2013 Uhrendurchmesser 48 mm, Anzeigedurchmesser 35 mm mit Hintergrundbeleuchtung<\/p>\n<p>\u2013 Widerstandsf\u00e4higes Polymergeh\u00e4use<\/p>\n<p>\u2013 Niedriges Profil<\/p>\n<p>\u2013 Hintergrundbeleuchteter Bildschirm<\/p>\n<p>\u2013 Anzeige f\u00fcr niedrigen Batteriestand<\/p>\n<p>\u2013 Langlebiger Akku<\/p>\n<p>\u2013 Vom Benutzer austauschbarer Akku<\/p>\n<p>&nbsp;<\/p>\n<p><strong>(FREEDIVING)-PROGRAMM<\/strong><\/p>\n<p>\u2013 Algorithmus zur Reduzierung von Taravana-Reis mit 8 Stufen<\/p>\n<p>\u2013 Reduzierung des Risikos eines Lungen\u00f6dems mit dem Tauchberechnungsalgorithmus<\/p>\n<p>\u2013 Aktuelle Tiefe<\/p>\n<p>- Temperatur<\/p>\n<p>- maximale Tiefe<\/p>\n<p>\u2013 Tauchzeit<\/p>\n<p>\u2013 Anzeige des Oberfl\u00e4chenintervalls<\/p>\n<p>\u2013 Anzeige der maximalen Abstiegs- und Aufstiegsgeschwindigkeit<\/p>\n<p>\u2013 Alarm f\u00fcr Tiefe, Tauchzeit und Oberfl\u00e4chenintervallalarme<\/p>\n<p>\u2013 Trinkalarm<\/p>\n<p>\u2013 Ein Alarm, der f\u00fcr eine bestimmte Phase des Tauchgangs eingestellt werden kann<\/p>\n<p>\u2013 Einstellungen f\u00fcr S\u00fc\u00df-\/Salzwasser (auch Meerwasser genannt)<\/p>\n<p>\u2013 M\u00f6glichkeit der Verriegelung beim Schwimmen<\/p>\n<p><strong>LOGBUCH<\/strong><\/p>\n<p>\u2013 Variables Datenabtastintervall<\/p>\n<p>\u2013 Verf\u00fcgbar w\u00e4hrend des Eintauchens<\/p>\n<p>\u2013 Details zu jedem Tauchgang anzeigen<\/p>\n<p><strong>Schnittstellen zum Anschluss an einen Computer<\/strong><\/p>\n<p>\u2013 Zus\u00e4tzliche Option zum Speichern und Visualisieren des Tauchprofils<\/p>","protected":false},"excerpt":{"rendered":"<p>F\u00fcr Unterwasserfischen und Freitauchen:<\/p>\n<ul>\n<li>Computer,<\/li>\n<li>Eine Uhr,<\/li>\n<\/ul>","protected":false},"featured_media":224473,"template":"","meta":{"_et_pb_use_builder":"","_et_pb_old_content":"","_et_gb_content_width":""},"product_brand":[],"product_cat":[15,52],"product_tag":[],"class_list":{"0":"post-224477","1":"product","2":"type-product","3":"status-publish","4":"has-post-thumbnail","6":"product_cat-uncategorized","7":"product_cat-ronjenje-na-dah-free-diving","9":"first","10":"instock","11":"shipping-taxable","12":"purchasable","13":"product-type-variable"},"_links":{"self":[{"href":"https:\/\/neocarbone.com\/de\/wp-json\/wp\/v2\/product\/224477","targetHints":{"allow":["GET"]}}],"collection":[{"href":"https:\/\/neocarbone.com\/de\/wp-json\/wp\/v2\/product"}],"about":[{"href":"https:\/\/neocarbone.com\/de\/wp-json\/wp\/v2\/types\/product"}],"wp:featuredmedia":[{"embeddable":true,"href":"https:\/\/neocarbone.com\/de\/wp-json\/wp\/v2\/media\/224473"}],"wp:attachment":[{"href":"https:\/\/neocarbone.com\/de\/wp-json\/wp\/v2\/media?parent=224477"}],"wp:term":[{"taxonomy":"product_brand","embeddable":true,"href":"https:\/\/neocarbone.com\/de\/wp-json\/wp\/v2\/product_brand?post=224477"},{"taxonomy":"product_cat","embeddable":true,"href":"https:\/\/neocarbone.com\/de\/wp-json\/wp\/v2\/product_cat?post=224477"},{"taxonomy":"product_tag","embeddable":true,"href":"https:\/\/neocarbone.com\/de\/wp-json\/wp\/v2\/product_tag?post=224477"}],"curies":[{"name":"wp","href":"https:\/\/api.w.org\/{rel}","templated":true}]}}