{"id":224589,"date":"2024-02-14T15:42:25","date_gmt":"2024-02-14T13:42:25","guid":{"rendered":"https:\/\/neocarbone.com\/?post_type=product&#038;p=224589"},"modified":"2024-12-31T00:03:02","modified_gmt":"2024-12-30T22:03:02","slug":"sportube-serija-3","status":"publish","type":"product","link":"https:\/\/neocarbone.com\/de\/product\/sportube-serija-3\/","title":{"rendered":"Sportube \u2013 Serie 3"},"content":{"rendered":"<p><strong>Sportube-Geh\u00e4use 3<\/strong><br \/>\nSportube-Boxen bestehen aus hochdichtem Polyethylen, das sehr leicht, stark und langlebig ist. Dadurch wird sichergestellt, dass die Tauchausr\u00fcstung beim Fahren und Tragen besser gesch\u00fctzt ist.<br \/>\nSportube-Koffer verf\u00fcgen \u00fcber geformte Gummir\u00e4der. Die ergonomische Position des Griffs, zusammen mit dem neuen \u201eEasy-Pull\u201c-Zusatzgriff an der Nase, macht den Sportube sehr mobil.<br \/>\nDank des \u00fcberlegenen Designs l\u00e4sst sich die L\u00e4nge jedes Sportube an unz\u00e4hlige Arten von Ausr\u00fcstung in allen Formen und Gr\u00f6\u00dfen anpassen. Auf Reisen sind Sicherheit und Komfort besonders wichtig \u2013 der Sportube l\u00e4sst sich sicher abschlie\u00dfen und einfach \u00fcberpr\u00fcfen.<\/p>","protected":false},"excerpt":{"rendered":"<p>Sportube Case 3 Sportube kutije izra\u0111ene su od polietilena visoke gusto\u0107e, koji je vrlo lagan, jak i izdr\u017eljiv. Time se osigurava kako \u0107e ronila\u010dka oprema biti bolje za\u0161ti\u0107ena kod vo\u017enje i no\u0161enja. Koferi Sportube uklju\u010duju oblikovane gumene kota\u010de. Ergonomski polo\u017eaj ru\u010dke, zajedno s novom &#8220;Easy-Pull&#8221; dodatnom nosnom ru\u010dkom \u010dini Sportube vrlo pokretljivim. Vrhunski dizajn omogu\u0107uje [&hellip;]<\/p>\n","protected":false},"featured_media":224591,"template":"","meta":{"_et_pb_use_builder":"","_et_pb_old_content":"","_et_gb_content_width":""},"product_brand":[],"product_cat":[131,81,53,86],"product_tag":[],"class_list":{"0":"post-224589","1":"product","2":"type-product","3":"status-publish","4":"has-post-thumbnail","6":"product_cat-akcija","7":"product_cat-pribor-i-oprema","8":"product_cat-razni-dodaci","9":"product_cat-torbe","11":"first","12":"instock","13":"shipping-taxable","14":"purchasable","15":"product-type-simple"},"_links":{"self":[{"href":"https:\/\/neocarbone.com\/de\/wp-json\/wp\/v2\/product\/224589","targetHints":{"allow":["GET"]}}],"collection":[{"href":"https:\/\/neocarbone.com\/de\/wp-json\/wp\/v2\/product"}],"about":[{"href":"https:\/\/neocarbone.com\/de\/wp-json\/wp\/v2\/types\/product"}],"wp:featuredmedia":[{"embeddable":true,"href":"https:\/\/neocarbone.com\/de\/wp-json\/wp\/v2\/media\/224591"}],"wp:attachment":[{"href":"https:\/\/neocarbone.com\/de\/wp-json\/wp\/v2\/media?parent=224589"}],"wp:term":[{"taxonomy":"product_brand","embeddable":true,"href":"https:\/\/neocarbone.com\/de\/wp-json\/wp\/v2\/product_brand?post=224589"},{"taxonomy":"product_cat","embeddable":true,"href":"https:\/\/neocarbone.com\/de\/wp-json\/wp\/v2\/product_cat?post=224589"},{"taxonomy":"product_tag","embeddable":true,"href":"https:\/\/neocarbone.com\/de\/wp-json\/wp\/v2\/product_tag?post=224589"}],"curies":[{"name":"wp","href":"https:\/\/api.w.org\/{rel}","templated":true}]}}