{"id":225307,"date":"2025-03-14T15:53:06","date_gmt":"2025-03-14T13:53:06","guid":{"rendered":"https:\/\/neocarbone.com\/?post_type=product&#038;p=225307"},"modified":"2025-03-14T19:02:58","modified_gmt":"2025-03-14T17:02:58","slug":"hunt-sandvik-strijela-black-out-plus-4-male-kuke-o9mm-pero-u-razmaku","status":"publish","type":"product","link":"https:\/\/neocarbone.com\/de\/product\/hunt-sandvik-strijela-black-out-plus-4-male-kuke-o9mm-pero-u-razmaku\/","title":{"rendered":"HUNT SANDVIK Black Out Plus Arrow \u2013 4 kleine Haken \u2013 \u00d8 9 mm \u2013 Federpaarung"},"content":{"rendered":"<p>Blackout Plus<\/p>\n<p>Der Speer Blackout Plus ist ein robustes und fein gearbeitetes Produkt mit einer dreispitzigen Spitze, die maximale Stoppwirkung beim Fischfang bietet.<\/p>\n<p>Dieser Speer garantiert dank seiner Konstruktion aus geschliffenem 17.4 PH-Stahl und dem CNC-Bearbeitungsverfahren eine au\u00dfergew\u00f6hnliche Leistung.<\/p>\n<p>Ausgestattet mit vier Stiften, drei davon nach hinten gerichtet und einer zur Vorspannung, ist der Speer in verschiedenen Durchmessern erh\u00e4ltlich, um den Bed\u00fcrfnissen des Anglers gerecht zu werden. Die abgewinkelten und pr\u00e4zise gefertigten Stifte tragen zur Genauigkeit und Sicherheit des Speers bei. Die WIG-geschwei\u00dften \u2018Haifischflossen\u2019-Stifte erh\u00f6hen zudem die Stabilit\u00e4t und verbessern die ballistische Leistung.<\/p>\n<p>Die scharfe, dreispitzige Spitze und die dicke Klappe sorgen f\u00fcr optimalen Halt, w\u00e4hrend der angeschwei\u00dfte Stift auch unter hoher Belastung Stabilit\u00e4t garantiert.<\/p>\n<p>Die Leine l\u00e4sst sich einfach durch eine \u00d6ffnung am Vorspannstift anschlie\u00dfen. Ein aus Edelstahl AISI 316 gefertigter Penetrationskegel verbessert die Leistung des Speers zus\u00e4tzlich und bietet eine sichere und zuverl\u00e4ssige L\u00f6sung.<\/p>","protected":false},"excerpt":{"rendered":"<p>The Blackout Plus The Blackout Plus spear is a\u00a0robust\u00a0and\u00a0finely crafted\u00a0product, featuring a\u00a0tricuspid tip\u00a0that provides\u00a0maximum stopping power\u00a0on fish. This spear ensures exceptional performance thanks to its construction in 17.4 PH ground steel and the CNC machining process. Equipped with four pins, three of which are rearward and one for preload, it is available in various diameters [&hellip;]<\/p>\n","protected":false},"featured_media":225296,"template":"","meta":{"_et_pb_use_builder":"","_et_pb_old_content":"","_et_gb_content_width":""},"product_brand":[],"product_cat":[54,83],"product_tag":[],"class_list":{"0":"post-225307","1":"product","2":"type-product","3":"status-publish","4":"has-post-thumbnail","6":"product_cat-novi-proizvodi","7":"product_cat-strijele","9":"first","10":"instock","11":"shipping-taxable","12":"purchasable","13":"product-type-variable"},"_links":{"self":[{"href":"https:\/\/neocarbone.com\/de\/wp-json\/wp\/v2\/product\/225307","targetHints":{"allow":["GET"]}}],"collection":[{"href":"https:\/\/neocarbone.com\/de\/wp-json\/wp\/v2\/product"}],"about":[{"href":"https:\/\/neocarbone.com\/de\/wp-json\/wp\/v2\/types\/product"}],"wp:featuredmedia":[{"embeddable":true,"href":"https:\/\/neocarbone.com\/de\/wp-json\/wp\/v2\/media\/225296"}],"wp:attachment":[{"href":"https:\/\/neocarbone.com\/de\/wp-json\/wp\/v2\/media?parent=225307"}],"wp:term":[{"taxonomy":"product_brand","embeddable":true,"href":"https:\/\/neocarbone.com\/de\/wp-json\/wp\/v2\/product_brand?post=225307"},{"taxonomy":"product_cat","embeddable":true,"href":"https:\/\/neocarbone.com\/de\/wp-json\/wp\/v2\/product_cat?post=225307"},{"taxonomy":"product_tag","embeddable":true,"href":"https:\/\/neocarbone.com\/de\/wp-json\/wp\/v2\/product_tag?post=225307"}],"curies":[{"name":"wp","href":"https:\/\/api.w.org\/{rel}","templated":true}]}}