{"id":225409,"date":"2025-03-14T22:49:52","date_gmt":"2025-03-14T20:49:52","guid":{"rendered":"https:\/\/neocarbone.com\/?post_type=product&#038;p=225409"},"modified":"2025-03-15T00:22:11","modified_gmt":"2025-03-14T22:22:11","slug":"most-paranak-3-ermes","status":"publish","type":"product","link":"https:\/\/neocarbone.com\/de\/product\/most-paranak-3-ermes\/","title":{"rendered":"Most Paranak 3 Ermes"},"content":{"rendered":"<p>Blocks Hard\/3<\/p>\n<p>Ein paar Bl\u00f6cke f\u00fcr Wechselrichtersysteme, die sich \u00f6ffnen, leicht sind, die Riemenscheibe ist aus Derlin, die Teile sind lasergeschnitten, die Verbindung erfolgt durch Gewindeeins\u00e4tze unter Druck.<\/p>\n<ul>\n<li>Ref: 0023.00 \u2013 Measure Pom c Riemenscheibe D18xH5<\/li>\n<li>Ref: 01 \u2013 Messriemenscheibe mit Keramiklager D22xH5<\/li>\n<\/ul>","protected":false},"excerpt":{"rendered":"<p>Blocks Hard\/3 A couple of blocks for inverter systems, that open, light, the pulley is in Derlin, the parts cut by laser, coupled by threaded inserts pressure. Ref : 0023.00 &#8211; Measure Pom c\u00a0 Pulley D18xH5 Ref : 01 &#8211; Measure Pulley with Ceramic Bearing D22xH5<\/p>","protected":false},"featured_media":225413,"template":"","meta":{"_et_pb_use_builder":"","_et_pb_old_content":"","_et_gb_content_width":""},"product_brand":[],"product_cat":[74,54],"product_tag":[],"class_list":{"0":"post-225409","1":"product","2":"type-product","3":"status-publish","4":"has-post-thumbnail","6":"product_cat-nc-samogradnja","7":"product_cat-novi-proizvodi","9":"first","10":"instock","11":"shipping-taxable","12":"purchasable","13":"product-type-variable"},"_links":{"self":[{"href":"https:\/\/neocarbone.com\/de\/wp-json\/wp\/v2\/product\/225409","targetHints":{"allow":["GET"]}}],"collection":[{"href":"https:\/\/neocarbone.com\/de\/wp-json\/wp\/v2\/product"}],"about":[{"href":"https:\/\/neocarbone.com\/de\/wp-json\/wp\/v2\/types\/product"}],"wp:featuredmedia":[{"embeddable":true,"href":"https:\/\/neocarbone.com\/de\/wp-json\/wp\/v2\/media\/225413"}],"wp:attachment":[{"href":"https:\/\/neocarbone.com\/de\/wp-json\/wp\/v2\/media?parent=225409"}],"wp:term":[{"taxonomy":"product_brand","embeddable":true,"href":"https:\/\/neocarbone.com\/de\/wp-json\/wp\/v2\/product_brand?post=225409"},{"taxonomy":"product_cat","embeddable":true,"href":"https:\/\/neocarbone.com\/de\/wp-json\/wp\/v2\/product_cat?post=225409"},{"taxonomy":"product_tag","embeddable":true,"href":"https:\/\/neocarbone.com\/de\/wp-json\/wp\/v2\/product_tag?post=225409"}],"curies":[{"name":"wp","href":"https:\/\/api.w.org\/{rel}","templated":true}]}}