{"id":225475,"date":"2025-03-28T18:57:11","date_gmt":"2025-03-28T16:57:11","guid":{"rendered":"https:\/\/neocarbone.com\/?post_type=product&#038;p=225475"},"modified":"2025-04-20T15:30:28","modified_gmt":"2025-04-20T13:30:28","slug":"bova-torba-vodootporna","status":"publish","type":"product","link":"https:\/\/neocarbone.com\/de\/product\/bova-torba-vodootporna\/","title":{"rendered":"Bova Tauchbeutel - wasserdicht"},"content":{"rendered":"<p><strong>Wasserdichter Bojensack<\/strong><\/p>\n<p>Diese wasserdichte Boje mit ihren 2 Befestigungspunkten am Boden erm\u00f6glicht es Ihnen, Ihre kleinen Gegenst\u00e4nde trocken zu halten und Ihre Ausr\u00fcstung zu transportieren.<br \/>\nDer innere wasserdichte Beutel befindet sich zwischen zwei Auftriebsblasen.<br \/>\nEs verf\u00fcgt au\u00dferdem \u00fcber einen speziellen Schultergurt zum Schwimmen.<\/p>\n<p>Au\u00dfenbezug aus Nylon\/Innenbezug aus PVC.<\/p>\n<p>Lieferung inklusive Mast und Flagge.<\/p>\n<p>Bojenabmessungen: 70 x 42 x 30 cm<\/p>\n<p>REF: B705<\/p>\n<p>\u2014\u2014\u2014\u2014\u2014\u2014\u2014\u2014\u2014\u2014\u2013<\/p>\n<p><strong>Buee sac \u00e9tanche<\/strong><\/p>\n<p>Mit diesem Beutel k\u00f6nnen Sie Ihre kleinen Gegenst\u00e4nde in Sekundenschnelle einlagern und aufbewahren. Au\u00dferdem k\u00f6nnen Sie Ihr Material nur mit 2 Befestigungspunkten auf der Unterw\u00e4sche transportieren.<br \/>\nDer Innenauslass befindet sich zwischen zwei Schwimmbecken.<br \/>\nSie ist auch f\u00fcr die Praxis der Geburt ein besonderes Schmuckst\u00fcck.<\/p>\n<p>Au\u00dfenseite aus Nylon\/Innenh\u00fclle aus PVC.<\/p>\n<p>Buch mit Tisch und Pavillon.<\/p>\n<p>Ma\u00dfe der Bou\u00e9e: 70 x 42 x 30 cm<\/p>\n<p>REF: B705<\/p>","protected":false},"excerpt":{"rendered":"<p><strong>Wasserdichter Bojensack<\/strong><\/p>\n<p>Diese wasserdichte Boje mit ihren 2 Befestigungspunkten am Boden erm\u00f6glicht es Ihnen, Ihre kleinen Gegenst\u00e4nde trocken zu halten und Ihre Ausr\u00fcstung zu transportieren.<br \/>\nDer innere wasserdichte Beutel befindet sich zwischen zwei Auftriebsblasen.<br \/>\nEs verf\u00fcgt au\u00dferdem \u00fcber einen speziellen Schultergurt zum Schwimmen.<\/p>\n<ul>\n<li>Au\u00dfenbezug aus Nylon\/Innenbezug aus PVC.<\/li>\n<li>Lieferung inklusive Mast und Flagge.<\/li>\n<li>Bojenabmessungen: 70 x 42 x 30 cm<\/li>\n<\/ul>\n<p>REF: B705<\/p>\n<p><strong>Buee sac \u00e9tanche<\/strong><\/p>\n<p>Mit diesem Beutel k\u00f6nnen Sie Ihre kleinen Gegenst\u00e4nde in Sekundenschnelle einlagern und aufbewahren. Au\u00dferdem k\u00f6nnen Sie Ihr Material nur mit 2 Befestigungspunkten auf der Unterw\u00e4sche transportieren.<br \/>\nDer Innenauslass befindet sich zwischen zwei Schwimmbecken.<br \/>\nSie ist auch f\u00fcr die Praxis der Geburt ein besonderes Schmuckst\u00fcck.<\/p>\n<ul>\n<li>Au\u00dfenseite aus Nylon\/Innenh\u00fclle aus PVC.<\/li>\n<li>Buch mit Tisch und Pavillon.<\/li>\n<li>Ma\u00dfe der Bou\u00e9e: 70 x 42 x 30 cm<\/li>\n<\/ul>\n<p>REF: B705<\/p>\n<p>&nbsp;<\/p>","protected":false},"featured_media":225476,"template":"","meta":{"_et_pb_use_builder":"","_et_pb_old_content":"","_et_gb_content_width":""},"product_brand":[],"product_cat":[161,54,82],"product_tag":[],"class_list":{"0":"post-225475","1":"product","2":"type-product","3":"status-publish","4":"has-post-thumbnail","6":"product_cat-imersion","7":"product_cat-novi-proizvodi","8":"product_cat-plutace-i-pribor","10":"first","11":"instock","12":"shipping-taxable","13":"purchasable","14":"product-type-simple"},"_links":{"self":[{"href":"https:\/\/neocarbone.com\/de\/wp-json\/wp\/v2\/product\/225475","targetHints":{"allow":["GET"]}}],"collection":[{"href":"https:\/\/neocarbone.com\/de\/wp-json\/wp\/v2\/product"}],"about":[{"href":"https:\/\/neocarbone.com\/de\/wp-json\/wp\/v2\/types\/product"}],"wp:featuredmedia":[{"embeddable":true,"href":"https:\/\/neocarbone.com\/de\/wp-json\/wp\/v2\/media\/225476"}],"wp:attachment":[{"href":"https:\/\/neocarbone.com\/de\/wp-json\/wp\/v2\/media?parent=225475"}],"wp:term":[{"taxonomy":"product_brand","embeddable":true,"href":"https:\/\/neocarbone.com\/de\/wp-json\/wp\/v2\/product_brand?post=225475"},{"taxonomy":"product_cat","embeddable":true,"href":"https:\/\/neocarbone.com\/de\/wp-json\/wp\/v2\/product_cat?post=225475"},{"taxonomy":"product_tag","embeddable":true,"href":"https:\/\/neocarbone.com\/de\/wp-json\/wp\/v2\/product_tag?post=225475"}],"curies":[{"name":"wp","href":"https:\/\/api.w.org\/{rel}","templated":true}]}}