{"id":225481,"date":"2025-03-29T15:52:36","date_gmt":"2025-03-29T13:52:36","guid":{"rendered":"https:\/\/neocarbone.com\/?post_type=product&#038;p=225481"},"modified":"2025-04-20T15:28:44","modified_gmt":"2025-04-20T13:28:44","slug":"bova-s-mrezom","status":"publish","type":"product","link":"https:\/\/neocarbone.com\/de\/product\/bova-s-mrezom\/","title":{"rendered":"Boje mit Netz \u2013 Eintauchen"},"content":{"rendered":"<pre><strong>Netzboje<\/strong>\r\n\r\nDie doppelt umwickelte Netzboje besitzt ein gro\u00dfes Netz f\u00fcr Krustentiere und Fische. Sie wird Ihnen auf Ihren Reisen helfen, Ihre Ausr\u00fcstung zu transportieren und sich dank ihres Fetts selbst zu signalisieren.<\/pre>\n<ul>\n<li>\n<pre>Au\u00dfenbezug aus Nylon\/Innenbezug aus PVC.<\/pre>\n<\/li>\n<li>\n<pre>Lieferung inklusive 50 cm Mast und Flagge.<\/pre>\n<\/li>\n<li>\n<pre>Bojenabmessungen: 80 x 60 cm<\/pre>\n<\/li>\n<li>\n<pre>Nettol\u00e4nge: 1 m<\/pre>\n<\/li>\n<\/ul>\n<pre>-----------------------------\r\n\r\n<strong>Bojennetz<\/strong>\r\n\r\nDas Filet in doppelter Umh\u00fcllung br\u00fchen, ein gro\u00dfes Filet mit Krustentieren und Giften darin aufbewahren. Sie helfen Ihnen bei Ihren Eins\u00e4tzen, transportieren Ihr Material und signalisieren Gnade an Ihr Material.<\/pre>\n<ul>\n<li>\n<pre>Au\u00dfenseite aus Nylon\/Innenh\u00fclle aus PVC.<\/pre>\n<\/li>\n<li>\n<pre>Buch mit einer Gr\u00f6\u00dfe von 50 cm und einem Pavillon.<\/pre>\n<\/li>\n<li>\n<pre>Abmessungen der Bou\u00e9e: 80 x 60 cm<\/pre>\n<\/li>\n<li>\n<pre>Nettol\u00e4nge: 1 m<\/pre>\n<\/li>\n<\/ul>","protected":false},"excerpt":{"rendered":"<p><strong>Netzboje<\/strong><\/p>\n<p>Die doppelt umwickelte Netzboje verf\u00fcgt \u00fcber ein gro\u00dfes Netz f\u00fcr Krustentiere und Fische.<br \/>\nEs wird Ihnen auf Ihren Reisen helfen, Ihre Ausr\u00fcstung zu transportieren und dank seines Fetts auf sich aufmerksam zu machen.<\/p>\n<ul>\n<li>Au\u00dfenbezug aus Nylon\/Innenbezug aus PVC.<\/li>\n<li>Lieferung inklusive 50 cm Mast und Flagge.<\/li>\n<li>Bojenabmessungen: 80 x 60 cm<\/li>\n<li>Nettol\u00e4nge: 1 m<\/li>\n<\/ul>\n<p>&nbsp;<\/p>\n<p><strong>Buee sac \u00e9tanche<\/strong><\/p>\n<p>Mit diesem Beutel k\u00f6nnen Sie Ihre kleinen Gegenst\u00e4nde in Sekundenschnelle einlagern und aufbewahren. Au\u00dferdem k\u00f6nnen Sie Ihr Material nur mit 2 Befestigungspunkten auf der Unterw\u00e4sche transportieren.<br \/>\nDer Innenauslass befindet sich zwischen zwei Schwimmbecken.<br \/>\nSie ist auch f\u00fcr die Praxis der Geburt ein besonderes Schmuckst\u00fcck.<\/p>\n<ul>\n<li>Au\u00dfenseite aus Nylon\/Innenh\u00fclle aus PVC.<\/li>\n<li>Buch mit Tisch und Pavillon.<\/li>\n<li>Ma\u00dfe der Bou\u00e9e: 70 x 42 x 30 cm<\/li>\n<\/ul>\n<p>REF: B705<\/p>","protected":false},"featured_media":225482,"template":"","meta":{"_et_pb_use_builder":"","_et_pb_old_content":"","_et_gb_content_width":""},"product_brand":[],"product_cat":[161,54,82],"product_tag":[],"class_list":{"0":"post-225481","1":"product","2":"type-product","3":"status-publish","4":"has-post-thumbnail","6":"product_cat-imersion","7":"product_cat-novi-proizvodi","8":"product_cat-plutace-i-pribor","10":"first","11":"instock","12":"shipping-taxable","13":"purchasable","14":"product-type-simple"},"_links":{"self":[{"href":"https:\/\/neocarbone.com\/de\/wp-json\/wp\/v2\/product\/225481","targetHints":{"allow":["GET"]}}],"collection":[{"href":"https:\/\/neocarbone.com\/de\/wp-json\/wp\/v2\/product"}],"about":[{"href":"https:\/\/neocarbone.com\/de\/wp-json\/wp\/v2\/types\/product"}],"wp:featuredmedia":[{"embeddable":true,"href":"https:\/\/neocarbone.com\/de\/wp-json\/wp\/v2\/media\/225482"}],"wp:attachment":[{"href":"https:\/\/neocarbone.com\/de\/wp-json\/wp\/v2\/media?parent=225481"}],"wp:term":[{"taxonomy":"product_brand","embeddable":true,"href":"https:\/\/neocarbone.com\/de\/wp-json\/wp\/v2\/product_brand?post=225481"},{"taxonomy":"product_cat","embeddable":true,"href":"https:\/\/neocarbone.com\/de\/wp-json\/wp\/v2\/product_cat?post=225481"},{"taxonomy":"product_tag","embeddable":true,"href":"https:\/\/neocarbone.com\/de\/wp-json\/wp\/v2\/product_tag?post=225481"}],"curies":[{"name":"wp","href":"https:\/\/api.w.org\/{rel}","templated":true}]}}