{"id":225496,"date":"2025-03-29T16:12:03","date_gmt":"2025-03-29T14:12:03","guid":{"rendered":"https:\/\/neocarbone.com\/?post_type=product&#038;p=225496"},"modified":"2026-02-28T00:08:11","modified_gmt":"2026-02-27T22:08:11","slug":"peraje-imersion-e-carbone-essentiel-75cm-list","status":"publish","type":"product","link":"https:\/\/neocarbone.com\/de\/product\/peraje-imersion-e-carbone-essentiel-75cm-list\/","title":{"rendered":"Flossen Imersion E-Carbone Essentiel \u2013 75 cm Blatt"},"content":{"rendered":"<pre><strong>ESSENTIAL CARBON FINS 75 cm<\/strong>\r\n\r\nDie CARBONE ESSENTIEL Vollfu\u00dfflosse ist effizient und f\u00fcr die meisten Angler geeignet. Sie ist leicht, flexibel und sehr komfortabel. Empfohlen f\u00fcr alle Wassertiefen. Dank ihres geringen Gewichts sp\u00fcrt man sie kaum. Eigenschaften:<\/pre>\n<ul>\n<li>\n<pre>Schr\u00e4ges Segel aus hochmodularem Carbongewebe, eine bewusst schlichte Verarbeitung und eine so weit wie m\u00f6glich rationalisierte Produktion machen es zur 4x4-Finne f\u00fcr Angler in jedem Gel\u00e4nde.<\/pre>\n<\/li>\n<li>\n<pre>Leitfaden und Schutzprofil.<\/pre>\n<\/li>\n<li>\n<pre>Nicht abnehmbares Segel.<\/pre>\n<\/li>\n<li>\n<pre>Farbe: Schwarzes Segel und Schuh.<\/pre>\n<\/li>\n<li>\n<pre>Segelfl\u00e4che: 75 cm.<\/pre>\n<\/li>\n<\/ul>\n<pre>\r\n-----------------------------\r\n<strong>PALMES CARBONE ESSENTIEL 75 cm<\/strong>\r\n\r\nDas La Palme CARBONE ESSENTIEL-Chaussante ist ein leistungsstarkes und zug\u00e4ngliches Produkt von \u00fcberragender Qualit\u00e4t. L\u00e9g\u00e8re et supple, es ist sehr komfortabel. Sie wird allen Profis empfohlen. Sie m\u00fcssen wissen, dass das Ger\u00e4t nicht mehr gesendet wird. Merkmale:<\/pre>\n<ul>\n<li>\n<pre>Ausgepackt, in einem Modul aus Kohlenstoff-Hautgewebe, einer freiwilligen (oder freiwilligen) Grundausstattung und einer rationalisierten Produktion im Freien, in der Handfl\u00e4che 4X4 des P\u00eacheur-Tout-Terrains.<\/pre>\n<\/li>\n<li>\n<pre>F\u00fchrungs- und Schutzprofil.<\/pre>\n<\/li>\n<li>\n<pre>Nicht abnehmbares Verdeck.<\/pre>\n<\/li>\n<li>\n<pre>Farbe: Voilure et Chausson Noirs.<\/pre>\n<\/li>\n<li>\n<pre>Segel: 75 cm.<\/pre>\n<\/li>\n<\/ul>","protected":false},"excerpt":{"rendered":"<p><strong>ESSENTIAL CARBON FINS 75 cm<\/strong><\/p>\n<p>Der\u00a0<strong>KOHLENSTOFFESSENTIAL<\/strong>\u00a0Die Ganzfu\u00dfflosse ist effizient und f\u00fcr die meisten Menschen zug\u00e4nglich.<br \/>\nLeicht und flexibel, daher sehr komfortabel. Es ist f\u00fcr alle Wassertiefen geeignet.<br \/>\nDurch sein geringes Gewicht sp\u00fcrt man es kaum.<\/p>\n<p>Merkmale:<\/p>\n<ul>\n<li>Schr\u00e4ges Segel aus hochmodularem Carbongewebe, eine bewusst schlichte Verarbeitung und eine so weit wie m\u00f6glich rationalisierte Produktion machen es zur 4x4-Finne f\u00fcr Angler in jedem Gel\u00e4nde.<\/li>\n<li>Leitfaden und Schutzprofil.<\/li>\n<li>Nicht abnehmbares Segel.<\/li>\n<li>Farbe: Schwarzes Segel und Schuh.<\/li>\n<li>Segelfl\u00e4che: 75 cm.<\/li>\n<\/ul>\n<p>&nbsp;<\/p>\n<p><strong>PALMES CARBONE ESSENTIEL 75 cm<\/strong><\/p>\n<p>La Palma\u00a0<strong>KOHLENSTOFFESSENTIAL\u00a0<\/strong>Das Chaussante ist leistungsstark und zug\u00e4nglich und bietet eine gro\u00dfe Anzahl.<br \/>\nL\u00e9g\u00e8re et supple, es ist sehr komfortabel. Sie wird allen Profis empfohlen.<br \/>\nSie m\u00fcssen wissen, dass das Ger\u00e4t nicht mehr gesendet wird.<\/p>\n<p>Merkmale:<\/p>\n<ul>\n<li>Ausgepackt, in einem Modul aus Kohlenstoff-Hautgewebe, einer freiwilligen (oder freiwilligen) Grundausstattung und einer rationalisierten Produktion im Freien, in der Handfl\u00e4che 4X4 des P\u00eacheur-Tout-Terrains.<\/li>\n<li>F\u00fchrungs- und Schutzprofil.<\/li>\n<li>Nicht abnehmbares Verdeck.<\/li>\n<li>Farbe: Voilure et Chausson Noirs.<\/li>\n<li>Segel: 75 cm.<\/li>\n<\/ul>","protected":false},"featured_media":225504,"template":"","meta":{"_et_pb_use_builder":"off","_et_pb_old_content":"","_et_gb_content_width":""},"product_brand":[],"product_cat":[161,54,110],"product_tag":[],"class_list":{"0":"post-225496","1":"product","2":"type-product","3":"status-publish","4":"has-post-thumbnail","6":"product_cat-imersion","7":"product_cat-novi-proizvodi","8":"product_cat-peraje","10":"first","11":"instock","12":"shipping-taxable","13":"purchasable","14":"product-type-variable"},"_links":{"self":[{"href":"https:\/\/neocarbone.com\/de\/wp-json\/wp\/v2\/product\/225496","targetHints":{"allow":["GET"]}}],"collection":[{"href":"https:\/\/neocarbone.com\/de\/wp-json\/wp\/v2\/product"}],"about":[{"href":"https:\/\/neocarbone.com\/de\/wp-json\/wp\/v2\/types\/product"}],"wp:featuredmedia":[{"embeddable":true,"href":"https:\/\/neocarbone.com\/de\/wp-json\/wp\/v2\/media\/225504"}],"wp:attachment":[{"href":"https:\/\/neocarbone.com\/de\/wp-json\/wp\/v2\/media?parent=225496"}],"wp:term":[{"taxonomy":"product_brand","embeddable":true,"href":"https:\/\/neocarbone.com\/de\/wp-json\/wp\/v2\/product_brand?post=225496"},{"taxonomy":"product_cat","embeddable":true,"href":"https:\/\/neocarbone.com\/de\/wp-json\/wp\/v2\/product_cat?post=225496"},{"taxonomy":"product_tag","embeddable":true,"href":"https:\/\/neocarbone.com\/de\/wp-json\/wp\/v2\/product_tag?post=225496"}],"curies":[{"name":"wp","href":"https:\/\/api.w.org\/{rel}","templated":true}]}}