{"id":225516,"date":"2025-03-29T16:41:26","date_gmt":"2025-03-29T14:41:26","guid":{"rendered":"https:\/\/neocarbone.com\/?post_type=product&#038;p=225516"},"modified":"2025-04-20T15:37:28","modified_gmt":"2025-04-20T13:37:28","slug":"peraje-imersion-challenger-pro-78cm-list","status":"publish","type":"product","link":"https:\/\/neocarbone.com\/de\/product\/peraje-imersion-challenger-pro-78cm-list\/","title":{"rendered":"Peraje Imersion Challenger PRO &#8211; 78cm list"},"content":{"rendered":"<pre><strong>CHALLENGER PRO FINS<\/strong>\r\n\r\nThis IMERSION\u00a0CHALLENGER PRO\u00a0full-foot fin is designed for versatile use.\r\nIt will satisfy all user profiles.\r\nIt is also a good product for beginners in underwater fishing.\r\n\r\nBlade: 78 cm.\r\nLiner material: SEBS55sh.\r\nBlade material: Technopolymer.\r\nColor: Black Liner \/ Grey Blade.\r\nFull foot fin.\r\n---------------------\r\n<strong>PALMES CHALLENGER PRO<\/strong>\r\n\r\nCette palme IMERSION\u00a0CHALLENGER PRO\u00a0chaussante, est con\u00e7ue pour un usage polyvalent.\r\nElle satisfera tous les profils d\u2019utilisateurs.\r\nC\u2019est \u00e9galement un bon produit pour d\u00e9buter la p\u00eache sous- marine.\r\n\r\nVoilure : 78 cm.\r\nMati\u00e8re chausson : SEBS55sh.\r\nMati\u00e8re voilure : Technopolym\u00e8re.\r\nCouleur : Chausson Noir \/ Voilure Grise.\r\nPalme chaussante.\r\n\r\n<\/pre>","protected":false},"excerpt":{"rendered":"<p><strong>CHALLENGER PRO FINS<\/strong><\/p>\n<p>This IMERSION\u00a0<strong>CHALLENGER PRO<\/strong>\u00a0full-foot fin is designed for versatile use.<br \/>\nIt will satisfy all user profiles.<br \/>\nIt is also a good product for beginners in underwater fishing.<\/p>\n<p>Blade: 78 cm.<br \/>\nLiner material: SEBS55sh.<br \/>\nBlade material: Technopolymer.<br \/>\nColor: Black Liner \/ Grey Blade.<br \/>\nFull foot fin.<\/p>\n<p><strong>PALMES CHALLENGER PRO<\/strong><\/p>\n<p>Cette palme IMERSION\u00a0<strong>CHALLENGER PRO<\/strong>\u00a0chaussante, est con\u00e7ue pour un usage polyvalent.<br \/>\nElle satisfera tous les profils d\u2019utilisateurs.<br \/>\nC\u2019est \u00e9galement un bon produit pour d\u00e9buter la p\u00eache sous- marine.<\/p>\n<p>Voilure : 78 cm.<br \/>\nMati\u00e8re chausson : SEBS55sh.<br \/>\nMati\u00e8re voilure : Technopolym\u00e8re.<br \/>\nCouleur : Chausson Noir \/ Voilure Grise.<br \/>\nPalme chaussante.<\/p>\n<p><strong>CHALLENGER PRO FINS<\/strong><\/p>\n<p>This IMERSION\u00a0<strong>CHALLENGER PRO<\/strong>\u00a0full-foot fin is designed for versatile use.<br \/>\nIt will satisfy all user profiles.<br \/>\nIt is also a good product for beginners in underwater fishing.<\/p>\n<p>Blade: 78 cm.<br \/>\nLiner material: SEBS55sh.<br \/>\nBlade material: Technopolymer.<br \/>\nColor: Black Liner \/ Grey Blade.<br \/>\nFull foot fin.<\/p>","protected":false},"featured_media":225520,"template":"","meta":{"_et_pb_use_builder":"off","_et_pb_old_content":"","_et_gb_content_width":""},"product_brand":[],"product_cat":[161,54,110],"product_tag":[],"class_list":{"0":"post-225516","1":"product","2":"type-product","3":"status-publish","4":"has-post-thumbnail","6":"product_cat-imersion","7":"product_cat-novi-proizvodi","8":"product_cat-peraje","10":"first","11":"instock","12":"shipping-taxable","13":"purchasable","14":"product-type-variable"},"_links":{"self":[{"href":"https:\/\/neocarbone.com\/de\/wp-json\/wp\/v2\/product\/225516","targetHints":{"allow":["GET"]}}],"collection":[{"href":"https:\/\/neocarbone.com\/de\/wp-json\/wp\/v2\/product"}],"about":[{"href":"https:\/\/neocarbone.com\/de\/wp-json\/wp\/v2\/types\/product"}],"wp:featuredmedia":[{"embeddable":true,"href":"https:\/\/neocarbone.com\/de\/wp-json\/wp\/v2\/media\/225520"}],"wp:attachment":[{"href":"https:\/\/neocarbone.com\/de\/wp-json\/wp\/v2\/media?parent=225516"}],"wp:term":[{"taxonomy":"product_brand","embeddable":true,"href":"https:\/\/neocarbone.com\/de\/wp-json\/wp\/v2\/product_brand?post=225516"},{"taxonomy":"product_cat","embeddable":true,"href":"https:\/\/neocarbone.com\/de\/wp-json\/wp\/v2\/product_cat?post=225516"},{"taxonomy":"product_tag","embeddable":true,"href":"https:\/\/neocarbone.com\/de\/wp-json\/wp\/v2\/product_tag?post=225516"}],"curies":[{"name":"wp","href":"https:\/\/api.w.org\/{rel}","templated":true}]}}