{"id":225640,"date":"2025-04-20T15:04:03","date_gmt":"2025-04-20T13:04:03","guid":{"rendered":"https:\/\/neocarbone.com\/?post_type=product&#038;p=225640"},"modified":"2025-04-20T15:06:25","modified_gmt":"2025-04-20T13:06:25","slug":"osti-5-zubi-imersion","status":"publish","type":"product","link":"https:\/\/neocarbone.com\/de\/product\/osti-5-zubi-imersion\/","title":{"rendered":"5 Z\u00e4hne - Eintauchen"},"content":{"rendered":"<p><strong>Dreizack aus Kunststoff, 5 lange Spitzen<\/strong><\/p>\n<p>Dreizack aus Kunststoff mit 5 langen Spitzen, zum Aufschrauben.<\/p>\n<p>Dieser f\u00fcnfzackige, lange Kunststoffdreizack wird auf einen Pfeil mit 7 x 100 Gewinde geschraubt. Er wurde f\u00fcr die Pfeile erfahrener Unterwasserfischer entwickelt und erh\u00f6ht Ihre Fangchancen beim Angeln in L\u00f6chern.<\/p>\n<p>Es beinhaltet:<\/p>\n<p>Ein Adapter, mit dem man es an einem Pfeil mit einem 6 x 100 Gewinde befestigen kann.<\/p>\n<p>Hergestellt aus schlagfestem Polypropylen und rostfreiem Edelstahl Z30C13.<\/p>\n<p>Farbe: Schwarz.<\/p>\n<p>Gr\u00f6\u00dfe: 16 cm.<\/p>\n<p>Zur Wartung sollte das Gewinde des Pfeils eingefettet werden, um die Montage und Demontage zu erleichtern.<\/p>\n<p><strong>\u2014\u2014\u2014\u2014\u2014\u2014\u2014\u2014\u2014\u2014\u2014\u2014\u2014\u2014\u2014\u2014\u2014\u2014\u2014-<\/strong><\/p>\n<p><strong>Trident plastique 5 pointes longues<\/strong><\/p>\n<p>Trident Plastique 5 Spitzen lang, sichtbar.<\/p>\n<p>Dieser dreizackige Kunststoff mit einer L\u00e4nge von 5 Spitzen l\u00e4sst sich auf einen 7 x 100 Filetfisch blicken. Er wurde sorgf\u00e4ltig ausgearbeitet, um die Seefischfangpfeile auszur\u00fcsten, die best\u00e4tigt wurden. Dadurch k\u00f6nnen Sie Ihre Gewinnchancen erh\u00f6hen, und zwar auf jeden Fall.<\/p>\n<p>Es beinhaltet:<\/p>\n<p>Ein Adapter, der die Montage an einer 6 x 100 fl\u00e8che au filletage erm\u00f6glicht.<\/p>\n<p>Hergestellt aus Polypropylen-Schokolade und Edelstahl Z30C13 (oxidierbar).<\/p>\n<p>Farbe: Schwarz.<\/p>\n<p>Gr\u00f6\u00dfe: 16 cm.<\/p>\n<p>Denken Sie beim Einsetzen daran, die Fl\u00fcgelfeile zu vergr\u00f6\u00dfern, um die Montage und Demontage zu erleichtern.<\/p>","protected":false},"excerpt":{"rendered":"<p>Plastic Trident 5 long points Plastic trident with 5 long points, screw-on. This 5-point long plastic trident screws onto a 7 x 100 threaded arrow. It was designed to equip the arrows of experienced underwater fishermen. It will allow you to increase your chances of catching when fishing in holes. It comes with: An adapter [&hellip;]<\/p>\n","protected":false},"featured_media":225641,"template":"","meta":{"_et_pb_use_builder":"","_et_pb_old_content":"","_et_gb_content_width":""},"product_brand":[],"product_cat":[161,54,160,53],"product_tag":[],"class_list":{"0":"post-225640","1":"product","2":"type-product","3":"status-publish","4":"has-post-thumbnail","6":"product_cat-imersion","7":"product_cat-novi-proizvodi","8":"product_cat-podvodne-puske-zrak-podvodne-puske","9":"product_cat-razni-dodaci","11":"first","12":"instock","13":"shipping-taxable","14":"purchasable","15":"product-type-simple"},"_links":{"self":[{"href":"https:\/\/neocarbone.com\/de\/wp-json\/wp\/v2\/product\/225640","targetHints":{"allow":["GET"]}}],"collection":[{"href":"https:\/\/neocarbone.com\/de\/wp-json\/wp\/v2\/product"}],"about":[{"href":"https:\/\/neocarbone.com\/de\/wp-json\/wp\/v2\/types\/product"}],"wp:featuredmedia":[{"embeddable":true,"href":"https:\/\/neocarbone.com\/de\/wp-json\/wp\/v2\/media\/225641"}],"wp:attachment":[{"href":"https:\/\/neocarbone.com\/de\/wp-json\/wp\/v2\/media?parent=225640"}],"wp:term":[{"taxonomy":"product_brand","embeddable":true,"href":"https:\/\/neocarbone.com\/de\/wp-json\/wp\/v2\/product_brand?post=225640"},{"taxonomy":"product_cat","embeddable":true,"href":"https:\/\/neocarbone.com\/de\/wp-json\/wp\/v2\/product_cat?post=225640"},{"taxonomy":"product_tag","embeddable":true,"href":"https:\/\/neocarbone.com\/de\/wp-json\/wp\/v2\/product_tag?post=225640"}],"curies":[{"name":"wp","href":"https:\/\/api.w.org\/{rel}","templated":true}]}}