{"id":225660,"date":"2025-04-22T09:29:23","date_gmt":"2025-04-22T07:29:23","guid":{"rendered":"https:\/\/neocarbone.com\/?post_type=product&#038;p=225660"},"modified":"2026-03-20T12:28:18","modified_gmt":"2026-03-20T10:28:18","slug":"utezi-za-noge-epsealon","status":"publish","type":"product","link":"https:\/\/neocarbone.com\/de\/product\/utezi-za-noge-epsealon\/","title":{"rendered":"Beingewichte \u2013 Epsealon"},"content":{"rendered":"<pre><strong>Weiche Kn\u00f6chelgewichte 2x500 g<\/strong>\r\n\r\nDiese weichen Neopren-Fu\u00dfgelenkgewichte wurden entwickelt, um die Beine von Unterwasseranglern zu beschweren. Ihre Beine bleiben so in Richtung Meeresgrund gedr\u00fcckt. Mit Schnellverschluss und verstellbarem Riemen. Paarweise erh\u00e4ltlich. Gewicht pro Gewicht: 500 g\r\n\r\n<strong>Lest de Cheville-Suppe 2x500 g<\/strong>\r\n\r\nDieses Paar von Cheville-Suppen in Neopren, es ist eingebildet, um die Jambes du P\u00eacheur Sous-Marin zu genie\u00dfen. Ihre G\u00e4ste bleiben im Verborgenen. Schneller Halteclip und verstellbarer B\u00fcgel. Ich verkaufe ein Paar. Gewicht: 500 g<\/pre>\n<p>&nbsp;<\/p>","protected":false},"excerpt":{"rendered":"<p>Soft ankle weight 2&#215;500 g This pair of soft neoprene ankle weights is designed to weigh down the legs of the underwater fisherman. Your legs will remain held towards the bottom. Quick-release clip and adjustable strap. Sold in pairs. Weight of a ballast: 500 g &#8212;&#8212;&#8212;&#8212;&#8212;&#8212;&#8212;&#8212;&#8212;&#8212;&#8212;&#8211; Lest de cheville souple 2&#215;500 g Cette paire de [&hellip;]<\/p>\n","protected":false},"featured_media":225678,"template":"","meta":{"_et_pb_use_builder":"","_et_pb_old_content":"","_et_gb_content_width":""},"product_brand":[],"product_cat":[161,162,163],"product_tag":[],"class_list":{"0":"post-225660","1":"product","2":"type-product","3":"status-publish","4":"has-post-thumbnail","6":"product_cat-imersion","7":"product_cat-utezi","8":"product_cat-za-noge","10":"first","11":"instock","12":"shipping-taxable","13":"purchasable","14":"product-type-simple"},"_links":{"self":[{"href":"https:\/\/neocarbone.com\/de\/wp-json\/wp\/v2\/product\/225660","targetHints":{"allow":["GET"]}}],"collection":[{"href":"https:\/\/neocarbone.com\/de\/wp-json\/wp\/v2\/product"}],"about":[{"href":"https:\/\/neocarbone.com\/de\/wp-json\/wp\/v2\/types\/product"}],"wp:featuredmedia":[{"embeddable":true,"href":"https:\/\/neocarbone.com\/de\/wp-json\/wp\/v2\/media\/225678"}],"wp:attachment":[{"href":"https:\/\/neocarbone.com\/de\/wp-json\/wp\/v2\/media?parent=225660"}],"wp:term":[{"taxonomy":"product_brand","embeddable":true,"href":"https:\/\/neocarbone.com\/de\/wp-json\/wp\/v2\/product_brand?post=225660"},{"taxonomy":"product_cat","embeddable":true,"href":"https:\/\/neocarbone.com\/de\/wp-json\/wp\/v2\/product_cat?post=225660"},{"taxonomy":"product_tag","embeddable":true,"href":"https:\/\/neocarbone.com\/de\/wp-json\/wp\/v2\/product_tag?post=225660"}],"curies":[{"name":"wp","href":"https:\/\/api.w.org\/{rel}","templated":true}]}}