{"id":225706,"date":"2025-06-11T15:35:41","date_gmt":"2025-06-11T13:35:41","guid":{"rendered":"https:\/\/neocarbone.com\/?post_type=product&#038;p=225706"},"modified":"2026-02-28T00:08:12","modified_gmt":"2026-02-27T22:08:12","slug":"peraje-carbon-3d-baracuda-soft-pescador","status":"publish","type":"product","link":"https:\/\/neocarbone.com\/de\/product\/peraje-carbon-3d-baracuda-soft-pescador\/","title":{"rendered":"Carbon 3D Baracuda Flossen \u2013 Pescador"},"content":{"rendered":"<p><strong>Pescador Sub BARACUDA 3D \u2013 100% Carbon-Flossen<\/strong><\/p>\n<p>Neues und herausragendes Design, das einen jagenden Barrakuda auf dieser neuen, hochreaktiven Carbonflosse zeigt.<\/p>\n<p>Neue Carbon-Finnen aus 100%-Kohlenstofffaser<\/p>\n<p>Diese Flosse mit austauschbarem Carbonblatt ist sehr leicht und extrem effektiv. Sie eignet sich ideal f\u00fcr fortgeschrittenes Freitauchen und Unterwasserfischen in gro\u00dfen Tiefen.<\/p>\n<p>Das Blatt aus richtungsgebundenem Carbon hat ein sich verj\u00fcngendes Profil, um ein besonderes Ma\u00df an Reaktionsf\u00e4higkeit und die Effektivit\u00e4t zu gew\u00e4hrleisten, die nur Verbundfasern erreichen k\u00f6nnen.<\/p>\n<p>Durch die mittlere H\u00e4rte eignet sich diese Flosse f\u00fcr alle Tauchaktivit\u00e4ten, einschlie\u00dflich Tieftauchen.<\/p>\n<p>Aber auch solche mit weicher, mittlerer und harter H\u00e4rte. .<\/p>\n<p>2 Jahre Garantie auf alle PESCADOR SUB Carbonflossen<\/p>\n<p><strong>Palmes Pescador Sub BARACUDA 3D \u2013 100 % Carbon<\/strong><\/p>\n<p>Au\u00dfergew\u00f6hnliches neues Design, in Szene gesetzt von einem Baracuda in der Jagd, auf dieser neuen Palme und ultraaktivem Carbon.<\/p>\n<p>Neue Carbonpalmen 100 % Carbonfasern<\/p>\n<p>Diese austauschbare Schleierhandfl\u00e4che aus Carbon ist \u00e4u\u00dferst leger und \u00e4u\u00dferst leistungsf\u00e4hig. Ideal f\u00fcr einen fortgeschrittenen Tauchgang und einen Unterwasserfisch f\u00fcr gro\u00dfe Profis.<\/p>\n<p>Das direktionale Carbon-Gewebe pr\u00e4sentiert ein Profilbild, um eine au\u00dfergew\u00f6hnliche Reaktivit\u00e4t und Wirksamkeit durch Faserverbundwerkstoffe zu gew\u00e4hrleisten.<\/p>\n<p>Es dauerte so lange, bis diese Palme an alle Aktivit\u00e4ten des Wassersports angepasst war, und umfasste auch die Freizeitaktivit\u00e4ten.<\/p>\n<p>Sie ist auch in kleinen, kleinen und gro\u00dfen L\u00e4den verf\u00fcgbar.<\/p>\n<p>Garantie 2 Jahre auf alle Palmen Carbone PESCADOR SUB<\/p>","protected":false},"excerpt":{"rendered":"<p>Pescador Sub BARACUDA 3D &#8211; 100% Carbon Fins New and super design, showing a Baracuda on the hunt, on this new ultra reactive carbon fin New Carbon Fins 100% Carbon fiber This fin with interchangeable carbon blade is very lightweight and extremely effective. Ideally suited for advanced free diving and underwater fishing at considerable depths. [&hellip;]<\/p>\n","protected":false},"featured_media":225722,"template":"","meta":{"_et_pb_use_builder":"","_et_pb_old_content":"","_et_gb_content_width":""},"product_brand":[],"product_cat":[54,110,170],"product_tag":[],"class_list":{"0":"post-225706","1":"product","2":"type-product","3":"status-publish","4":"has-post-thumbnail","6":"product_cat-novi-proizvodi","7":"product_cat-peraje","8":"product_cat-pescador","10":"first","11":"instock","12":"shipping-taxable","13":"purchasable","14":"product-type-variable"},"_links":{"self":[{"href":"https:\/\/neocarbone.com\/de\/wp-json\/wp\/v2\/product\/225706","targetHints":{"allow":["GET"]}}],"collection":[{"href":"https:\/\/neocarbone.com\/de\/wp-json\/wp\/v2\/product"}],"about":[{"href":"https:\/\/neocarbone.com\/de\/wp-json\/wp\/v2\/types\/product"}],"wp:featuredmedia":[{"embeddable":true,"href":"https:\/\/neocarbone.com\/de\/wp-json\/wp\/v2\/media\/225722"}],"wp:attachment":[{"href":"https:\/\/neocarbone.com\/de\/wp-json\/wp\/v2\/media?parent=225706"}],"wp:term":[{"taxonomy":"product_brand","embeddable":true,"href":"https:\/\/neocarbone.com\/de\/wp-json\/wp\/v2\/product_brand?post=225706"},{"taxonomy":"product_cat","embeddable":true,"href":"https:\/\/neocarbone.com\/de\/wp-json\/wp\/v2\/product_cat?post=225706"},{"taxonomy":"product_tag","embeddable":true,"href":"https:\/\/neocarbone.com\/de\/wp-json\/wp\/v2\/product_tag?post=225706"}],"curies":[{"name":"wp","href":"https:\/\/api.w.org\/{rel}","templated":true}]}}