{"id":225787,"date":"2025-06-11T16:51:47","date_gmt":"2025-06-11T14:51:47","guid":{"rendered":"https:\/\/neocarbone.com\/?post_type=product&#038;p=225787"},"modified":"2025-06-11T16:59:45","modified_gmt":"2025-06-11T14:59:45","slug":"podvodna-puska-ghost-pescador","status":"publish","type":"product","link":"https:\/\/neocarbone.com\/de\/product\/podvodna-puska-ghost-pescador\/","title":{"rendered":"Unterwasserpistole GHOST \u2013 Pescador"},"content":{"rendered":"<p><strong>Speergewehrgeist<\/strong><\/p>\n<p>Aluminiumrohr 28 mm<\/p>\n<p>DOPPELTER PRIMELINES-GUMMIBANDER 16MM<\/p>\n<p>Welle 7 mm<\/p>\n<p>Aluminiumrolle 30 MT oder 50 MT<\/p>\n<p>Gr\u00f6\u00dfen: 82, 90, 100, 110, 120<\/p>\n<p>Bitte reinigen Sie Ihre Ger\u00e4te nach Gebrauch stets sorgf\u00e4ltig mit klarem Wasser. Wir empfehlen Ihnen au\u00dferdem, Ihre Ger\u00e4te trocken und dunkel zu lagern, damit die Gummiteile m\u00f6glichst lange halten.<\/p>\n<p><strong>Geisterarmbrust<\/strong><\/p>\n<p>Aluminiumrohr 28 mm<\/p>\n<p>Doppel-Sandows 16 mm<\/p>\n<p>Arrow 7mm<\/p>\n<p>Moulinet Aluminium 30 m oder 50 m je nach Ankunft<\/p>\n<p>Gr\u00f6\u00dfen: 82, 90, 100, 110, 120<\/p>\n<p>Veuillez wird Ihr Ger\u00e4t nach der Nutzung sofort sauber halten, bis es klar ist. Dar\u00fcber hinaus haben wir darauf geachtet, dass wir den Vorrat in einer Sekunde und d\u00fcster halten, um die Lebensdauer der elastischen Stoffe zu verl\u00e4ngern.<\/p>","protected":false},"excerpt":{"rendered":"<p>Speargun Ghost ALUMINIUM PIPE 28MM DOUBLE PRIMELINES RUBBER BAND 16MM SHAFT\u00a0 7mm ALUMINIUM\u00a0REEL 30 MT OR 50 MT Sizes: 82, 90, 100, 110, 120 Please be sure to always clean your equipment carefully after use, with clean water. Additionally, we advise you to store your equipment in a dry and dark environment so that the [&hellip;]<\/p>\n","protected":false},"featured_media":225771,"template":"","meta":{"_et_pb_use_builder":"","_et_pb_old_content":"","_et_gb_content_width":""},"product_brand":[],"product_cat":[54,170,76,77],"product_tag":[],"class_list":{"0":"post-225787","1":"product","2":"type-product","3":"status-publish","4":"has-post-thumbnail","6":"product_cat-novi-proizvodi","7":"product_cat-pescador","8":"product_cat-podvodne-puske","9":"product_cat-podvodne-puske-aluminijske","11":"first","12":"instock","13":"shipping-taxable","14":"purchasable","15":"product-type-variable"},"_links":{"self":[{"href":"https:\/\/neocarbone.com\/de\/wp-json\/wp\/v2\/product\/225787","targetHints":{"allow":["GET"]}}],"collection":[{"href":"https:\/\/neocarbone.com\/de\/wp-json\/wp\/v2\/product"}],"about":[{"href":"https:\/\/neocarbone.com\/de\/wp-json\/wp\/v2\/types\/product"}],"wp:featuredmedia":[{"embeddable":true,"href":"https:\/\/neocarbone.com\/de\/wp-json\/wp\/v2\/media\/225771"}],"wp:attachment":[{"href":"https:\/\/neocarbone.com\/de\/wp-json\/wp\/v2\/media?parent=225787"}],"wp:term":[{"taxonomy":"product_brand","embeddable":true,"href":"https:\/\/neocarbone.com\/de\/wp-json\/wp\/v2\/product_brand?post=225787"},{"taxonomy":"product_cat","embeddable":true,"href":"https:\/\/neocarbone.com\/de\/wp-json\/wp\/v2\/product_cat?post=225787"},{"taxonomy":"product_tag","embeddable":true,"href":"https:\/\/neocarbone.com\/de\/wp-json\/wp\/v2\/product_tag?post=225787"}],"curies":[{"name":"wp","href":"https:\/\/api.w.org\/{rel}","templated":true}]}}